{"id":16032,"date":"2023-10-27T05:18:57","date_gmt":"2023-10-27T05:18:57","guid":{"rendered":"https:\/\/france-gastronomie.shop\/produit\/gouda-fermier-rosso-cervene-pesto\/"},"modified":"2023-12-04T22:07:28","modified_gmt":"2023-12-04T22:07:28","slug":"gouda-fermier-rosso-cervene-pesto","status":"publish","type":"product","link":"https:\/\/france-gastronomie.shop\/cs\/produit\/gouda-fermier-rosso-cervene-pesto\/","title":{"rendered":"Gouda Fermier Rosso <br\/> \u010cerven\u00e9 Pesto"},"content":{"rendered":"<h5>Gouda Fermier Rosso \u010cerven\u00e9 Pesto<\/h5>\n","protected":false},"excerpt":{"rendered":"<h5>Gouda Fermier Rosso \u010cerven\u00e9 Pesto<\/h5>\n","protected":false},"featured_media":16014,"comment_status":"open","ping_status":"closed","template":"","meta":[],"product_brand":[],"product_cat":[777,642,446],"product_tag":[],"class_list":{"0":"post-16032","1":"product","2":"type-product","3":"status-publish","4":"has-post-thumbnail","6":"product_cat-cerstve-produkty","7":"product_cat-z-kravskeho-mleka","8":"product_cat-syry-cerstve-produkty","10":"first","11":"instock","12":"taxable","13":"shipping-taxable","14":"purchasable","15":"product-type-variable"},"jetpack_sharing_enabled":true,"_links":{"self":[{"href":"https:\/\/france-gastronomie.shop\/cs\/wp-json\/wp\/v2\/product\/16032","targetHints":{"allow":["GET"]}}],"collection":[{"href":"https:\/\/france-gastronomie.shop\/cs\/wp-json\/wp\/v2\/product"}],"about":[{"href":"https:\/\/france-gastronomie.shop\/cs\/wp-json\/wp\/v2\/types\/product"}],"replies":[{"embeddable":true,"href":"https:\/\/france-gastronomie.shop\/cs\/wp-json\/wp\/v2\/comments?post=16032"}],"wp:featuredmedia":[{"embeddable":true,"href":"https:\/\/france-gastronomie.shop\/cs\/wp-json\/wp\/v2\/media\/16014"}],"wp:attachment":[{"href":"https:\/\/france-gastronomie.shop\/cs\/wp-json\/wp\/v2\/media?parent=16032"}],"wp:term":[{"taxonomy":"product_brand","embeddable":true,"href":"https:\/\/france-gastronomie.shop\/cs\/wp-json\/wp\/v2\/product_brand?post=16032"},{"taxonomy":"product_cat","embeddable":true,"href":"https:\/\/france-gastronomie.shop\/cs\/wp-json\/wp\/v2\/product_cat?post=16032"},{"taxonomy":"product_tag","embeddable":true,"href":"https:\/\/france-gastronomie.shop\/cs\/wp-json\/wp\/v2\/product_tag?post=16032"}],"curies":[{"name":"wp","href":"https:\/\/api.w.org\/{rel}","templated":true}]}}