{"id":1594,"date":"2020-08-24T09:35:56","date_gmt":"2020-08-24T09:35:56","guid":{"rendered":"https:\/\/france-gastronomie.shop\/produit\/chateau-du-seuil-bio-ecocert-magnumgraves-bio\/"},"modified":"2024-05-21T11:25:08","modified_gmt":"2024-05-21T11:25:08","slug":"chateau-du-seuil-bio-ecocert-magnumgraves-bio","status":"publish","type":"product","link":"https:\/\/france-gastronomie.shop\/cs\/produit\/chateau-du-seuil-bio-ecocert-magnumgraves-bio\/","title":{"rendered":"Ch\u00e2teau du Seuil <br\/> AOC Graves"},"content":{"rendered":"<h5>Ch\u00e2teau du Seuil Bio Ecocert MAGNUM<\/h5>\n<h5>AOC Graves BIO<\/h5>\n<p>P\u016fvod<br \/>\nCh\u00e2teau Chateau du Seuil spravuj\u00ed Sean a Nicola Allisonovi podle tradic, kter\u00e9 zavedli rodi\u010de Nicoly Bob a Sue. Sean a Nicola jsou zapojeni do v\u0161ech aspekt\u016f v\u00fdroby sv\u00fdch v\u00edn po\u010d\u00ednaje p\u011bstov\u00e1n\u00edm r\u00e9vy a kon\u010de st\u00e1\u010den\u00edm do l\u00e1hve. Vynikaj\u00edc\u00ed kvalita je d\u016fkazem jejich odhodl\u00e1n\u00ed, proto\u017ee jsou osobn\u011b zodpov\u011bdn\u00ed za cel\u00fd v\u00fdrobn\u00ed proces. P\u0159es dv\u011b generace bylo nejv\u011bt\u0161\u00ed \u00fasil\u00ed sm\u011b\u0159ov\u00e1no k vylep\u0161en\u00ed vinic, krom\u011b toho byly nejlep\u0161\u00ed metody tradi\u010dn\u00edho vina\u0159stv\u00ed spojeny s modern\u00edmi vina\u0159sk\u00fdmi technologiemi, aby se vyvinul osobit\u00fd styl, kter\u00fd p\u0159eb\u00edr\u00e1 ty nejlep\u0161\u00ed prvky \u201estar\u00e9ho\u201c a \u201enov\u00e9ho\u201c sv\u011btov\u00e9ho vina\u0159stv\u00ed.<\/p>\n<p>Vinifikace<br \/>\nZr\u00e1n\u00ed 18 m\u011bs\u00edc\u016f v sudech z francouzsk\u00e9ho dubu.<\/p>\n<p>Odr\u016fdy<br \/>\nCabernet Sauvignon 55%, Merlot 33%, Cabernet Franc 8%, Petit Verdot 4%<\/p>\n<p>Degustace<br \/>\nKr\u00e1sn\u00e1 tmav\u00e1 rub\u00ednov\u011b \u010derven\u00e1 barva, pr\u016fzra\u010dn\u00e1 a leskl\u00e1. Gurm\u00e1nsk\u00e1 a komplexn\u00ed v\u016fn\u011b sladk\u00e9ho \u010dern\u00e9ho ovoce, umocn\u011bn\u00e1 dob\u0159e integrovan\u00fdmi d\u0159evit\u00fdmi t\u00f3ny. \u017div\u00e1, napjat\u00e1 a velkorys\u00e1 chu\u0165 \u010dern\u00e9ho ovoce (ostru\u017einy a t\u0159e\u0161n\u011b), kter\u00e1 se rozv\u00edj\u00ed sm\u011brem k t\u00f3n\u016fm lan\u00fd\u017ee a lehk\u00e9ho tab\u00e1ku. Po ponech\u00e1n\u00ed v karaf\u011b je rozvoj a z\u00e1v\u011br hust\u00fd a harmonick\u00fd: probud\u00ed chu\u0165ov\u00e9 bu\u0148ky a vyvol\u00e1 \u00fasm\u011bv a velmi up\u0159\u00edmnou emoci.<\/p>\n<p>Doporu\u010den\u00ed<br \/>\nKachn\u00ed prsa, hov\u011bz\u00ed \u017eebro, pernat\u00e1 a srstnat\u00e1 zv\u011b\u0159ina.<\/p>\n<p>Teplota<br \/>\n15\u00b0C \u2013 dekantace 1 hod<br \/>\nDoba uskladn\u011bn\u00ed: 7-8 let<\/p>\n","protected":false},"excerpt":{"rendered":"<h5>AOC Graves BIO<\/h5>\n<p>Pr\u00e1ce s p\u016fdou, rostlinn\u00fd pokryv, podpora biologick\u00e9 rozmanitosti, sn\u00ed\u017een\u00ed vstup\u016f, sn\u00ed\u017een\u00ed spot\u0159eby energie a vody.<br \/>\nSyst\u00e9m individu\u00e1ln\u00edho sb\u011bru odpadn\u00edch vod z vina\u0159stv\u00ed.<br \/>\nEkologick\u00e9 zem\u011bd\u011blstv\u00ed certifikovan\u00e9 spole\u010dnost\u00ed Ecocert.<\/p>\n<p>Odr\u016fdy<br \/>\n55% Cabernet Sauvignon, 33% Merlot, 8% Cabernet Franc, Petit Verdot 4%<\/p>\n","protected":false},"featured_media":1591,"comment_status":"closed","ping_status":"closed","template":"","meta":[],"product_brand":[],"product_cat":[592,383,389,394,400,404,385,388,384],"product_tag":[],"class_list":{"0":"post-1594","1":"product","2":"type-product","3":"status-publish","4":"has-post-thumbnail","6":"product_cat-magnum-cs","7":"product_cat-vina","8":"product_cat-spickova-vina","9":"product_cat-regiony","10":"product_cat-bordeaux-cs","11":"product_cat-graves-cs","12":"product_cat-barva","13":"product_cat-cervena-vina","14":"product_cat-bio-cs","16":"first","17":"outofstock","18":"taxable","19":"shipping-taxable","20":"purchasable","21":"product-type-simple"},"jetpack_sharing_enabled":true,"_links":{"self":[{"href":"https:\/\/france-gastronomie.shop\/cs\/wp-json\/wp\/v2\/product\/1594","targetHints":{"allow":["GET"]}}],"collection":[{"href":"https:\/\/france-gastronomie.shop\/cs\/wp-json\/wp\/v2\/product"}],"about":[{"href":"https:\/\/france-gastronomie.shop\/cs\/wp-json\/wp\/v2\/types\/product"}],"replies":[{"embeddable":true,"href":"https:\/\/france-gastronomie.shop\/cs\/wp-json\/wp\/v2\/comments?post=1594"}],"wp:featuredmedia":[{"embeddable":true,"href":"https:\/\/france-gastronomie.shop\/cs\/wp-json\/wp\/v2\/media\/1591"}],"wp:attachment":[{"href":"https:\/\/france-gastronomie.shop\/cs\/wp-json\/wp\/v2\/media?parent=1594"}],"wp:term":[{"taxonomy":"product_brand","embeddable":true,"href":"https:\/\/france-gastronomie.shop\/cs\/wp-json\/wp\/v2\/product_brand?post=1594"},{"taxonomy":"product_cat","embeddable":true,"href":"https:\/\/france-gastronomie.shop\/cs\/wp-json\/wp\/v2\/product_cat?post=1594"},{"taxonomy":"product_tag","embeddable":true,"href":"https:\/\/france-gastronomie.shop\/cs\/wp-json\/wp\/v2\/product_tag?post=1594"}],"curies":[{"name":"wp","href":"https:\/\/api.w.org\/{rel}","templated":true}]}}