{"id":15927,"date":"2023-10-27T05:07:00","date_gmt":"2023-10-27T05:07:00","guid":{"rendered":"https:\/\/france-gastronomie.shop\/produit\/ossau-iraty-aop\/"},"modified":"2025-12-19T19:18:06","modified_gmt":"2025-12-19T18:18:06","slug":"ossau-iraty-aop","status":"publish","type":"product","link":"https:\/\/france-gastronomie.shop\/cs\/produit\/ossau-iraty-aop\/","title":{"rendered":"Ossau-Iraty <br\/> Esquirrou AOP"},"content":{"rendered":"<h5>Ossau-Iraty AOP Esquirrou<\/h5>\n","protected":false},"excerpt":{"rendered":"<h5>Ossau-Iraty AOP<\/h5>\n<p>AOP Basque m\u00e1 bohatou chu\u0165 po kv\u011btin\u00e1ch a su\u0161en\u00e9m ovoci. Jeho hust\u00e1, 100% p\u0159\u00edrodn\u00ed k\u016fra se v pr\u016fb\u011bhu m\u011bs\u00edc\u016f vyv\u00edj\u00ed a jeho hladk\u00e1, kompaktn\u00ed b\u00edl\u00e1 pasta mu dod\u00e1v\u00e1 pevnou konzistenci na pat\u0159e.<br \/>\nEsquirrou byl v roce 2018 vyhl\u00e1\u0161en nejlep\u0161\u00edm s\u00fdrem na sv\u011bt\u011b v sout\u011b\u017ei Championship Cheese Contest ve Spojen\u00fdch st\u00e1tech.<\/p>\n","protected":false},"featured_media":23960,"comment_status":"open","ping_status":"closed","template":"","meta":[],"product_brand":[],"product_cat":[777,638,446],"product_tag":[],"class_list":{"0":"post-15927","1":"product","2":"type-product","3":"status-publish","4":"has-post-thumbnail","6":"product_cat-cerstve-produkty","7":"product_cat-z-ovciho-mleka","8":"product_cat-syry-cerstve-produkty","10":"first","11":"instock","12":"taxable","13":"shipping-taxable","14":"purchasable","15":"product-type-variable"},"jetpack_sharing_enabled":true,"_links":{"self":[{"href":"https:\/\/france-gastronomie.shop\/cs\/wp-json\/wp\/v2\/product\/15927","targetHints":{"allow":["GET"]}}],"collection":[{"href":"https:\/\/france-gastronomie.shop\/cs\/wp-json\/wp\/v2\/product"}],"about":[{"href":"https:\/\/france-gastronomie.shop\/cs\/wp-json\/wp\/v2\/types\/product"}],"replies":[{"embeddable":true,"href":"https:\/\/france-gastronomie.shop\/cs\/wp-json\/wp\/v2\/comments?post=15927"}],"wp:featuredmedia":[{"embeddable":true,"href":"https:\/\/france-gastronomie.shop\/cs\/wp-json\/wp\/v2\/media\/23960"}],"wp:attachment":[{"href":"https:\/\/france-gastronomie.shop\/cs\/wp-json\/wp\/v2\/media?parent=15927"}],"wp:term":[{"taxonomy":"product_brand","embeddable":true,"href":"https:\/\/france-gastronomie.shop\/cs\/wp-json\/wp\/v2\/product_brand?post=15927"},{"taxonomy":"product_cat","embeddable":true,"href":"https:\/\/france-gastronomie.shop\/cs\/wp-json\/wp\/v2\/product_cat?post=15927"},{"taxonomy":"product_tag","embeddable":true,"href":"https:\/\/france-gastronomie.shop\/cs\/wp-json\/wp\/v2\/product_tag?post=15927"}],"curies":[{"name":"wp","href":"https:\/\/api.w.org\/{rel}","templated":true}]}}