{"id":15876,"date":"2023-10-27T05:00:25","date_gmt":"2023-10-27T05:00:25","guid":{"rendered":"https:\/\/france-gastronomie.shop\/produit\/vache-fermier-du-barretous\/"},"modified":"2025-11-04T06:29:16","modified_gmt":"2025-11-04T06:29:16","slug":"vache-fermier-du-barretous","status":"publish","type":"product","link":"https:\/\/france-gastronomie.shop\/cs\/produit\/vache-fermier-du-barretous\/","title":{"rendered":"Moelleux du Barretous <br\/> farm\u00e1\u0159sk\u00fd"},"content":{"rendered":"<h5>Moelleux du Barretous farm\u00e1\u0159sk\u00fd<\/h5>\n","protected":false},"excerpt":{"rendered":"<h5>Moelleux du Barretous farm\u00e1\u0159sk\u00fd<\/h5>\n<p>Na nose se projevuje bohat\u00fd a komplexn\u00ed buket v\u016fn\u00ed.<br \/>\nV chuti je to tav\u00edc\u00ed se s\u00fdr \u017eivo\u010di\u0161n\u00e9 chuti, ovocn\u00fd a vo\u0148av\u00fd, se slan\u00fdm n\u00e1dechem na konci. S v\u011bkem z\u00edsk\u00e1 na charakteru.<br \/>\nVyr\u00e1b\u00ed se ze syrov\u00e9ho kravsk\u00e9ho ml\u00e9ka.<\/p>\n","protected":false},"featured_media":23956,"comment_status":"open","ping_status":"closed","template":"","meta":[],"product_brand":[],"product_cat":[777,642,446],"product_tag":[],"class_list":{"0":"post-15876","1":"product","2":"type-product","3":"status-publish","4":"has-post-thumbnail","6":"product_cat-cerstve-produkty","7":"product_cat-z-kravskeho-mleka","8":"product_cat-syry-cerstve-produkty","10":"first","11":"instock","12":"taxable","13":"shipping-taxable","14":"product-type-variable"},"jetpack_sharing_enabled":true,"_links":{"self":[{"href":"https:\/\/france-gastronomie.shop\/cs\/wp-json\/wp\/v2\/product\/15876","targetHints":{"allow":["GET"]}}],"collection":[{"href":"https:\/\/france-gastronomie.shop\/cs\/wp-json\/wp\/v2\/product"}],"about":[{"href":"https:\/\/france-gastronomie.shop\/cs\/wp-json\/wp\/v2\/types\/product"}],"replies":[{"embeddable":true,"href":"https:\/\/france-gastronomie.shop\/cs\/wp-json\/wp\/v2\/comments?post=15876"}],"wp:featuredmedia":[{"embeddable":true,"href":"https:\/\/france-gastronomie.shop\/cs\/wp-json\/wp\/v2\/media\/23956"}],"wp:attachment":[{"href":"https:\/\/france-gastronomie.shop\/cs\/wp-json\/wp\/v2\/media?parent=15876"}],"wp:term":[{"taxonomy":"product_brand","embeddable":true,"href":"https:\/\/france-gastronomie.shop\/cs\/wp-json\/wp\/v2\/product_brand?post=15876"},{"taxonomy":"product_cat","embeddable":true,"href":"https:\/\/france-gastronomie.shop\/cs\/wp-json\/wp\/v2\/product_cat?post=15876"},{"taxonomy":"product_tag","embeddable":true,"href":"https:\/\/france-gastronomie.shop\/cs\/wp-json\/wp\/v2\/product_tag?post=15876"}],"curies":[{"name":"wp","href":"https:\/\/api.w.org\/{rel}","templated":true}]}}