{"id":1567,"date":"2020-08-24T05:19:48","date_gmt":"2020-08-24T05:19:48","guid":{"rendered":"https:\/\/france-gastronomie.shop\/?post_type=product&#038;p=1567"},"modified":"2024-05-21T11:12:50","modified_gmt":"2024-05-21T11:12:50","slug":"chateau-tanais-olivier-magnumhaut-medoc","status":"publish","type":"product","link":"https:\/\/france-gastronomie.shop\/cs\/produit\/chateau-tanais-olivier-magnumhaut-medoc\/","title":{"rendered":"Ch. Tana\u00efs Olivier <br\/> Magnum"},"content":{"rendered":"<h5>Ch\u00e2teau Tana\u00efs Olivier MAGNUM<\/h5>\n<h5>AOC Haut-M\u00e9doc<\/h5>\n<p>P\u016fvod<br \/>\nCh\u00e2teau Tana\u00efs Olivier je jednou z dal\u0161\u00edch zna\u010dek Ch\u00e2teau Grand Clapeau Olivier, jedn\u00edm ze vz\u00e1cn\u00fdch Bourgeois crus, nach\u00e1zej\u00edc\u00edch se v Blanquefortu. Ve vzd\u00e1lenosti 3 km od centra Blanquefortu a 15 minut od okru\u017en\u00ed silnice Bordeaux tento statek zauj\u00edm\u00e1 v\u00edce ne\u017e 120 hektar\u016f, z toho 36 hektar\u016f vinn\u00e9 r\u00e9vy. Z\u00e1mek je n\u00e1dhern\u00fd mal\u00fd kl\u00e1\u0161ter postaven\u00fd na konci 19. stolet\u00ed, ale pozd\u011bji p\u0159estav\u011bn\u00fd v klasick\u00e9m stylu Bordeaux 18. stolet\u00ed. Vinice s pr\u016fm\u011brn\u00fdm v\u011bkem 30 let se nach\u00e1z\u00ed na kr\u00e1sn\u00e9m \u0161t\u011brkov\u00e9m n\u00e1vr\u0161\u00ed typick\u00e9m pro terasy M\u00e9doc a ide\u00e1ln\u00ed pro zr\u00e1n\u00ed Cabernet\u016f. Rodina Baudini\u00e8rov\u00fdch ji vlastn\u00ed od roku 1923. Pierre Baudini\u00e8re je mana\u017eerem.<\/p>\n<p>Vinifikace<br \/>\nSetk\u00e1v\u00e1me se s tradi\u010dn\u00edm p\u011bstov\u00e1n\u00edm vinn\u00e9 r\u00e9vy: dvojit\u00fd guyot, odstra\u0148ov\u00e1n\u00ed v\u00fdhonk\u016f a list\u016f, zelen\u00e1 sklize\u0148.<br \/>\nSklize\u0148 je mechanizovan\u00e1 s t\u0159\u00edd\u00edc\u00edm stolem ve sklep\u011b. Vinifikace je podle \u010dist\u00e9 tradice Haut-M\u00e9doc s regulac\u00ed teploty a kva\u0161en\u00edm 3 t\u00fddny pod dohledem enologa.<br \/>\nZr\u00e1n\u00ed je tradi\u010dn\u00ed v n\u00e1dr\u017e\u00edch.<\/p>\n<p>Odr\u016fdy<br \/>\nCabernet Sauvignon 54%, Merlot 43% , Petit Verdot 3%<\/p>\n<p>Degustace<br \/>\nSv\u011b\u017e\u00ed, kr\u00e1sn\u00e1 v\u016fn\u011b \u010dern\u00e9ho ovoce. Vyv\u00e1\u017een\u00e1 chu\u0165 s kr\u00e1snou aromatickou paletou, poddajn\u00e1 a elegantn\u00ed, s dotekem tanin\u016f z Cabernet Sauvignonu. Dlouh\u00fd a pln\u00fd z\u00e1v\u011br.<\/p>\n<p>Doporu\u010den\u00ed<br \/>\nGrilovan\u00fd prime rib pod\u00e1van\u00fd s m\u00edstn\u00edmi h\u0159\u00edbky.<\/p>\n<p>Doba uskladn\u011bn\u00ed<br \/>\n3-7 let<\/p>\n","protected":false},"excerpt":{"rendered":"<h5>AOC Haut-M\u00e9doc<\/h5>\n<p>Ch\u00e2teau Tana\u00efs Olivier je jednou z dal\u0161\u00edch zna\u010dek Ch\u00e2teau Grand Clapeau Olivier, jednoho z m\u00e1la Crus Bourgeois v Lanquefortu.<br \/>\nVinifikace prob\u00edhaj\u00ed v souladu s \u010distou tradic\u00ed Haut-M\u00e9doc s kontrolovanou teplotou a t\u0159\u00edt\u00fddenn\u00edm kva\u0161en\u00edm pod dohledem enologa.<\/p>\n<p>Odr\u016fdy: Cabernet Sauvignon 54%, Merlot 43% , Petit Verdot 3%<\/p>\n","protected":false},"featured_media":1568,"comment_status":"closed","ping_status":"closed","template":"","meta":[],"product_brand":[],"product_cat":[592,383,394,400,405,385,388],"product_tag":[],"class_list":{"0":"post-1567","1":"product","2":"type-product","3":"status-publish","4":"has-post-thumbnail","6":"product_cat-magnum-cs","7":"product_cat-vina","8":"product_cat-regiony","9":"product_cat-bordeaux-cs","10":"product_cat-haut-medoc-cs","11":"product_cat-barva","12":"product_cat-cervena-vina","14":"first","15":"outofstock","16":"taxable","17":"shipping-taxable","18":"purchasable","19":"product-type-simple"},"jetpack_sharing_enabled":true,"_links":{"self":[{"href":"https:\/\/france-gastronomie.shop\/cs\/wp-json\/wp\/v2\/product\/1567","targetHints":{"allow":["GET"]}}],"collection":[{"href":"https:\/\/france-gastronomie.shop\/cs\/wp-json\/wp\/v2\/product"}],"about":[{"href":"https:\/\/france-gastronomie.shop\/cs\/wp-json\/wp\/v2\/types\/product"}],"replies":[{"embeddable":true,"href":"https:\/\/france-gastronomie.shop\/cs\/wp-json\/wp\/v2\/comments?post=1567"}],"wp:featuredmedia":[{"embeddable":true,"href":"https:\/\/france-gastronomie.shop\/cs\/wp-json\/wp\/v2\/media\/1568"}],"wp:attachment":[{"href":"https:\/\/france-gastronomie.shop\/cs\/wp-json\/wp\/v2\/media?parent=1567"}],"wp:term":[{"taxonomy":"product_brand","embeddable":true,"href":"https:\/\/france-gastronomie.shop\/cs\/wp-json\/wp\/v2\/product_brand?post=1567"},{"taxonomy":"product_cat","embeddable":true,"href":"https:\/\/france-gastronomie.shop\/cs\/wp-json\/wp\/v2\/product_cat?post=1567"},{"taxonomy":"product_tag","embeddable":true,"href":"https:\/\/france-gastronomie.shop\/cs\/wp-json\/wp\/v2\/product_tag?post=1567"}],"curies":[{"name":"wp","href":"https:\/\/api.w.org\/{rel}","templated":true}]}}