{"id":1566,"date":"2020-08-24T05:07:32","date_gmt":"2020-08-24T05:07:32","guid":{"rendered":"https:\/\/france-gastronomie.shop\/produit\/enclos-de-viaud-magnumlalande-de-pomerol\/"},"modified":"2024-05-20T10:44:22","modified_gmt":"2024-05-20T10:44:22","slug":"enclos-de-viaud-magnumlalande-de-pomerol","status":"publish","type":"product","link":"https:\/\/france-gastronomie.shop\/cs\/produit\/enclos-de-viaud-magnumlalande-de-pomerol\/","title":{"rendered":"Enclos de Viaud <br\/> Magnum"},"content":{"rendered":"<h5>Enclos de Viaud MAGNUM<\/h5>\n<h5>AOC Lalande de Pomerol<\/h5>\n<p>P\u016fvod<br \/>\nEnclos de Viaud se nach\u00e1z\u00ed na b\u0159ehu Lalande \u0159eky Barbanne, v m\u00edst\u011b zvan\u00e9m Viaud a Mar\u00e9chaude. Enclos de Viaud se skl\u00e1d\u00e1 z 2,48 ha rozd\u011blen\u00fdch do dvou pozemk\u016f. Merlot je dominantn\u00ed odr\u016fda a vinice a p\u016fdy jsou obd\u011bl\u00e1v\u00e1ny zvl\u00e1\u0161\u0165 na jednotliv\u00fdch pozemc\u00edch. Vina\u0159 Jerome Aguirre pou\u017e\u00edv\u00e1 pro vinifikaci a zr\u00e1n\u00ed soubor dubov\u00fdch, cementov\u00fdch a nerezov\u00fdch n\u00e1dr\u017e\u00ed, aby do v\u00edna p\u0159inesl to nejlep\u0161\u00ed z ka\u017ed\u00e9ho prvku. Pozemky na b\u0159ez\u00edch \u0159eky Barbanne, kter\u00e1 rozd\u011bluje Pomerol a Lalande od Pomerolu, jsou jedn\u011bmi z nejlep\u0161\u00edch a nejv\u00fdnosn\u011bj\u0161\u00edch v t\u00e9to oblasti.<\/p>\n<p>Vinifikace<br \/>\nZr\u00e1n\u00ed 12 m\u011bs\u00edc\u016f v sudech<\/p>\n<p>Odr\u016fdy<br \/>\nMerlot 90% , Cabernet Franc 10%<\/p>\n<p>Degustace<br \/>\nTmav\u011b fialov\u00e1 barva. V\u016fn\u011b je elegantn\u00ed sm\u011bs\u00ed, zral\u00e9 \u010dern\u00e9 ovoce, \u010dern\u00fd ryb\u00edz a jahody spojen\u00e9 s n\u011bkter\u00fdmi t\u00f3ny ko\u0159en\u00ed.<br \/>\nChu\u0165 je okam\u017eit\u011b sv\u016fdn\u00e1: textura je stejn\u011b hladk\u00e1 jako hust\u00e1. \u010cerven\u00e9 a \u010dern\u00e9 ovoce se m\u00eds\u00ed se sladk\u00fdm ko\u0159en\u00edm a n\u00e1dechem \u010dokol\u00e1dy.<\/p>\n<p>Doporu\u010den\u00ed<br \/>\nJehn\u011b\u010d\u00ed kol\u00ednko, hov\u011bz\u00ed \u017eebro na bordeauxsk\u00fd zp\u016fsob, sedmihodinov\u00e1 jehn\u011b\u010d\u00ed k\u00fdta, telec\u00ed kotletky se smr\u017ei, du\u0161en\u00fd zaj\u00edc nebo listov\u00e9 pe\u010divo se \u0161unkou.<\/p>\n<p>Doba uskladn\u011bn\u00ed<br \/>\n10-11 let<\/p>\n","protected":false},"excerpt":{"rendered":"<h5>AOC Lalande de Pomerol<\/h5>\n<p>Odr\u016fdy: Merlot 90% , Cabernet Franc 10%<\/p>\n","protected":false},"featured_media":1563,"comment_status":"closed","ping_status":"closed","template":"","meta":[],"product_brand":[],"product_cat":[383,389,394,400,406,385,388],"product_tag":[],"class_list":{"0":"post-1566","1":"product","2":"type-product","3":"status-publish","4":"has-post-thumbnail","6":"product_cat-vina","7":"product_cat-spickova-vina","8":"product_cat-regiony","9":"product_cat-bordeaux-cs","10":"product_cat-lalande-de-pomerol-cs","11":"product_cat-barva","12":"product_cat-cervena-vina","14":"first","15":"outofstock","16":"taxable","17":"shipping-taxable","18":"purchasable","19":"product-type-simple"},"jetpack_sharing_enabled":true,"_links":{"self":[{"href":"https:\/\/france-gastronomie.shop\/cs\/wp-json\/wp\/v2\/product\/1566","targetHints":{"allow":["GET"]}}],"collection":[{"href":"https:\/\/france-gastronomie.shop\/cs\/wp-json\/wp\/v2\/product"}],"about":[{"href":"https:\/\/france-gastronomie.shop\/cs\/wp-json\/wp\/v2\/types\/product"}],"replies":[{"embeddable":true,"href":"https:\/\/france-gastronomie.shop\/cs\/wp-json\/wp\/v2\/comments?post=1566"}],"wp:featuredmedia":[{"embeddable":true,"href":"https:\/\/france-gastronomie.shop\/cs\/wp-json\/wp\/v2\/media\/1563"}],"wp:attachment":[{"href":"https:\/\/france-gastronomie.shop\/cs\/wp-json\/wp\/v2\/media?parent=1566"}],"wp:term":[{"taxonomy":"product_brand","embeddable":true,"href":"https:\/\/france-gastronomie.shop\/cs\/wp-json\/wp\/v2\/product_brand?post=1566"},{"taxonomy":"product_cat","embeddable":true,"href":"https:\/\/france-gastronomie.shop\/cs\/wp-json\/wp\/v2\/product_cat?post=1566"},{"taxonomy":"product_tag","embeddable":true,"href":"https:\/\/france-gastronomie.shop\/cs\/wp-json\/wp\/v2\/product_tag?post=1566"}],"curies":[{"name":"wp","href":"https:\/\/api.w.org\/{rel}","templated":true}]}}