{"id":15511,"date":"2023-10-26T06:27:21","date_gmt":"2023-10-26T06:27:21","guid":{"rendered":"https:\/\/france-gastronomie.shop\/produit\/comte-luxe-7-10-mois\/"},"modified":"2026-03-18T22:49:10","modified_gmt":"2026-03-18T21:49:10","slug":"comte-luxe-7-10-mois","status":"publish","type":"product","link":"https:\/\/france-gastronomie.shop\/cs\/produit\/comte-luxe-7-10-mois\/","title":{"rendered":"Comte AOP <br\/> +12 m\u011bs\u00edc\u016f"},"content":{"rendered":"<h5>Comte AOP +12 m\u011bs\u00edc\u016f<\/h5>\n<p>S\u00fdr Comt\u00e9: zdrav\u00ed prosp\u011b\u0161n\u00fd!<\/p>\n<ul>\n<li>N\u00edzk\u00fd obsah soli: s pr\u016fm\u011brn\u00fdm obsahem pouh\u00fdch 0,8 g soli na 100 g s\u00fdra pat\u0159\u00ed Comt\u00e9 k nejm\u00e9n\u011b slan\u00fdm s\u00fdr\u016fm.<\/li>\n<li>Bohat\u00fd na b\u00edlkoviny: 25 % energetick\u00e9 hodnoty Comt\u00e9 poch\u00e1z\u00ed z b\u00edlkovin, kter\u00e9 jsou nezbytnou \u017eivinou pro udr\u017een\u00ed svalov\u00e9 hmoty.<\/li>\n<li>Je bohat\u00fd na m\u011b\u010f: stopov\u00fd prvek prosp\u011b\u0161n\u00fd pro kosti, chrupavky a k\u016f\u017ei a nezbytn\u00fd pro spr\u00e1vnou funkci srdce.<\/li>\n<\/ul>\n","protected":false},"excerpt":{"rendered":"<h5>Comte AOP +12 m\u011bs\u00edc\u016f<\/h5>\n<p>Comt\u00e9 je jedn\u00edm z nejbohat\u0161\u00edch s\u00fdr\u016f na v\u00e1pn\u00edk a b\u00edlkoviny. Obsahuje tak\u00e9 vitaminy A, B12 a D.<br \/>\n&#8222;Star\u00e9&#8220; s\u00fdry Comt\u00e9 (zraj\u00edc\u00ed d\u00e9le ne\u017e 12 m\u011bs\u00edc\u016f) z\u00edsk\u00e1vaj\u00ed m\u00e1slovou, o\u0159\u00ed\u0161kovou a mandlovou chu\u0165. <\/p>\n","protected":false},"featured_media":15493,"comment_status":"open","ping_status":"closed","template":"","meta":[],"product_brand":[],"product_cat":[777,642,446],"product_tag":[],"class_list":{"0":"post-15511","1":"product","2":"type-product","3":"status-publish","4":"has-post-thumbnail","6":"product_cat-cerstve-produkty","7":"product_cat-z-kravskeho-mleka","8":"product_cat-syry-cerstve-produkty","10":"first","11":"instock","12":"taxable","13":"shipping-taxable","14":"purchasable","15":"product-type-variable"},"jetpack_sharing_enabled":true,"_links":{"self":[{"href":"https:\/\/france-gastronomie.shop\/cs\/wp-json\/wp\/v2\/product\/15511","targetHints":{"allow":["GET"]}}],"collection":[{"href":"https:\/\/france-gastronomie.shop\/cs\/wp-json\/wp\/v2\/product"}],"about":[{"href":"https:\/\/france-gastronomie.shop\/cs\/wp-json\/wp\/v2\/types\/product"}],"replies":[{"embeddable":true,"href":"https:\/\/france-gastronomie.shop\/cs\/wp-json\/wp\/v2\/comments?post=15511"}],"wp:featuredmedia":[{"embeddable":true,"href":"https:\/\/france-gastronomie.shop\/cs\/wp-json\/wp\/v2\/media\/15493"}],"wp:attachment":[{"href":"https:\/\/france-gastronomie.shop\/cs\/wp-json\/wp\/v2\/media?parent=15511"}],"wp:term":[{"taxonomy":"product_brand","embeddable":true,"href":"https:\/\/france-gastronomie.shop\/cs\/wp-json\/wp\/v2\/product_brand?post=15511"},{"taxonomy":"product_cat","embeddable":true,"href":"https:\/\/france-gastronomie.shop\/cs\/wp-json\/wp\/v2\/product_cat?post=15511"},{"taxonomy":"product_tag","embeddable":true,"href":"https:\/\/france-gastronomie.shop\/cs\/wp-json\/wp\/v2\/product_tag?post=15511"}],"curies":[{"name":"wp","href":"https:\/\/api.w.org\/{rel}","templated":true}]}}