{"id":15457,"date":"2023-10-26T06:21:04","date_gmt":"2023-10-26T06:21:04","guid":{"rendered":"https:\/\/france-gastronomie.shop\/produit\/tomme-ovci\/"},"modified":"2025-12-11T18:01:25","modified_gmt":"2025-12-11T18:01:25","slug":"tomme-ovci","status":"publish","type":"product","link":"https:\/\/france-gastronomie.shop\/cs\/produit\/tomme-ovci\/","title":{"rendered":"Tomme ov\u010d\u00ed <br\/> &#8222;Papillon&#8220;"},"content":{"rendered":"<h5>Tomme ov\u010d\u00ed<\/h5>\n","protected":false},"excerpt":{"rendered":"<h5>Tomme ov\u010d\u00ed<\/h5>\n<p>Tomme ov\u010d\u00ed Papillon je s\u00fdr, jeho\u017e aromatick\u00fd profil odr\u00e1\u017e\u00ed past\u00fd\u0159skou kr\u00e1su pyrenejsk\u00fdch hor, kde se vyr\u00e1b\u00ed. Tento polom\u011bkk\u00fd s\u00fdr se vyr\u00e1b\u00ed z ov\u010d\u00edho ml\u00e9ka a nab\u00edz\u00ed rustik\u00e1ln\u00ed, ale z\u00e1rove\u0148 vyt\u0159\u00edbenou chu\u0165. Chu\u0165ov\u00fd profil je lahodn\u00fd, s v\u00fdrazn\u00fdmi t\u00f3ny karamelizovan\u00e9ho ml\u00e9ka a o\u0159\u00ed\u0161kov\u00e9ho m\u00e1sla.<\/p>\n","protected":false},"featured_media":20778,"comment_status":"open","ping_status":"closed","template":"","meta":[],"product_brand":[],"product_cat":[777,638,446],"product_tag":[],"class_list":{"0":"post-15457","1":"product","2":"type-product","3":"status-publish","4":"has-post-thumbnail","6":"product_cat-cerstve-produkty","7":"product_cat-z-ovciho-mleka","8":"product_cat-syry-cerstve-produkty","10":"first","11":"instock","12":"taxable","13":"shipping-taxable","14":"purchasable","15":"product-type-variable"},"jetpack_sharing_enabled":true,"_links":{"self":[{"href":"https:\/\/france-gastronomie.shop\/cs\/wp-json\/wp\/v2\/product\/15457","targetHints":{"allow":["GET"]}}],"collection":[{"href":"https:\/\/france-gastronomie.shop\/cs\/wp-json\/wp\/v2\/product"}],"about":[{"href":"https:\/\/france-gastronomie.shop\/cs\/wp-json\/wp\/v2\/types\/product"}],"replies":[{"embeddable":true,"href":"https:\/\/france-gastronomie.shop\/cs\/wp-json\/wp\/v2\/comments?post=15457"}],"wp:featuredmedia":[{"embeddable":true,"href":"https:\/\/france-gastronomie.shop\/cs\/wp-json\/wp\/v2\/media\/20778"}],"wp:attachment":[{"href":"https:\/\/france-gastronomie.shop\/cs\/wp-json\/wp\/v2\/media?parent=15457"}],"wp:term":[{"taxonomy":"product_brand","embeddable":true,"href":"https:\/\/france-gastronomie.shop\/cs\/wp-json\/wp\/v2\/product_brand?post=15457"},{"taxonomy":"product_cat","embeddable":true,"href":"https:\/\/france-gastronomie.shop\/cs\/wp-json\/wp\/v2\/product_cat?post=15457"},{"taxonomy":"product_tag","embeddable":true,"href":"https:\/\/france-gastronomie.shop\/cs\/wp-json\/wp\/v2\/product_tag?post=15457"}],"curies":[{"name":"wp","href":"https:\/\/api.w.org\/{rel}","templated":true}]}}