{"id":15352,"date":"2023-10-26T06:08:30","date_gmt":"2023-10-26T06:08:30","guid":{"rendered":"https:\/\/france-gastronomie.shop\/produit\/stary-comte-24-mesicu-aop\/"},"modified":"2026-03-18T22:49:10","modified_gmt":"2026-03-18T21:49:10","slug":"stary-comte-24-mesicu-aop","status":"publish","type":"product","link":"https:\/\/france-gastronomie.shop\/cs\/produit\/stary-comte-24-mesicu-aop\/","title":{"rendered":"Star\u00fd Comte <br\/> 24 m\u011bs\u00edc\u016f AOP"},"content":{"rendered":"<h5>Star\u00fd Comte 24 m\u011bs\u00edc\u016f AOP<\/h5>\n","protected":false},"excerpt":{"rendered":"<h5>Star\u00fd Comte 24 m\u011bs\u00edc\u016f AOP<\/h5>\n","protected":false},"featured_media":15334,"comment_status":"open","ping_status":"closed","template":"","meta":[],"product_brand":[],"product_cat":[777,642,446],"product_tag":[],"class_list":{"0":"post-15352","1":"product","2":"type-product","3":"status-publish","4":"has-post-thumbnail","6":"product_cat-cerstve-produkty","7":"product_cat-z-kravskeho-mleka","8":"product_cat-syry-cerstve-produkty","10":"first","11":"instock","12":"taxable","13":"shipping-taxable","14":"purchasable","15":"product-type-variable"},"jetpack_sharing_enabled":true,"_links":{"self":[{"href":"https:\/\/france-gastronomie.shop\/cs\/wp-json\/wp\/v2\/product\/15352","targetHints":{"allow":["GET"]}}],"collection":[{"href":"https:\/\/france-gastronomie.shop\/cs\/wp-json\/wp\/v2\/product"}],"about":[{"href":"https:\/\/france-gastronomie.shop\/cs\/wp-json\/wp\/v2\/types\/product"}],"replies":[{"embeddable":true,"href":"https:\/\/france-gastronomie.shop\/cs\/wp-json\/wp\/v2\/comments?post=15352"}],"wp:featuredmedia":[{"embeddable":true,"href":"https:\/\/france-gastronomie.shop\/cs\/wp-json\/wp\/v2\/media\/15334"}],"wp:attachment":[{"href":"https:\/\/france-gastronomie.shop\/cs\/wp-json\/wp\/v2\/media?parent=15352"}],"wp:term":[{"taxonomy":"product_brand","embeddable":true,"href":"https:\/\/france-gastronomie.shop\/cs\/wp-json\/wp\/v2\/product_brand?post=15352"},{"taxonomy":"product_cat","embeddable":true,"href":"https:\/\/france-gastronomie.shop\/cs\/wp-json\/wp\/v2\/product_cat?post=15352"},{"taxonomy":"product_tag","embeddable":true,"href":"https:\/\/france-gastronomie.shop\/cs\/wp-json\/wp\/v2\/product_tag?post=15352"}],"curies":[{"name":"wp","href":"https:\/\/api.w.org\/{rel}","templated":true}]}}