{"id":15298,"date":"2023-10-26T06:00:01","date_gmt":"2023-10-26T06:00:01","guid":{"rendered":"https:\/\/france-gastronomie.shop\/produit\/morbier-du-jura-100-dni\/"},"modified":"2026-04-14T11:36:49","modified_gmt":"2026-04-14T09:36:49","slug":"morbier-du-jura-100-dni","status":"publish","type":"product","link":"https:\/\/france-gastronomie.shop\/cs\/produit\/morbier-du-jura-100-dni\/","title":{"rendered":"Morbier du Jura <br\/> 100 dn\u00ed"},"content":{"rendered":"<h5>Morbier du Jura 100 dn\u00ed<\/h5>\n","protected":false},"excerpt":{"rendered":"<h5>Morbier du Jura 100 dn\u00ed<\/h5>\n<p>S\u00fdr ze syrov\u00e9ho ml\u00e9ka zraj\u00edc\u00ed nejm\u00e9n\u011b 100 dn\u00ed s ovocnou v\u016fn\u00ed a kr\u00e9movou texturou.<\/p>\n<p>Chutn\u00e1 i v raclette.<\/p>\n","protected":false},"featured_media":14557,"comment_status":"open","ping_status":"closed","template":"","meta":[],"product_brand":[],"product_cat":[777,642,446],"product_tag":[],"class_list":{"0":"post-15298","1":"product","2":"type-product","3":"status-publish","4":"has-post-thumbnail","6":"product_cat-cerstve-produkty","7":"product_cat-z-kravskeho-mleka","8":"product_cat-syry-cerstve-produkty","10":"first","11":"instock","12":"taxable","13":"shipping-taxable","14":"purchasable","15":"product-type-variable"},"jetpack_sharing_enabled":true,"_links":{"self":[{"href":"https:\/\/france-gastronomie.shop\/cs\/wp-json\/wp\/v2\/product\/15298","targetHints":{"allow":["GET"]}}],"collection":[{"href":"https:\/\/france-gastronomie.shop\/cs\/wp-json\/wp\/v2\/product"}],"about":[{"href":"https:\/\/france-gastronomie.shop\/cs\/wp-json\/wp\/v2\/types\/product"}],"replies":[{"embeddable":true,"href":"https:\/\/france-gastronomie.shop\/cs\/wp-json\/wp\/v2\/comments?post=15298"}],"wp:featuredmedia":[{"embeddable":true,"href":"https:\/\/france-gastronomie.shop\/cs\/wp-json\/wp\/v2\/media\/14557"}],"wp:attachment":[{"href":"https:\/\/france-gastronomie.shop\/cs\/wp-json\/wp\/v2\/media?parent=15298"}],"wp:term":[{"taxonomy":"product_brand","embeddable":true,"href":"https:\/\/france-gastronomie.shop\/cs\/wp-json\/wp\/v2\/product_brand?post=15298"},{"taxonomy":"product_cat","embeddable":true,"href":"https:\/\/france-gastronomie.shop\/cs\/wp-json\/wp\/v2\/product_cat?post=15298"},{"taxonomy":"product_tag","embeddable":true,"href":"https:\/\/france-gastronomie.shop\/cs\/wp-json\/wp\/v2\/product_tag?post=15298"}],"curies":[{"name":"wp","href":"https:\/\/api.w.org\/{rel}","templated":true}]}}