{"id":1523,"date":"2020-08-21T07:34:37","date_gmt":"2020-08-21T07:34:37","guid":{"rendered":"https:\/\/france-gastronomie.shop\/?post_type=product&#038;p=1523"},"modified":"2024-11-06T11:26:47","modified_gmt":"2024-11-06T11:26:47","slug":"pavillon-des-chartronsbordeaux-bio","status":"publish","type":"product","link":"https:\/\/france-gastronomie.shop\/cs\/produit\/pavillon-des-chartronsbordeaux-bio\/","title":{"rendered":"Pavillon des Chartrons <br\/> Bordeaux"},"content":{"rendered":"<h5>Pavillon des Chartrons<\/h5>\n<h5>AOC Bordeaux BIO<\/h5>\n<p>P\u016fvod<br \/>\nPavillon des Chartrons vych\u00e1z\u00ed v v\u00fdb\u011bru nejlep\u0161\u00edch sm\u011bs\u00ed Merlot, Cabernet Franc a Cabernet Sauvignon.<br \/>\nM\u00e1 vlastnost\u00ed bl\u00edzk\u00e9 konven\u010dn\u00edmu Bordeaux, s t\u00edm rozd\u00edlem, \u017ee mus\u00ed spl\u0148ovat p\u0159\u00edsn\u00e9 podm\u00ednky vy\u017eadovan\u00e9 pro certifikaci \u00ab Biologick\u00e9 zem\u011bd\u011blstv\u00ed \u00bb. Pr\u00e1ce na vinici mus\u00ed b\u00fdt prov\u00e1d\u011bna biologickou metodou: \u017e\u00e1dn\u00e9 syntetick\u00e9 herbicidy, hnojiva a pesticidy. Vinifikace mus\u00ed b\u00fdt rovn\u011b\u017e biologick\u00e1, 100% ingredienc\u00ed certifikovan\u00fdch bio, omezen\u00ed enologick\u00fdch p\u0159\u00edsad a mno\u017estv\u00ed si\u0159i\u010ditan\u016f. V\u00fdsledkem je \u00ab rozumn\u00e9 v\u00edno \u00bb poch\u00e1zej\u00edc\u00ed ze zem\u011bd\u011blstv\u00ed respektuj\u00edc\u00edho p\u0159\u00edrodu a lidi.<\/p>\n<p>Vinifikace<br \/>\nBiologick\u00e1 vnifikace v nerezov\u00e9 n\u00e1dr\u017ei<\/p>\n<p>Odr\u016fdy<br \/>\nMerlot, Cabernet Sauvignon, Cabernet Franc<\/p>\n<p>Degustace<br \/>\nZ\u00e1\u0159iv\u00e1 t\u0159e\u0161\u0148ov\u00e1 barva.Intenzivn\u00ed v\u016fn\u011b jahod, moru\u0161\u00ed, mentolu a fialek. Chu\u0165 v\u00fdrazn\u00e1, poddajn\u00e1, ovocn\u00e1 a vyv\u00e1\u017een\u00e1,<br \/>\npodlo\u017een\u00e1 jemn\u00fdmi taniny. Gurm\u00e1nsk\u00e9 a harmonick\u00e9 v\u00edno.<\/p>\n<p>Doporu\u010den\u00ed<br \/>\nVychutnejte si ho ke kach\u00edm prs\u016fm na \u010derven\u00e9m ovoci, hov\u011bz\u00edmu steaku se sez\u00f3nn\u00ed zeleninou a k s\u00fdru s o\u0159echy.<\/p>\n<p>Teplota pod\u00e1v\u00e1n\u00ed<br \/>\n17\u00b0C<\/p>\n","protected":false},"excerpt":{"rendered":"<h5>AOC Bordeaux BIO<\/h5>\n<p>Maison Le Star je realizac\u00ed snu a vyj\u00e1d\u0159en\u00edm v\u00e1\u0161n\u011b.<br \/>\nObklopeni t\u00fdmem profesion\u00e1l\u016f, enolog\u016f a sommelier\u016f, kte\u0159\u00ed zaru\u010duj\u00ed kvalitu n\u00e1mi vyr\u00e1b\u011bn\u00fdch a vybran\u00fdch v\u00edn, nab\u00edz\u00edme budouc\u00edm milovn\u00edk\u016fm a znalc\u016fm v\u00edna z cel\u00e9ho sv\u011bta kvalitn\u00ed francouzsk\u00e1 v\u00edna za odpov\u00eddaj\u00edc\u00ed cenu.<\/p>\n<p>Odr\u016fdy: Merlot, Cabernet Sauvignon, Cabernet Franc<\/p>\n","protected":false},"featured_media":1524,"comment_status":"closed","ping_status":"closed","template":"","meta":[],"product_brand":[],"product_cat":[383,394,400,419,385,388,384],"product_tag":[],"class_list":{"0":"post-1523","1":"product","2":"type-product","3":"status-publish","4":"has-post-thumbnail","6":"product_cat-vina","7":"product_cat-regiony","8":"product_cat-bordeaux-cs","9":"product_cat-vins-de-bordeaux-cs","10":"product_cat-barva","11":"product_cat-cervena-vina","12":"product_cat-bio-cs","14":"first","15":"outofstock","16":"taxable","17":"shipping-taxable","18":"purchasable","19":"product-type-simple"},"jetpack_sharing_enabled":true,"_links":{"self":[{"href":"https:\/\/france-gastronomie.shop\/cs\/wp-json\/wp\/v2\/product\/1523","targetHints":{"allow":["GET"]}}],"collection":[{"href":"https:\/\/france-gastronomie.shop\/cs\/wp-json\/wp\/v2\/product"}],"about":[{"href":"https:\/\/france-gastronomie.shop\/cs\/wp-json\/wp\/v2\/types\/product"}],"replies":[{"embeddable":true,"href":"https:\/\/france-gastronomie.shop\/cs\/wp-json\/wp\/v2\/comments?post=1523"}],"wp:featuredmedia":[{"embeddable":true,"href":"https:\/\/france-gastronomie.shop\/cs\/wp-json\/wp\/v2\/media\/1524"}],"wp:attachment":[{"href":"https:\/\/france-gastronomie.shop\/cs\/wp-json\/wp\/v2\/media?parent=1523"}],"wp:term":[{"taxonomy":"product_brand","embeddable":true,"href":"https:\/\/france-gastronomie.shop\/cs\/wp-json\/wp\/v2\/product_brand?post=1523"},{"taxonomy":"product_cat","embeddable":true,"href":"https:\/\/france-gastronomie.shop\/cs\/wp-json\/wp\/v2\/product_cat?post=1523"},{"taxonomy":"product_tag","embeddable":true,"href":"https:\/\/france-gastronomie.shop\/cs\/wp-json\/wp\/v2\/product_tag?post=1523"}],"curies":[{"name":"wp","href":"https:\/\/api.w.org\/{rel}","templated":true}]}}