{"id":1517,"date":"2020-08-21T06:04:57","date_gmt":"2020-08-21T06:04:57","guid":{"rendered":"https:\/\/france-gastronomie.shop\/?post_type=product&#038;p=1517"},"modified":"2025-04-16T10:32:11","modified_gmt":"2025-04-16T10:32:11","slug":"chateau-trapaudsaint-emilion-grand-cru","status":"publish","type":"product","link":"https:\/\/france-gastronomie.shop\/cs\/produit\/chateau-trapaudsaint-emilion-grand-cru\/","title":{"rendered":"Ch\u00e2teau Trapaud <br\/> St-Emilion Grand Cru"},"content":{"rendered":"<h5>Ch\u00e2teau Trapaud<\/h5>\n<h5>AOC Saint-\u00c9milion Grand Cru BIO<\/h5>\n<p>P\u016fvod<br \/>\nPo\u010d\u00e1tky t\u00e9to oblasti sahaj\u00ed a\u017e do 16. stolet\u00ed. Jist\u00fd Pierre Trapaud se p\u0159ist\u011bhoval do okol\u00ed Saint-Emilion za prac\u00ed not\u00e1\u0159e<br \/>\na stal se m\u011bstsk\u00fdm radn\u00edm v roce 1556. Jeho jm\u00e9no je uvedeno v katastru nemovitost\u00ed k tomuto dni. Majetek koupil<br \/>\nPierre Larribi\u00e8re v roce 1927. Vinice byly po generace roz\u0161i\u0159ov\u00e1ny a sklepy modernizov\u00e1ny. V roce 1999 B\u00e9atrice Larribi\u00e8re, Pierreho pravnu\u010dka, p\u0159evzala rodinn\u00e9 vina\u0159stv\u00ed. Sna\u017e\u00ed se pokra\u010dovat v jeho rozvoji p\u0159i sou\u010dasn\u00e9m respektov\u00e1n\u00ed vina\u0159sk\u00fdch postup\u016f a d\u00edla sv\u00fdch p\u0159edk\u016f. Provedla dlouhou \u0159adu technick\u00fdch a funk\u010dn\u00edch vylep\u0161en\u00ed. V\u011bnuje vysokou pozornost pozemk\u016fm, lidsk\u00e9 pr\u00e1ci a jej\u00edmu prost\u0159ed\u00ed a v roce 2009 u\u010dinila rozhodnut\u00ed p\u0159ej\u00edt na organickou v\u00fdrobu. Vina\u0159stv\u00ed dnes obhospoda\u0159uje 15 ha p\u0159ilehl\u00fdch vinic. Vinice maj\u00ed pr\u016fm\u011brn\u00fd v\u011bk 45 let a n\u011bkter\u00e9 r\u00e9vov\u00e9 ke\u0159e jsou star\u00e9 v\u00edce ne\u017e 100 let. Jsou zasazeny v j\u00edlovo v\u00e1pencovit\u00fdch a p\u00eds\u010dito hlinit\u00fdch p\u016fd\u00e1ch. Prvn\u011b uveden\u00e9 poskytuj\u00ed koncentrovan\u011bj\u0161\u00ed v\u00edna, zat\u00edmco druh\u00e9 dod\u00e1vaj\u00ed intenzivn\u00ed barvu a leh\u010d\u00ed styl. Vinice jsou os\u00e1zeny p\u0159edev\u0161\u00edm odr\u016fdou Merlot (70%), jako\u017e i Cabernet Franc (20%) a Cabernet Sauvignon (10%).<\/p>\n<p>Kva\u0161en\u00ed<br \/>\nKultivace: Syst\u00e9m dvoj\u00edho pro\u0159ez\u00e1v\u00e1n\u00ed, odeb\u00edr\u00e1n\u00ed list\u016f a zelen\u00e9 sklizn\u011b. Ru\u010dn\u00ed sklize\u0148 a t\u0159\u00eddic\u00ed stoly.<br \/>\nTradi\u010dn\u00ed kva\u0161en\u00ed v nerezov\u00fdch k\u00e1d\u00edch s \u0159\u00edzenou teplotou. Macerace trv\u00e1 30 dn\u00ed.<br \/>\nZr\u00e1n\u00ed 12 m\u011bs\u00edc\u016f ve francouzsk\u00fdch dubov\u00fdch sudech (obsahuj\u00ed \u00bc nov\u00e9ho d\u0159eva).<\/p>\n<p>Odr\u016fdy<br \/>\nMerlot 64%, Cabernet Franc 36%<\/p>\n<p>Degustace<br \/>\nTmav\u011b purpurov\u00e1 barva. Delik\u00e1tn\u00ed v\u016fn\u011b nab\u00edz\u00ed \u010dern\u00e9 plody jako \u010dern\u00fd ryb\u00edz a ostru\u017einy, s n\u00e1dechem chleba a ko\u0159en\u00ed.<br \/>\n\u010cerstv\u00e1, du\u017enat\u00e1 a elegantn\u00ed chu\u0165 s diskr\u00e9tn\u00edmi t\u0159\u00edslovinami, kter\u00e9 p\u0159in\u00e1\u0161\u00ed komplexnost a jemnost. V\u00fdjime\u010dn\u00e1 d\u00e9lka a bohat\u00e1 struktura.<\/p>\n<p>Serv\u00edrov\u00e1n\u00ed<br \/>\nToto v\u00edno se hod\u00ed ide\u00e1ln\u011b ke grilovan\u00e9mu steaku ze sv\u00ed\u010dkov\u00e9, jehn\u011b\u010d\u00edmu v bylinkov\u00e9 krust\u011b, du\u0161en\u00e9mu jelen\u00edmu nebo s\u00fdr\u016fm,<br \/>\njako je Saint-Nectaire.<\/p>\n<p>Teplota<br \/>\n17\u00b0C<br \/>\nIde\u00e1ln\u00ed obdob\u00ed pro pit\u00ed: od 2016 do 2019<br \/>\nMo\u017enost zr\u00e1n\u00ed: do 2022<\/p>\n<p>Ocen\u011bn\u00ed<br \/>\nLe Point 15-15.5\/20 &#8222;Coup de coeur&#8220;<br \/>\nZlat\u00e1 medaile &#8222;Elle \u00e0 table&#8220; v sout\u011b\u017ei 2016<br \/>\nBronzov\u00e1 medaile Challenge Mill\u00e9simes Bio 2015<br \/>\nBronzov\u00e1 medaile Concours des Vignerons Ind\u00e9pendants 2015<\/p>\n","protected":false},"excerpt":{"rendered":"<h5>AOC Saint-\u00c9milion Grand Cru BIO<\/h5>\n<p>Maison Le Star je realizac\u00ed snu a vyj\u00e1d\u0159en\u00edm v\u00e1\u0161n\u011b.<br \/>\nObklopeni t\u00fdmem profesion\u00e1l\u016f, enolog\u016f a sommelier\u016f, kte\u0159\u00ed zaru\u010duj\u00ed kvalitu n\u00e1mi vyr\u00e1b\u011bn\u00fdch a vybran\u00fdch v\u00edn, nab\u00edz\u00edme budouc\u00edm milovn\u00edk\u016fm a znalc\u016fm v\u00edna z cel\u00e9ho sv\u011bta kvalitn\u00ed francouzsk\u00e1 v\u00edna za odpov\u00eddaj\u00edc\u00ed cenu.<\/p>\n<p>Odr\u016fdy<br \/>\nMerlot 64%, Cabernet Franc 36%<\/p>\n","protected":false},"featured_media":1518,"comment_status":"closed","ping_status":"closed","template":"","meta":[],"product_brand":[],"product_cat":[383,389,394,400,415,385,388,384],"product_tag":[],"class_list":{"0":"post-1517","1":"product","2":"type-product","3":"status-publish","4":"has-post-thumbnail","6":"product_cat-vina","7":"product_cat-spickova-vina","8":"product_cat-regiony","9":"product_cat-bordeaux-cs","10":"product_cat-saint-emilion-grand-cru-cs","11":"product_cat-barva","12":"product_cat-cervena-vina","13":"product_cat-bio-cs","15":"first","16":"instock","17":"taxable","18":"shipping-taxable","19":"purchasable","20":"product-type-simple"},"jetpack_sharing_enabled":true,"_links":{"self":[{"href":"https:\/\/france-gastronomie.shop\/cs\/wp-json\/wp\/v2\/product\/1517","targetHints":{"allow":["GET"]}}],"collection":[{"href":"https:\/\/france-gastronomie.shop\/cs\/wp-json\/wp\/v2\/product"}],"about":[{"href":"https:\/\/france-gastronomie.shop\/cs\/wp-json\/wp\/v2\/types\/product"}],"replies":[{"embeddable":true,"href":"https:\/\/france-gastronomie.shop\/cs\/wp-json\/wp\/v2\/comments?post=1517"}],"wp:featuredmedia":[{"embeddable":true,"href":"https:\/\/france-gastronomie.shop\/cs\/wp-json\/wp\/v2\/media\/1518"}],"wp:attachment":[{"href":"https:\/\/france-gastronomie.shop\/cs\/wp-json\/wp\/v2\/media?parent=1517"}],"wp:term":[{"taxonomy":"product_brand","embeddable":true,"href":"https:\/\/france-gastronomie.shop\/cs\/wp-json\/wp\/v2\/product_brand?post=1517"},{"taxonomy":"product_cat","embeddable":true,"href":"https:\/\/france-gastronomie.shop\/cs\/wp-json\/wp\/v2\/product_cat?post=1517"},{"taxonomy":"product_tag","embeddable":true,"href":"https:\/\/france-gastronomie.shop\/cs\/wp-json\/wp\/v2\/product_tag?post=1517"}],"curies":[{"name":"wp","href":"https:\/\/api.w.org\/{rel}","templated":true}]}}