{"id":15138,"date":"2023-10-25T10:29:31","date_gmt":"2023-10-25T10:29:31","guid":{"rendered":"https:\/\/france-gastronomie.shop\/produit\/st-nectaire\/"},"modified":"2026-04-08T23:46:10","modified_gmt":"2026-04-08T21:46:10","slug":"st-nectaire","status":"publish","type":"product","link":"https:\/\/france-gastronomie.shop\/cs\/produit\/st-nectaire\/","title":{"rendered":"Saint Nectaire <br\/> zraj\u00edc\u00ed na sl\u00e1m\u011b"},"content":{"rendered":"<h5>Saint Nectaire zraj\u00edc\u00ed na sl\u00e1m\u011b<\/h5>\n","protected":false},"excerpt":{"rendered":"<h5>Saint Nectaire zraj\u00edc\u00ed na sl\u00e1m\u011b<\/h5>\n<p>Dozr\u00e1v\u00e1 na sl\u00e1m\u011b jako v minulosti, co\u017e podporuje vznik kr\u00e1sn\u00e9 k\u016frky s autentick\u00fdm vzhledem, \u017eilkov\u00e1n\u00ed \u017eitnou sl\u00e1mou. D\u00edky zku\u0161enostem t\u0159\u00ed generac\u00ed m\u00e1 tento s\u00fdr kr\u00e9movou hmotu s jemnou chut\u00ed l\u00edskov\u00fdch o\u0159\u00ed\u0161k\u016f a charakteristickou, jemnou v\u016fn\u00ed \u017eitn\u00e9 sl\u00e1my.<\/p>\n","protected":false},"featured_media":15120,"comment_status":"open","ping_status":"closed","template":"","meta":[],"product_brand":[],"product_cat":[777,642,446],"product_tag":[],"class_list":{"0":"post-15138","1":"product","2":"type-product","3":"status-publish","4":"has-post-thumbnail","6":"product_cat-cerstve-produkty","7":"product_cat-z-kravskeho-mleka","8":"product_cat-syry-cerstve-produkty","10":"first","11":"instock","12":"taxable","13":"shipping-taxable","14":"purchasable","15":"product-type-variable"},"jetpack_sharing_enabled":true,"_links":{"self":[{"href":"https:\/\/france-gastronomie.shop\/cs\/wp-json\/wp\/v2\/product\/15138","targetHints":{"allow":["GET"]}}],"collection":[{"href":"https:\/\/france-gastronomie.shop\/cs\/wp-json\/wp\/v2\/product"}],"about":[{"href":"https:\/\/france-gastronomie.shop\/cs\/wp-json\/wp\/v2\/types\/product"}],"replies":[{"embeddable":true,"href":"https:\/\/france-gastronomie.shop\/cs\/wp-json\/wp\/v2\/comments?post=15138"}],"wp:featuredmedia":[{"embeddable":true,"href":"https:\/\/france-gastronomie.shop\/cs\/wp-json\/wp\/v2\/media\/15120"}],"wp:attachment":[{"href":"https:\/\/france-gastronomie.shop\/cs\/wp-json\/wp\/v2\/media?parent=15138"}],"wp:term":[{"taxonomy":"product_brand","embeddable":true,"href":"https:\/\/france-gastronomie.shop\/cs\/wp-json\/wp\/v2\/product_brand?post=15138"},{"taxonomy":"product_cat","embeddable":true,"href":"https:\/\/france-gastronomie.shop\/cs\/wp-json\/wp\/v2\/product_cat?post=15138"},{"taxonomy":"product_tag","embeddable":true,"href":"https:\/\/france-gastronomie.shop\/cs\/wp-json\/wp\/v2\/product_tag?post=15138"}],"curies":[{"name":"wp","href":"https:\/\/api.w.org\/{rel}","templated":true}]}}