{"id":14894,"date":"2023-10-25T08:27:23","date_gmt":"2023-10-25T08:27:23","guid":{"rendered":"https:\/\/france-gastronomie.shop\/?post_type=product&#038;p=14894"},"modified":"2026-03-04T09:27:14","modified_gmt":"2026-03-04T08:27:14","slug":"emmental","status":"publish","type":"product","link":"https:\/\/france-gastronomie.shop\/cs\/produit\/emmental\/","title":{"rendered":"Ement\u00e1l Savojsk\u00fd <br\/> z nepasterizovan\u00e9ho ml\u00e9ka"},"content":{"rendered":"<h5>Ement\u00e1l Savojsk\u00fd z nepasterizovan\u00e9ho ml\u00e9ka<\/h5>\n<p>&nbsp;<\/p>\n","protected":false},"excerpt":{"rendered":"<h5>Ement\u00e1l<\/h5>\n<p>Emmental je zn\u00e1m\u00fd svou jemnou, lehce ovocnou a m\u00e1slovou chut\u00ed. Na rozd\u00edl od jin\u00fdch siln\u011bj\u0161\u00edch s\u00fdr\u016f zaujme svou jemnost\u00ed, d\u00edky \u010demu\u017e je v\u0161eobecn\u011b obl\u00edben\u00fd. \u010c\u00edm del\u0161\u00ed je zr\u00e1n\u00ed, t\u00edm v\u00fdrazn\u011bj\u0161\u00ed jsou jeho aromata s t\u00f3ny o\u0159ech\u016f a n\u011bkdy i such\u00e9ho sena.  <\/p>\n<p>Emmental se tradi\u010dn\u011b vyr\u00e1b\u00ed ze syrov\u00e9ho ml\u00e9ka krav krmen\u00fdch tr\u00e1vou a senem. Ml\u00e9ko mus\u00ed b\u00fdt bezvadn\u00e9 kvality, aby bylo zaji\u0161t\u011bno \u00fasp\u011b\u0161n\u00e9 zr\u00e1n\u00ed velk\u00fdch bochn\u00edk\u016f. <\/p>\n","protected":false},"featured_media":25515,"comment_status":"open","ping_status":"closed","template":"","meta":[],"product_brand":[],"product_cat":[777,642,446],"product_tag":[],"class_list":{"0":"post-14894","1":"product","2":"type-product","3":"status-publish","4":"has-post-thumbnail","6":"product_cat-cerstve-produkty","7":"product_cat-z-kravskeho-mleka","8":"product_cat-syry-cerstve-produkty","10":"first","11":"instock","12":"taxable","13":"shipping-taxable","14":"purchasable","15":"product-type-variable"},"jetpack_sharing_enabled":true,"_links":{"self":[{"href":"https:\/\/france-gastronomie.shop\/cs\/wp-json\/wp\/v2\/product\/14894","targetHints":{"allow":["GET"]}}],"collection":[{"href":"https:\/\/france-gastronomie.shop\/cs\/wp-json\/wp\/v2\/product"}],"about":[{"href":"https:\/\/france-gastronomie.shop\/cs\/wp-json\/wp\/v2\/types\/product"}],"replies":[{"embeddable":true,"href":"https:\/\/france-gastronomie.shop\/cs\/wp-json\/wp\/v2\/comments?post=14894"}],"wp:featuredmedia":[{"embeddable":true,"href":"https:\/\/france-gastronomie.shop\/cs\/wp-json\/wp\/v2\/media\/25515"}],"wp:attachment":[{"href":"https:\/\/france-gastronomie.shop\/cs\/wp-json\/wp\/v2\/media?parent=14894"}],"wp:term":[{"taxonomy":"product_brand","embeddable":true,"href":"https:\/\/france-gastronomie.shop\/cs\/wp-json\/wp\/v2\/product_brand?post=14894"},{"taxonomy":"product_cat","embeddable":true,"href":"https:\/\/france-gastronomie.shop\/cs\/wp-json\/wp\/v2\/product_cat?post=14894"},{"taxonomy":"product_tag","embeddable":true,"href":"https:\/\/france-gastronomie.shop\/cs\/wp-json\/wp\/v2\/product_tag?post=14894"}],"curies":[{"name":"wp","href":"https:\/\/api.w.org\/{rel}","templated":true}]}}