{"id":14542,"date":"2023-09-18T07:17:26","date_gmt":"2023-09-18T07:17:26","guid":{"rendered":"https:\/\/france-gastronomie.shop\/?post_type=product&#038;p=14542"},"modified":"2025-11-28T16:31:48","modified_gmt":"2025-11-28T16:31:48","slug":"ch-pericou-bordeaux-superieur","status":"publish","type":"product","link":"https:\/\/france-gastronomie.shop\/cs\/produit\/ch-pericou-bordeaux-superieur\/","title":{"rendered":"Ch Pericou <br\/> Vin de Bordeaux"},"content":{"rendered":"<h5>Ch\u00e2teau P\u00e9ricou<\/h5>\n<h5>AOC Vin de Bordeaux<\/h5>\n<p>P\u016eVOD<br \/>\nCh\u00e2teau P\u00e9ricou vlastnil Yves Courpon, v\u00fdznamn\u00fd ob\u010dan Cavignacu, vesnice, kde se nach\u00e1z\u00ed vinice. Pan Courpon, b\u00fdval\u00fd majitel slavn\u00e9ho pa\u0159\u00ed\u017esk\u00e9ho bistra &#8222;Le Max\u00e9ville si svou vesnici zamiloval natolik, \u017ee j\u00ed vinici Ch\u00e2teau P\u00e9ricou po sv\u00e9 smrti v\u011bnoval. Vinice se dnes rozkl\u00e1d\u00e1 na 12 hektarech jilovo-v\u00e1penat\u00e9 p\u016fdy.<\/p>\n<p>VINIFIKACE<br \/>\nSb\u011br v dob\u011b pln\u00e9 zralosti hrozn\u016f<br \/>\nTradi\u010dn\u00ed vinifikace v cementov\u00fdch k\u00e1d\u00edch<br \/>\nZr\u00e1n\u00ed v cementov\u00fdch k\u00e1d\u00edch<\/p>\n<p>ODR\u016eDY<br \/>\n80 % Merlot, 15 % Cabernet Franc, 5 % Cabernet Sauvignon<\/p>\n<p>DEGUSTACE<br \/>\nCh\u00e2teau P\u00e9ricou je dob\u0159e vyv\u00e1\u017een\u00e9 s jemn\u00fdmi t\u0159\u00edslovinami a t\u00f3ny \u010derven\u00e9ho ovoce. Je to v\u00edno typick\u00e9 pro oblast Bordeaux.<\/p>\n<p>P\u00c1ROV\u00c1N\u00cd V\u00cdNA A J\u00cdDLA<br \/>\nCh\u00e2teau P\u00e9ricou bude ide\u00e1ln\u00ed ke grilovan\u00e9mu \u010derven\u00e9mu masu, pokrm\u016fm s om\u00e1\u010dkou a s\u00fdrov\u00e9mu tal\u00ed\u0159i.<br \/>\nPod\u00e1vejte mezi 16 &#8211; 18\u00b0C<\/p>\n","protected":false},"excerpt":{"rendered":"<h5>AOC Vin de Bordeaux<\/h5>\n<p>Maison Le Star je realizac\u00ed snu a vyj\u00e1d\u0159en\u00edm v\u00e1\u0161n\u011b.<br \/>\nObklopeni t\u00fdmem profesion\u00e1l\u016f, enolog\u016f a sommelier\u016f, kte\u0159\u00ed zaru\u010duj\u00ed kvalitu n\u00e1mi vyr\u00e1b\u011bn\u00fdch a vybran\u00fdch v\u00edn, nab\u00edz\u00edme budouc\u00edm milovn\u00edk\u016fm a znalc\u016fm v\u00edna z cel\u00e9ho sv\u011bta kvalitn\u00ed francouzsk\u00e1 v\u00edna za odpov\u00eddaj\u00edc\u00ed cenu.<\/p>\n<p>ODR\u016eDY<br \/>\n80 % Merlot, 15 % Cabernet Franc, 5 % Cabernet Sauvignon<\/p>\n","protected":false},"featured_media":14529,"comment_status":"closed","ping_status":"closed","template":"","meta":[],"product_brand":[],"product_cat":[383,394,400,419,385,388],"product_tag":[],"class_list":{"0":"post-14542","1":"product","2":"type-product","3":"status-publish","4":"has-post-thumbnail","6":"product_cat-vina","7":"product_cat-regiony","8":"product_cat-bordeaux-cs","9":"product_cat-vins-de-bordeaux-cs","10":"product_cat-barva","11":"product_cat-cervena-vina","13":"first","14":"outofstock","15":"taxable","16":"shipping-taxable","17":"purchasable","18":"product-type-simple"},"jetpack_sharing_enabled":true,"_links":{"self":[{"href":"https:\/\/france-gastronomie.shop\/cs\/wp-json\/wp\/v2\/product\/14542","targetHints":{"allow":["GET"]}}],"collection":[{"href":"https:\/\/france-gastronomie.shop\/cs\/wp-json\/wp\/v2\/product"}],"about":[{"href":"https:\/\/france-gastronomie.shop\/cs\/wp-json\/wp\/v2\/types\/product"}],"replies":[{"embeddable":true,"href":"https:\/\/france-gastronomie.shop\/cs\/wp-json\/wp\/v2\/comments?post=14542"}],"wp:featuredmedia":[{"embeddable":true,"href":"https:\/\/france-gastronomie.shop\/cs\/wp-json\/wp\/v2\/media\/14529"}],"wp:attachment":[{"href":"https:\/\/france-gastronomie.shop\/cs\/wp-json\/wp\/v2\/media?parent=14542"}],"wp:term":[{"taxonomy":"product_brand","embeddable":true,"href":"https:\/\/france-gastronomie.shop\/cs\/wp-json\/wp\/v2\/product_brand?post=14542"},{"taxonomy":"product_cat","embeddable":true,"href":"https:\/\/france-gastronomie.shop\/cs\/wp-json\/wp\/v2\/product_cat?post=14542"},{"taxonomy":"product_tag","embeddable":true,"href":"https:\/\/france-gastronomie.shop\/cs\/wp-json\/wp\/v2\/product_tag?post=14542"}],"curies":[{"name":"wp","href":"https:\/\/api.w.org\/{rel}","templated":true}]}}