{"id":14497,"date":"2023-08-21T11:15:21","date_gmt":"2023-08-21T11:15:21","guid":{"rendered":"https:\/\/france-gastronomie.shop\/produit\/cremant-chateau-cazeau-rose-cremant-de-bordeaux-2-2\/"},"modified":"2025-05-13T13:02:02","modified_gmt":"2025-05-13T13:02:02","slug":"cremant-chateau-cazeau-rose-cremant-de-bordeaux-2-2","status":"publish","type":"product","link":"https:\/\/france-gastronomie.shop\/cs\/produit\/cremant-chateau-cazeau-rose-cremant-de-bordeaux-2-2\/","title":{"rendered":"Cr\u00e9mant Ch\u00e2teau Cazeau Ros\u00e9 <br\/> Cr\u00e9mant de Bordeaux"},"content":{"rendered":"<h5>Cr\u00e9mant Ch\u00e2teau Cazeau Ros\u00e9<br \/>\nCr\u00e9mant de Bordeaux &#8211; Brut<\/h5>\n<p>Terroir<br \/>\nSe sv\u00fdmi ko\u0159eny v srdci vina\u0159sk\u00e9 oblasti Bordeaux, Maison Le Star disponuj\u00edc\u00ed 6 z\u00e1mky a t\u00e9m\u011b\u0159 600 hektar\u016f vinn\u00e9 r\u00e9vy, z n\u011bj \u010din\u00ed jednoho z kl\u00ed\u010dov\u00fdch hr\u00e1\u010d\u016f vina\u0159sk\u00e9ho pr\u016fmyslu v Bordeaux. Maison Le Star vyu\u017e\u00edv\u00e1 tradi\u010dn\u00ed metody vina\u0159stv\u00ed a vina\u0159stv\u00ed kombinovan\u00e9 s modern\u00edm p\u0159\u00edstupem. T\u011b\u017e\u00ed z jedine\u010dn\u00e9 odbornosti ve v\u00fdrob\u011b a uv\u00e1d\u011bn\u00ed na trh snadno pij\u00edc\u00edch a velmi p\u0159\u00edjemn\u00fdch v\u00edn ve Francii a na cel\u00e9m sv\u011bt\u011b. Jejich z\u00e1mky p\u0159edstavuj\u00ed rozmanitost teritori\u00ed Bordeaux mezi \u0159ekami Dordogne a Garonne. Ch\u00e2teau Cazeau, kde se vyr\u00e1b\u00ed jejich Cr\u00e9mant Blanc Brut, se nach\u00e1z\u00ed v oblasti Entre-Deux-Mers. Vinice pokr\u00fdv\u00e1 v\u00edce ne\u017e 300 hektar\u016f p\u016fdy a je vysazena na j\u00edlovito-v\u00e1pencov\u00fdch p\u016fd\u00e1ch na svaz\u00edch. Pom\u011br v\u00fdsadby je rozd\u011blen mezi \u010derven\u00e9 a b\u00edl\u00e9 odr\u016fdy, kter\u00e9 jsou pe\u010dliv\u011b p\u0159izp\u016fsobeny terroiru, aby bylo dosa\u017eeno toho nejlep\u0161\u00edho, co ka\u017ed\u00e1 odr\u016fda nab\u00edz\u00ed.<\/p>\n<p>V\u00fdroba<br \/>\nToto vina\u0159stv\u00ed vyu\u017e\u00edv\u00e1 udr\u017eiteln\u00e9 metody v\u010detn\u011b ru\u010dn\u00edho pro\u0159ez\u00e1v\u00e1n\u00ed a obohacov\u00e1n\u00ed p\u016fdy v\u00fdhradn\u011b ekologick\u00fdm kompostem. Po sklizni n\u00e1sleduje jemn\u00e9 lisov\u00e1n\u00ed. Druh\u00e1 fermentace, kter\u00e1 stejn\u011b jako u v\u0161ech Cr\u00e9mant\u016f prob\u00edh\u00e1 uvnit\u0159 lahve, je generov\u00e1na p\u0159id\u00e1n\u00edm kvasinek. V\u00edna pak zraj\u00ed na sv\u00fdch kal\u00edch po dobu nejm\u00e9n\u011b 12 m\u011bs\u00edc\u016f.<\/p>\n<p>Odr\u016fdy<br \/>\nMerlot, Malbec<\/p>\n<p>Degustace<br \/>\nCh\u00e2teau Cazeau Cr\u00e9mant de Bordeaux Ros\u00e9 s kr\u00e1snou lososov\u011b r\u016f\u017eovou barvou odhaluje v\u016fni \u010derstv\u00e9ho ovoce, jako je drcen\u00e1 jahoda, na jemn\u00fdch m\u00e1slov\u00fdch t\u00f3nech.<br \/>\nChu\u0165 je kr\u00e1sn\u00e9 aromatick\u00e9 slo\u017eitosti, s jemn\u00fdmi t\u00f3ny d\u017eemov\u00e9ho ovoce a t\u00e1hne se na pru\u017en\u00e9m a kulat\u00e9m povrchu s velkorysou bublinou.<\/p>\n<p>P\u00e1rov\u00e1n\u00ed v\u00edna a j\u00eddla<br \/>\nCh\u00e2teau Cazeau Cr\u00e9mant de Bordeaux Ros\u00e9 bude s eleganc\u00ed doprov\u00e1zet aperitivy, jemn\u011b ko\u0159en\u011bn\u00e9 orient\u00e1ln\u00ed chut\u011b (tagines, kari) nebo ovocn\u00e9 dezerty.<br \/>\nPod\u00e1vejte p\u0159i 8 \u00b0C.<\/p>\n<p>Ocen\u011bn\u00ed<br \/>\nZlat\u00e1 medaile &#8211; International Women\u2019s Trophy 2023<br \/>\nSt\u0159\u00edbrn\u00e1 medaile &#8211; Concours de Bruxelles<\/p>\n","protected":false},"excerpt":{"rendered":"<h5>Cr\u00e9mant Ch\u00e2teau Cazeau Ros\u00e9<br \/>\nCr\u00e9mant de Bordeaux &#8211; Brut<\/h5>\n<p>Maison Le Star je realizac\u00ed snu a vyj\u00e1d\u0159en\u00edm v\u00e1\u0161n\u011b.<br \/>\nObklopeni t\u00fdmem profesion\u00e1l\u016f, enolog\u016f a sommelier\u016f, kte\u0159\u00ed zaru\u010duj\u00ed kvalitu n\u00e1mi vyr\u00e1b\u011bn\u00fdch a vybran\u00fdch v\u00edn, nab\u00edz\u00edme budouc\u00edm milovn\u00edk\u016fm a znalc\u016fm v\u00edna z cel\u00e9ho sv\u011bta kvalitn\u00ed francouzsk\u00e1 v\u00edna za odpov\u00eddaj\u00edc\u00ed cenu.<\/p>\n<p>Odr\u016fdy<br \/>\n99% Merlot, 1% Malbec<\/p>\n","protected":false},"featured_media":14487,"comment_status":"open","ping_status":"closed","template":"","meta":[],"product_brand":[],"product_cat":[383,394,400,390,393,385,387],"product_tag":[],"class_list":{"0":"post-14497","1":"product","2":"type-product","3":"status-publish","4":"has-post-thumbnail","6":"product_cat-vina","7":"product_cat-regiony","8":"product_cat-bordeaux-cs","9":"product_cat-sumiva","10":"product_cat-cremant-cs","11":"product_cat-barva","12":"product_cat-ruzova-vina","14":"first","15":"instock","16":"taxable","17":"shipping-taxable","18":"purchasable","19":"product-type-simple"},"jetpack_sharing_enabled":true,"_links":{"self":[{"href":"https:\/\/france-gastronomie.shop\/cs\/wp-json\/wp\/v2\/product\/14497","targetHints":{"allow":["GET"]}}],"collection":[{"href":"https:\/\/france-gastronomie.shop\/cs\/wp-json\/wp\/v2\/product"}],"about":[{"href":"https:\/\/france-gastronomie.shop\/cs\/wp-json\/wp\/v2\/types\/product"}],"replies":[{"embeddable":true,"href":"https:\/\/france-gastronomie.shop\/cs\/wp-json\/wp\/v2\/comments?post=14497"}],"wp:featuredmedia":[{"embeddable":true,"href":"https:\/\/france-gastronomie.shop\/cs\/wp-json\/wp\/v2\/media\/14487"}],"wp:attachment":[{"href":"https:\/\/france-gastronomie.shop\/cs\/wp-json\/wp\/v2\/media?parent=14497"}],"wp:term":[{"taxonomy":"product_brand","embeddable":true,"href":"https:\/\/france-gastronomie.shop\/cs\/wp-json\/wp\/v2\/product_brand?post=14497"},{"taxonomy":"product_cat","embeddable":true,"href":"https:\/\/france-gastronomie.shop\/cs\/wp-json\/wp\/v2\/product_cat?post=14497"},{"taxonomy":"product_tag","embeddable":true,"href":"https:\/\/france-gastronomie.shop\/cs\/wp-json\/wp\/v2\/product_tag?post=14497"}],"curies":[{"name":"wp","href":"https:\/\/api.w.org\/{rel}","templated":true}]}}