{"id":14478,"date":"2023-08-21T09:57:15","date_gmt":"2023-08-21T09:57:15","guid":{"rendered":"https:\/\/france-gastronomie.shop\/?post_type=product&#038;p=14478"},"modified":"2025-12-11T21:31:13","modified_gmt":"2025-12-11T21:31:13","slug":"cremant-reserve-de-labbaye-chardonnay-arthur-metz","status":"publish","type":"product","link":"https:\/\/france-gastronomie.shop\/cs\/produit\/cremant-reserve-de-labbaye-chardonnay-arthur-metz\/","title":{"rendered":"Cr\u00e9mant R\u00e9serve de l&#8217;Abbaye Chardonnay <br\/> Arthur Metz"},"content":{"rendered":"<h5 class=\"h1\">Cr\u00e9mant R\u00e9serve de l&#8217;Abbaye Chardonnay<\/h5>\n<h5>AOP Cr\u00e9mant d&#8217;Alsace<br \/>\nArthur Metz<\/h5>\n<p>Ochutnejte tento velmi sv\u011b\u017e\u00ed Cr\u00e9mant Brut vyroben\u00fd v\u00fdhradn\u011b z odr\u016fdy Chardonnay.<\/p>\n<p>Hrozny se skl\u00edzej\u00ed ru\u010dn\u011b, kdy\u017e jsou dokonale zral\u00e9<br \/>\nTradi\u010dn\u00ed metoda<br \/>\nZr\u00e1n\u00ed na lat\u00edch<br \/>\nVelice jemn\u00e9 bublinky<\/p>\n<p>Odr\u016fdy<br \/>\nChardonnay<\/p>\n<p>Degustace<br \/>\nZlato\u017elut\u00e1 barva se zlat\u00fdmi odlesky, jemn\u00e9 bublinky.<br \/>\nJemn\u00e1 v\u016fn\u011b b\u00edl\u00fdch kv\u011bt\u016f a su\u0161en\u00e9ho ovoce.<br \/>\nP\u0159\u00edjemn\u00e1 p\u011bna a kr\u00e1sn\u00e1 sv\u011b\u017eest s miner\u00e1ln\u00edm z\u00e1v\u011brem<\/p>\n<p>P\u00e1rov\u00e1n\u00ed j\u00eddla a v\u00edna<br \/>\nVhodn\u00fd ke slan\u00fdm chu\u0165ovk\u00e1m, ch\u0159estu, \u017eab\u00edm steh\u00fdnk\u016fm, \u0161nek\u016fm, masov\u00e9mu carpacciu, grilovan\u00fdm ryb\u00e1m, zral\u00fdm koz\u00edm s\u00fdr\u016fm, mlad\u00fdm s\u00fdr\u016fm Comt\u00e9.<\/p>\n<p>Teplota pod\u00e1v\u00e1n\u00ed: 8-10\u00b0C<br \/>\nObsah alkoholu: 12\u00b0<br \/>\nSladkost: brut<br \/>\nSkladov\u00e1n\u00ed: 1-3 roky<\/p>\n","protected":false},"excerpt":{"rendered":"<h5>Arthur Metz<\/h5>\n<p>Ji\u017e od roku 1904 se sna\u017e\u00edme p\u0159in\u00e1\u0161et v\u00e1m v\u00edna nejvy\u0161\u0161\u00ed kvality. Na\u0161e \u0159ady, v nich\u017e se snoub\u00ed tradice a modernost, dostupnost a presti\u017e, nab\u00edzej\u00ed \u0161irok\u00fd v\u00fdb\u011br pro v\u0161echny milovn\u00edky jemn\u00fdch bublinek.<\/p>\n","protected":false},"featured_media":14481,"comment_status":"open","ping_status":"closed","template":"","meta":[],"product_brand":[],"product_cat":[383,389,394,395,390,393,385,386],"product_tag":[],"class_list":{"0":"post-14478","1":"product","2":"type-product","3":"status-publish","4":"has-post-thumbnail","6":"product_cat-vina","7":"product_cat-spickova-vina","8":"product_cat-regiony","9":"product_cat-alsace-cs","10":"product_cat-sumiva","11":"product_cat-cremant-cs","12":"product_cat-barva","13":"product_cat-bila-vina","15":"first","16":"instock","17":"taxable","18":"shipping-taxable","19":"purchasable","20":"product-type-simple"},"jetpack_sharing_enabled":true,"_links":{"self":[{"href":"https:\/\/france-gastronomie.shop\/cs\/wp-json\/wp\/v2\/product\/14478","targetHints":{"allow":["GET"]}}],"collection":[{"href":"https:\/\/france-gastronomie.shop\/cs\/wp-json\/wp\/v2\/product"}],"about":[{"href":"https:\/\/france-gastronomie.shop\/cs\/wp-json\/wp\/v2\/types\/product"}],"replies":[{"embeddable":true,"href":"https:\/\/france-gastronomie.shop\/cs\/wp-json\/wp\/v2\/comments?post=14478"}],"wp:featuredmedia":[{"embeddable":true,"href":"https:\/\/france-gastronomie.shop\/cs\/wp-json\/wp\/v2\/media\/14481"}],"wp:attachment":[{"href":"https:\/\/france-gastronomie.shop\/cs\/wp-json\/wp\/v2\/media?parent=14478"}],"wp:term":[{"taxonomy":"product_brand","embeddable":true,"href":"https:\/\/france-gastronomie.shop\/cs\/wp-json\/wp\/v2\/product_brand?post=14478"},{"taxonomy":"product_cat","embeddable":true,"href":"https:\/\/france-gastronomie.shop\/cs\/wp-json\/wp\/v2\/product_cat?post=14478"},{"taxonomy":"product_tag","embeddable":true,"href":"https:\/\/france-gastronomie.shop\/cs\/wp-json\/wp\/v2\/product_tag?post=14478"}],"curies":[{"name":"wp","href":"https:\/\/api.w.org\/{rel}","templated":true}]}}