{"id":14466,"date":"2023-08-21T08:56:37","date_gmt":"2023-08-21T08:56:37","guid":{"rendered":"https:\/\/france-gastronomie.shop\/?post_type=product&#038;p=14466"},"modified":"2024-12-02T10:23:17","modified_gmt":"2024-12-02T10:23:17","slug":"cremant-reserve-de-labbaye-rose-arthur-metz","status":"publish","type":"product","link":"https:\/\/france-gastronomie.shop\/cs\/produit\/cremant-reserve-de-labbaye-rose-arthur-metz\/","title":{"rendered":"Cr\u00e9mant R\u00e9serve de l&#8217;Abbaye Ros\u00e9 <br\/> Arthur Metz"},"content":{"rendered":"<h5 class=\"h1\">Cr\u00e9mant R\u00e9serve de l&#8217;Abbaye Ros\u00e9<\/h5>\n<h5>AOP Cr\u00e9mant d&#8217;Alsace<br \/>\nArthur Metz<\/h5>\n<p>Jemnosti tohoto Cr\u00e9mantu je dosa\u017eeno p\u0159edev\u0161\u00edm p\u0159\u00edsn\u00fdm v\u00fdb\u011brem hrozn\u016f. Tento Cr\u00e9mant d&#8217;Alsace se vyr\u00e1b\u00ed v\u00fdhradn\u011b z hrozn\u016f odr\u016fdy Pinot Noir a je vyroben z nejlep\u0161\u00edch hrozn\u016f sklizn\u011b.<\/p>\n<p>Hrozny se skl\u00edzej\u00ed ru\u010dn\u011b, kdy\u017e jsou dokonale zral\u00e9<br \/>\nTradi\u010dn\u00ed metoda<br \/>\nZr\u00e1n\u00ed na lat\u00edch<br \/>\nJemn\u00e9 bublinky<\/p>\n<p>Odr\u016fdy<br \/>\nPinot Noir<\/p>\n<p>Degustace<br \/>\nBroskvov\u011b r\u016f\u017eov\u00e1 barva.<br \/>\nVe v\u016fni c\u00edt\u00edme jemn\u00e9 t\u00f3ny \u010derven\u00fdch bobul\u00ed.<br \/>\nChu\u0165 je kulat\u00e1 a lahodn\u00e1, s dobrou d\u00e9lkou a harmonickou rovnov\u00e1hou, s ko\u0159en\u011bn\u00fdm z\u00e1v\u011brem.<\/p>\n<p>P\u00e1rov\u00e1n\u00ed j\u00eddla a v\u00edna<br \/>\nVhodn\u00fd ke slan\u00fdm chu\u0165ovk\u00e1m, tapas, grilovan\u00e9 zelenin\u011b, kuskusu, pikantn\u00edm pokrm\u016fm, ochucen\u00fdm s\u00fdr\u016fm a k jahodov\u00e9 charlotte.<\/p>\n<p>Teplota pod\u00e1v\u00e1n\u00ed: 8-10\u00b0C<br \/>\nObsah alkoholu: 12\u00b0<br \/>\nSladkost: sec<br \/>\nSkladov\u00e1n\u00ed: 1-3 roky<\/p>\n","protected":false},"excerpt":{"rendered":"<h5>Arthur Metz<\/h5>\n<p>Ji\u017e od roku 1904 se sna\u017e\u00edme p\u0159in\u00e1\u0161et v\u00e1m v\u00edna nejvy\u0161\u0161\u00ed kvality. Na\u0161e \u0159ady, v nich\u017e se snoub\u00ed tradice a modernost, dostupnost a presti\u017e, nab\u00edzej\u00ed \u0161irok\u00fd v\u00fdb\u011br pro v\u0161echny milovn\u00edky jemn\u00fdch bublinek.<\/p>\n","protected":false},"featured_media":14469,"comment_status":"open","ping_status":"closed","template":"","meta":[],"product_brand":[],"product_cat":[383,389,394,395,390,393,385,387],"product_tag":[],"class_list":{"0":"post-14466","1":"product","2":"type-product","3":"status-publish","4":"has-post-thumbnail","6":"product_cat-vina","7":"product_cat-spickova-vina","8":"product_cat-regiony","9":"product_cat-alsace-cs","10":"product_cat-sumiva","11":"product_cat-cremant-cs","12":"product_cat-barva","13":"product_cat-ruzova-vina","15":"first","16":"outofstock","17":"taxable","18":"shipping-taxable","19":"purchasable","20":"product-type-simple"},"jetpack_sharing_enabled":true,"_links":{"self":[{"href":"https:\/\/france-gastronomie.shop\/cs\/wp-json\/wp\/v2\/product\/14466","targetHints":{"allow":["GET"]}}],"collection":[{"href":"https:\/\/france-gastronomie.shop\/cs\/wp-json\/wp\/v2\/product"}],"about":[{"href":"https:\/\/france-gastronomie.shop\/cs\/wp-json\/wp\/v2\/types\/product"}],"replies":[{"embeddable":true,"href":"https:\/\/france-gastronomie.shop\/cs\/wp-json\/wp\/v2\/comments?post=14466"}],"wp:featuredmedia":[{"embeddable":true,"href":"https:\/\/france-gastronomie.shop\/cs\/wp-json\/wp\/v2\/media\/14469"}],"wp:attachment":[{"href":"https:\/\/france-gastronomie.shop\/cs\/wp-json\/wp\/v2\/media?parent=14466"}],"wp:term":[{"taxonomy":"product_brand","embeddable":true,"href":"https:\/\/france-gastronomie.shop\/cs\/wp-json\/wp\/v2\/product_brand?post=14466"},{"taxonomy":"product_cat","embeddable":true,"href":"https:\/\/france-gastronomie.shop\/cs\/wp-json\/wp\/v2\/product_cat?post=14466"},{"taxonomy":"product_tag","embeddable":true,"href":"https:\/\/france-gastronomie.shop\/cs\/wp-json\/wp\/v2\/product_tag?post=14466"}],"curies":[{"name":"wp","href":"https:\/\/api.w.org\/{rel}","templated":true}]}}