{"id":14441,"date":"2022-07-20T11:29:26","date_gmt":"2022-07-20T11:29:26","guid":{"rendered":"https:\/\/france-gastronomie.shop\/?post_type=product&#038;p=14441"},"modified":"2024-08-13T11:13:31","modified_gmt":"2024-08-13T11:13:31","slug":"le-star-bubbles-maison-le-star","status":"publish","type":"product","link":"https:\/\/france-gastronomie.shop\/cs\/produit\/le-star-bubbles-maison-le-star\/","title":{"rendered":"Le Star Bubbles <br\/> Maison le Star"},"content":{"rendered":"<h5>Le Star Bubbles<\/h5>\n<p>TERROIR<br \/>\nStar Bubbles Brut b\u00edl\u00fd se vyr\u00e1b\u00ed z p\u0159\u00edsn\u011b vybran\u00fdch nejlep\u0161\u00edch terroir\u016f ve Francii. N\u00e1\u0161 t\u00fdm enolog\u016f procestoval tyto zem\u011b, kter\u00e9 opl\u00fdvaj\u00ed lehk\u00fdmi a v\u00fdrazn\u00fdmi v\u00edny.<\/p>\n<p>ODR\u016eDY<br \/>\nUgni Blanc\/Colombard<\/p>\n<p>VINIFIKACE<br \/>\nP\u0159i v\u00fdrob\u011b tohoto v\u00edna se \u0159\u00edd\u00edme kombinac\u00ed tradi\u010dn\u00edho know-how a modern\u00edch technik. Od sklizn\u011b hrozn\u016f a\u017e po vinifikaci a sycen\u00ed oxidem uhli\u010dit\u00fdm se v\u0161e d\u011bje tak, aby bylo zaru\u010deno sv\u011b\u017e\u00ed a vysoce kvalitn\u00ed v\u00edno.<\/p>\n<p>DEGUSTACE<br \/>\nBarva: \u010dir\u00e1, z\u00e1\u0159iv\u011b sv\u011btle \u017elut\u00e1.<br \/>\nV\u016fn\u011b: jemn\u00e1, s kv\u011btinov\u00fdm a ovocn\u00fdm n\u00e1dechem<br \/>\nChu\u0165: pikantn\u00ed a kr\u00e1sn\u011b sv\u011b\u017e\u00ed, s t\u00f3ny citrus\u016f a exotick\u00e9ho ovoce, kter\u00e9 se m\u00eds\u00ed s jemn\u00fdmi bublinkami.<br \/>\nV\u00fdrazn\u00fd, lehk\u00fd Brut, kter\u00fd nep\u0159est\u00e1v\u00e1 p\u0159ekvapovat!<\/p>\n<p>P\u00c1ROV\u00c1N\u00cd J\u00cdDLA A V\u00cdNA<br \/>\nStar Bubbles Brut Blanc je ide\u00e1ln\u00ed aperitivn\u00ed v\u00edno k ryb\u00e1m a dr\u016fbe\u017ei, asijsk\u00fdm pokrm\u016fm, jako je sushi a sashimi, a tapas, zeleninov\u00fdm dip\u016fm nebo uzen\u00e9mu lososovi.<\/p>\n","protected":false},"excerpt":{"rendered":"<p><strong>Maison le Star<\/strong><\/p>\n<p>Maison Le Star je realizac\u00ed snu a vyj\u00e1d\u0159en\u00edm v\u00e1\u0161n\u011b.<br \/>\nObklopeni t\u00fdmem profesion\u00e1l\u016f, enolog\u016f a sommelier\u016f, kte\u0159\u00ed zaru\u010duj\u00ed kvalitu n\u00e1mi vyr\u00e1b\u011bn\u00fdch a vybran\u00fdch v\u00edn, nab\u00edz\u00edme budouc\u00edm milovn\u00edk\u016fm a znalc\u016fm v\u00edna z cel\u00e9ho sv\u011bta kvalitn\u00ed francouzsk\u00e1 v\u00edna za odpov\u00eddaj\u00edc\u00ed cenu.<\/p>\n<p>ODR\u016eDY<br \/>\nUgni Blanc\/Colombard<\/p>\n","protected":false},"featured_media":14445,"comment_status":"open","ping_status":"closed","template":"","meta":[],"product_brand":[],"product_cat":[570,383,394,399,390,385,386],"product_tag":[],"class_list":{"0":"post-14441","1":"product","2":"type-product","3":"status-publish","4":"has-post-thumbnail","6":"product_cat-bag-in-box-3l-cs","7":"product_cat-vina","8":"product_cat-regiony","9":"product_cat-jine-regiony","10":"product_cat-sumiva","11":"product_cat-barva","12":"product_cat-bila-vina","14":"first","15":"instock","16":"taxable","17":"shipping-taxable","18":"purchasable","19":"product-type-simple"},"jetpack_sharing_enabled":true,"_links":{"self":[{"href":"https:\/\/france-gastronomie.shop\/cs\/wp-json\/wp\/v2\/product\/14441","targetHints":{"allow":["GET"]}}],"collection":[{"href":"https:\/\/france-gastronomie.shop\/cs\/wp-json\/wp\/v2\/product"}],"about":[{"href":"https:\/\/france-gastronomie.shop\/cs\/wp-json\/wp\/v2\/types\/product"}],"replies":[{"embeddable":true,"href":"https:\/\/france-gastronomie.shop\/cs\/wp-json\/wp\/v2\/comments?post=14441"}],"wp:featuredmedia":[{"embeddable":true,"href":"https:\/\/france-gastronomie.shop\/cs\/wp-json\/wp\/v2\/media\/14445"}],"wp:attachment":[{"href":"https:\/\/france-gastronomie.shop\/cs\/wp-json\/wp\/v2\/media?parent=14441"}],"wp:term":[{"taxonomy":"product_brand","embeddable":true,"href":"https:\/\/france-gastronomie.shop\/cs\/wp-json\/wp\/v2\/product_brand?post=14441"},{"taxonomy":"product_cat","embeddable":true,"href":"https:\/\/france-gastronomie.shop\/cs\/wp-json\/wp\/v2\/product_cat?post=14441"},{"taxonomy":"product_tag","embeddable":true,"href":"https:\/\/france-gastronomie.shop\/cs\/wp-json\/wp\/v2\/product_tag?post=14441"}],"curies":[{"name":"wp","href":"https:\/\/api.w.org\/{rel}","templated":true}]}}