{"id":14427,"date":"2023-07-19T08:59:38","date_gmt":"2023-07-19T08:59:39","guid":{"rendered":"https:\/\/france-gastronomie.shop\/?post_type=product&#038;p=14427"},"modified":"2024-01-17T12:16:35","modified_gmt":"2024-01-17T12:16:35","slug":"cremant-extra-brut-arthur-metz","status":"publish","type":"product","link":"https:\/\/france-gastronomie.shop\/cs\/produit\/cremant-extra-brut-arthur-metz\/","title":{"rendered":"Cr\u00e9mant Extra Brut <br\/> Arthur Metz"},"content":{"rendered":"<h5>Cr\u00e9mant Extra Brut<\/h5>\n<h5>AOP Cr\u00e9mant d&#8217;Alsace<br \/>\nArthur Metz<\/h5>\n<p>Rafinovan\u00fd a \u017eiv\u00fd Cr\u00e9mant d&#8217;Alsace Extra Brut odhaluje jemn\u00e9 bublinky, kter\u00e9 dokonale vyjad\u0159uj\u00ed v\u0161echny jeho v\u016fn\u011b.<\/p>\n<p>Hrozny se skl\u00edzej\u00ed ru\u010dn\u011b, kdy\u017e jsou dokonale zral\u00e9<br \/>\nTradi\u010dn\u00ed metoda<br \/>\nZr\u00e1n\u00ed na lat\u00edch<\/p>\n<p>Odr\u016fdy<br \/>\nAuxerrois, Pinot Blanc, Pinot Gris, Pinot Noir<\/p>\n<p>Degustace<br \/>\nSv\u011btle \u017elut\u00e1 barva s platinov\u00fdmi odlesky, jemn\u00e1, delik\u00e1tn\u00ed p\u011bna<br \/>\nP\u0159\u00edjemn\u00fd buket s v\u016fn\u00ed kv\u011btin a \u017elut\u00e9ho ovoce<br \/>\nSv\u011b\u017e\u00ed chu\u0165, s kr\u00e1snou kyselinovou strukturou<\/p>\n<p>P\u00e1rov\u00e1n\u00ed j\u00eddla a v\u00edna<br \/>\nZelen\u00fd ch\u0159est, pe\u010den\u00e9 langusty s citrusovou p\u0159\u00edchut\u00ed<\/p>\n<p>Teplota pod\u00e1v\u00e1n\u00ed: 8-10\u00b0<br \/>\nObsah alkoholu: 12\u00b0<br \/>\nSladkost: extra brut<br \/>\nSkladov\u00e1n\u00ed: 1-3 roky<\/p>\n","protected":false},"excerpt":{"rendered":"<h5>Arthur Metz<\/h5>\n<p>Ji\u017e od roku 1904 se sna\u017e\u00edme p\u0159in\u00e1\u0161et v\u00e1m v\u00edna nejvy\u0161\u0161\u00ed kvality. Na\u0161e \u0159ady, v nich\u017e se snoub\u00ed tradice a modernost, dostupnost a presti\u017e, nab\u00edzej\u00ed \u0161irok\u00fd v\u00fdb\u011br pro v\u0161echny milovn\u00edky jemn\u00fdch bublinek.<\/p>\n","protected":false},"featured_media":14430,"comment_status":"open","ping_status":"closed","template":"","meta":[],"product_brand":[],"product_cat":[383,389,394,395,390,393,385,386],"product_tag":[],"class_list":{"0":"post-14427","1":"product","2":"type-product","3":"status-publish","4":"has-post-thumbnail","6":"product_cat-vina","7":"product_cat-spickova-vina","8":"product_cat-regiony","9":"product_cat-alsace-cs","10":"product_cat-sumiva","11":"product_cat-cremant-cs","12":"product_cat-barva","13":"product_cat-bila-vina","15":"first","16":"instock","17":"taxable","18":"shipping-taxable","19":"purchasable","20":"product-type-simple"},"jetpack_sharing_enabled":true,"_links":{"self":[{"href":"https:\/\/france-gastronomie.shop\/cs\/wp-json\/wp\/v2\/product\/14427","targetHints":{"allow":["GET"]}}],"collection":[{"href":"https:\/\/france-gastronomie.shop\/cs\/wp-json\/wp\/v2\/product"}],"about":[{"href":"https:\/\/france-gastronomie.shop\/cs\/wp-json\/wp\/v2\/types\/product"}],"replies":[{"embeddable":true,"href":"https:\/\/france-gastronomie.shop\/cs\/wp-json\/wp\/v2\/comments?post=14427"}],"wp:featuredmedia":[{"embeddable":true,"href":"https:\/\/france-gastronomie.shop\/cs\/wp-json\/wp\/v2\/media\/14430"}],"wp:attachment":[{"href":"https:\/\/france-gastronomie.shop\/cs\/wp-json\/wp\/v2\/media?parent=14427"}],"wp:term":[{"taxonomy":"product_brand","embeddable":true,"href":"https:\/\/france-gastronomie.shop\/cs\/wp-json\/wp\/v2\/product_brand?post=14427"},{"taxonomy":"product_cat","embeddable":true,"href":"https:\/\/france-gastronomie.shop\/cs\/wp-json\/wp\/v2\/product_cat?post=14427"},{"taxonomy":"product_tag","embeddable":true,"href":"https:\/\/france-gastronomie.shop\/cs\/wp-json\/wp\/v2\/product_tag?post=14427"}],"curies":[{"name":"wp","href":"https:\/\/api.w.org\/{rel}","templated":true}]}}