{"id":14420,"date":"2023-07-19T08:42:55","date_gmt":"2023-07-19T08:42:55","guid":{"rendered":"https:\/\/france-gastronomie.shop\/?post_type=product&#038;p=14420"},"modified":"2023-12-20T00:17:29","modified_gmt":"2023-12-20T00:17:29","slug":"cremant-ice-blanc-arthur-metz","status":"publish","type":"product","link":"https:\/\/france-gastronomie.shop\/cs\/produit\/cremant-ice-blanc-arthur-metz\/","title":{"rendered":"Cr\u00e9mant ICE Blanc <br\/> Arthur Metz"},"content":{"rendered":"<h5>Cr\u00e9mant ICE Blanc<\/h5>\n<h5>AOP Cr\u00e9mant d&#8217;Alsace<br \/>\nArthur Metz<\/h5>\n<p>Tento Cr\u00e9mant si nejl\u00e9pe vychutn\u00e1te s ledem ve velk\u00e9 balonov\u00e9 sklenici. Je to opravdov\u00fd po\u017eitek.<\/p>\n<p>Hrozny se skl\u00edzej\u00ed ru\u010dn\u011b, kdy\u017e jsou dokonale zral\u00e9<br \/>\nTradi\u010dn\u00ed metoda<br \/>\nZr\u00e1n\u00ed na lat\u00edch<br \/>\nVychutn\u00e1te si jej s ledem<\/p>\n<p>Odr\u016fdy<br \/>\nAuxerrois, Pinot Blanc, Pinot Gris, Riesling<\/p>\n<p>Degustace<br \/>\nZlato\u017elut\u00e1 barva, jemn\u00e1, vytrval\u00e1 p\u011bna.<br \/>\nNenasytn\u00e1 v\u016fn\u011b s t\u00f3ny ovoce a kv\u011btin.<br \/>\nJemn\u00e1 a sv\u011b\u017e\u00ed chu\u0165, tento gurm\u00e1nsk\u00fd cr\u00e9mant odhaluje elegantn\u00ed buket v\u016fn\u00ed \u017elut\u00e9ho ovoce.<\/p>\n<p>P\u00e1rov\u00e1n\u00ed j\u00eddla a v\u00edna<br \/>\nVhodn\u00fd ke slan\u00fdm chu\u0165ovk\u00e1m a zmrzlinov\u00fdm dezert\u016fm<\/p>\n<p>Teplota pod\u00e1v\u00e1n\u00ed: 5-7\u00b0C s ledem<br \/>\nObsah alkoholu: 12\u00b0<br \/>\nSladkost: demi-sec<br \/>\nSkladov\u00e1n\u00ed: 1-3 roky<\/p>\n","protected":false},"excerpt":{"rendered":"<h5>Arthur Metz<\/h5>\n<p>Ji\u017e od roku 1904 se sna\u017e\u00edme p\u0159in\u00e1\u0161et v\u00e1m v\u00edna nejvy\u0161\u0161\u00ed kvality. Na\u0161e \u0159ady, v nich\u017e se snoub\u00ed tradice a modernost, dostupnost a presti\u017e, nab\u00edzej\u00ed \u0161irok\u00fd v\u00fdb\u011br pro v\u0161echny milovn\u00edky jemn\u00fdch bublinek.<\/p>\n","protected":false},"featured_media":14423,"comment_status":"open","ping_status":"closed","template":"","meta":[],"product_brand":[],"product_cat":[383,394,395,390,393,385,386],"product_tag":[],"class_list":{"0":"post-14420","1":"product","2":"type-product","3":"status-publish","4":"has-post-thumbnail","6":"product_cat-vina","7":"product_cat-regiony","8":"product_cat-alsace-cs","9":"product_cat-sumiva","10":"product_cat-cremant-cs","11":"product_cat-barva","12":"product_cat-bila-vina","14":"first","15":"instock","16":"taxable","17":"shipping-taxable","18":"purchasable","19":"product-type-simple"},"jetpack_sharing_enabled":true,"_links":{"self":[{"href":"https:\/\/france-gastronomie.shop\/cs\/wp-json\/wp\/v2\/product\/14420","targetHints":{"allow":["GET"]}}],"collection":[{"href":"https:\/\/france-gastronomie.shop\/cs\/wp-json\/wp\/v2\/product"}],"about":[{"href":"https:\/\/france-gastronomie.shop\/cs\/wp-json\/wp\/v2\/types\/product"}],"replies":[{"embeddable":true,"href":"https:\/\/france-gastronomie.shop\/cs\/wp-json\/wp\/v2\/comments?post=14420"}],"wp:featuredmedia":[{"embeddable":true,"href":"https:\/\/france-gastronomie.shop\/cs\/wp-json\/wp\/v2\/media\/14423"}],"wp:attachment":[{"href":"https:\/\/france-gastronomie.shop\/cs\/wp-json\/wp\/v2\/media?parent=14420"}],"wp:term":[{"taxonomy":"product_brand","embeddable":true,"href":"https:\/\/france-gastronomie.shop\/cs\/wp-json\/wp\/v2\/product_brand?post=14420"},{"taxonomy":"product_cat","embeddable":true,"href":"https:\/\/france-gastronomie.shop\/cs\/wp-json\/wp\/v2\/product_cat?post=14420"},{"taxonomy":"product_tag","embeddable":true,"href":"https:\/\/france-gastronomie.shop\/cs\/wp-json\/wp\/v2\/product_tag?post=14420"}],"curies":[{"name":"wp","href":"https:\/\/api.w.org\/{rel}","templated":true}]}}