{"id":14409,"date":"2023-07-19T07:55:07","date_gmt":"2023-07-19T07:55:08","guid":{"rendered":"https:\/\/france-gastronomie.shop\/?post_type=product&#038;p=14409"},"modified":"2026-01-22T09:54:07","modified_gmt":"2026-01-22T08:54:07","slug":"cremant-prestige-brut-arthur-metz","status":"publish","type":"product","link":"https:\/\/france-gastronomie.shop\/cs\/produit\/cremant-prestige-brut-arthur-metz\/","title":{"rendered":"Cr\u00e9mant Prestige Brut <br\/> Arthur Metz"},"content":{"rendered":"<h5>Cr\u00e9mant Cuv\u00e9e Prestige Brut<\/h5>\n<h5>AOP Cr\u00e9mant d&#8217;Alsace<br \/>\nArthur Metz<\/h5>\n<p>Cr\u00e9mant Cuv\u00e9e Prestige Brut Arthur Metz se vyr\u00e1b\u00ed tradi\u010dn\u00edmi postupy.<br \/>\nZr\u00e1n\u00ed na lat\u00edch dod\u00e1v\u00e1 tomuto Cr\u00e9mantu nesrovnateln\u011b jemn\u00e9 bublinky a velkorysou jemnost.<\/p>\n<p>Hrozny se skl\u00edzej\u00ed ru\u010dn\u011b, kdy\u017e jsou dokonale zral\u00e9.<br \/>\nTradi\u010dn\u00ed metoda<br \/>\nZr\u00e1n\u00ed na lat\u00edch po dobu 12 m\u011bs\u00edc\u016f<br \/>\nVelmi jemn\u00e9 bublinky<\/p>\n<p>Odr\u016fdy<br \/>\nAuxerrois, Pinot Blanc, Pinot Gris, Riesling<\/p>\n<p>Degustace<br \/>\nSv\u011btle \u017elut\u00e1 barva se zelen\u00fdmi odlesky. Hojn\u00e1 p\u011bna s rychl\u00fdmi, jemn\u00fdmi bublinkami.<br \/>\nV\u00fdrazn\u00e1 v\u016fn\u011b s t\u00f3ny b\u00edl\u00e9ho ovoce (hru\u0161ka, jablko atd.).<br \/>\nChu\u0165 m\u00e1 \u010dist\u00fd, \u017eiv\u00fd n\u00e1stup, kter\u00fd pokra\u010duje a\u017e do velmi p\u0159\u00edjemn\u00e9ho z\u00e1v\u011bru.<\/p>\n<p>P\u00e1rov\u00e1n\u00ed j\u00eddla a v\u00edna<br \/>\nVhodn\u00fd ke slan\u00fdm chu\u0165ovk\u00e1m a ide\u00e1ln\u00ed ke v\u0161em druh\u016fm dezert\u016fm<\/p>\n<p>Teplota pod\u00e1v\u00e1n\u00ed: 8-10\u00b0<br \/>\nObsah alkoholu: 12\u00b0<br \/>\nSladkost: brut<br \/>\nSkladov\u00e1n\u00ed: 2-5 let<\/p>\n","protected":false},"excerpt":{"rendered":"<h5>Arthur Metz<\/h5>\n<p>Ji\u017e od roku 1904 se sna\u017e\u00edme p\u0159in\u00e1\u0161et v\u00e1m v\u00edna nejvy\u0161\u0161\u00ed kvality. Na\u0161e \u0159ady, v nich\u017e se snoub\u00ed tradice a modernost, dostupnost a presti\u017e, nab\u00edzej\u00ed \u0161irok\u00fd v\u00fdb\u011br pro v\u0161echny milovn\u00edky jemn\u00fdch bublinek.<\/p>\n","protected":false},"featured_media":14416,"comment_status":"open","ping_status":"closed","template":"","meta":[],"product_brand":[],"product_cat":[383,389,394,395,390,393,385,386],"product_tag":[],"class_list":{"0":"post-14409","1":"product","2":"type-product","3":"status-publish","4":"has-post-thumbnail","6":"product_cat-vina","7":"product_cat-spickova-vina","8":"product_cat-regiony","9":"product_cat-alsace-cs","10":"product_cat-sumiva","11":"product_cat-cremant-cs","12":"product_cat-barva","13":"product_cat-bila-vina","15":"first","16":"instock","17":"taxable","18":"shipping-taxable","19":"purchasable","20":"product-type-simple"},"jetpack_sharing_enabled":true,"_links":{"self":[{"href":"https:\/\/france-gastronomie.shop\/cs\/wp-json\/wp\/v2\/product\/14409","targetHints":{"allow":["GET"]}}],"collection":[{"href":"https:\/\/france-gastronomie.shop\/cs\/wp-json\/wp\/v2\/product"}],"about":[{"href":"https:\/\/france-gastronomie.shop\/cs\/wp-json\/wp\/v2\/types\/product"}],"replies":[{"embeddable":true,"href":"https:\/\/france-gastronomie.shop\/cs\/wp-json\/wp\/v2\/comments?post=14409"}],"wp:featuredmedia":[{"embeddable":true,"href":"https:\/\/france-gastronomie.shop\/cs\/wp-json\/wp\/v2\/media\/14416"}],"wp:attachment":[{"href":"https:\/\/france-gastronomie.shop\/cs\/wp-json\/wp\/v2\/media?parent=14409"}],"wp:term":[{"taxonomy":"product_brand","embeddable":true,"href":"https:\/\/france-gastronomie.shop\/cs\/wp-json\/wp\/v2\/product_brand?post=14409"},{"taxonomy":"product_cat","embeddable":true,"href":"https:\/\/france-gastronomie.shop\/cs\/wp-json\/wp\/v2\/product_cat?post=14409"},{"taxonomy":"product_tag","embeddable":true,"href":"https:\/\/france-gastronomie.shop\/cs\/wp-json\/wp\/v2\/product_tag?post=14409"}],"curies":[{"name":"wp","href":"https:\/\/api.w.org\/{rel}","templated":true}]}}