{"id":14397,"date":"2023-07-17T10:20:29","date_gmt":"2023-07-17T10:20:30","guid":{"rendered":"https:\/\/france-gastronomie.shop\/?post_type=product&#038;p=14397"},"modified":"2024-11-04T10:56:16","modified_gmt":"2024-11-04T10:56:16","slug":"cuvee-de-la-sainte-vierge-chateauneuf-du-pape","status":"publish","type":"product","link":"https:\/\/france-gastronomie.shop\/cs\/produit\/cuvee-de-la-sainte-vierge-chateauneuf-du-pape\/","title":{"rendered":"Cuv\u00e9e de la Sainte Vierge <br\/> Ch\u00e2teauneuf du Pape"},"content":{"rendered":"<h5>Cuv\u00e9e de la Sainte Vierge<\/h5>\n<h5>AOC Ch\u00e2teauneuf du Pape<\/h5>\n<p>Odr\u016fdy<br \/>\n80% Grenache noir 10% Syrah 10% Mourv\u00e8dre<\/p>\n<p>Degustace<br \/>\nGran\u00e1tov\u011b \u010derven\u00e1 barva s rub\u00ednov\u00fdmi odlesky. \u017div\u00e1 v\u016fn\u011b \u010derven\u00e9ho a \u010dern\u00e9ho ryb\u00edzu. M\u00e1 silnou t\u0159\u00edslovinovou strukturu s kulatost\u00ed a pom\u011brn\u011b sv\u011b\u017e\u00edm z\u00e1v\u011brem.<\/p>\n<p>Uchov\u00e1vat: 6 -8 let<\/p>\n<p>Doporu\u010den\u00ed<br \/>\nZv\u011b\u0159inov\u00e1 pe\u010den\u011b; kohout na v\u00edn\u011b; kachna s h\u0159\u00edbky; zaj\u00edc \u00e0 la royale; telec\u00ed brzl\u00edk; hov\u011bz\u00ed bourguignon; zraj\u00edc\u00ed s\u00fdr Saint-Nectaire, Salers nebo Morbier&#8230;<\/p>\n","protected":false},"excerpt":{"rendered":"<h5>AOC Ch\u00e2teauneuf du Pape<\/h5>\n<p>V roce 1925 se spojila skupina vina\u0159\u016f p\u0159esv\u011bd\u010den\u00fdch o hodnot\u00e1ch solidarity a vz\u00e1jemn\u00e9 pomoci. O jeden\u00e1ct let pozd\u011bji se tito vizion\u00e1\u0159\u0161t\u00ed vina\u0159i pod\u00edleli na vytvo\u0159en\u00ed prvn\u00ed apelace ve Francii: CH\u00c2TEAUNEUF-DU-PAPE.<br \/>\n189 vina\u0159\u016f z CELLIER DES PRINCES, kte\u0159\u00ed byli na po\u010d\u00e1tku sjednoceni, je hrd\u00fdch na to, \u017ee mohou sv\u00e1 v\u00edna prod\u00e1vat na v\u0161ech p\u011bti kontinentech a p\u0159ed\u00e1vat sv\u00e9 hodnoty, jako je pohostinnost a dokonalost.<\/p>\n<p>Odr\u016fdy<br \/>\n80% Grenache noir 10% Syrah 10% Mourv\u00e8dre<\/p>\n","protected":false},"featured_media":14400,"comment_status":"closed","ping_status":"closed","template":"","meta":[],"product_brand":[],"product_cat":[383,389,394,435,436,385,388],"product_tag":[],"class_list":{"0":"post-14397","1":"product","2":"type-product","3":"status-publish","4":"has-post-thumbnail","6":"product_cat-vina","7":"product_cat-spickova-vina","8":"product_cat-regiony","9":"product_cat-vallee-du-rhone-cs","10":"product_cat-chateauneuf-du-pape-cs","11":"product_cat-barva","12":"product_cat-cervena-vina","14":"first","15":"instock","16":"sale","17":"taxable","18":"shipping-taxable","19":"purchasable","20":"product-type-simple"},"jetpack_sharing_enabled":true,"_links":{"self":[{"href":"https:\/\/france-gastronomie.shop\/cs\/wp-json\/wp\/v2\/product\/14397","targetHints":{"allow":["GET"]}}],"collection":[{"href":"https:\/\/france-gastronomie.shop\/cs\/wp-json\/wp\/v2\/product"}],"about":[{"href":"https:\/\/france-gastronomie.shop\/cs\/wp-json\/wp\/v2\/types\/product"}],"replies":[{"embeddable":true,"href":"https:\/\/france-gastronomie.shop\/cs\/wp-json\/wp\/v2\/comments?post=14397"}],"wp:featuredmedia":[{"embeddable":true,"href":"https:\/\/france-gastronomie.shop\/cs\/wp-json\/wp\/v2\/media\/14400"}],"wp:attachment":[{"href":"https:\/\/france-gastronomie.shop\/cs\/wp-json\/wp\/v2\/media?parent=14397"}],"wp:term":[{"taxonomy":"product_brand","embeddable":true,"href":"https:\/\/france-gastronomie.shop\/cs\/wp-json\/wp\/v2\/product_brand?post=14397"},{"taxonomy":"product_cat","embeddable":true,"href":"https:\/\/france-gastronomie.shop\/cs\/wp-json\/wp\/v2\/product_cat?post=14397"},{"taxonomy":"product_tag","embeddable":true,"href":"https:\/\/france-gastronomie.shop\/cs\/wp-json\/wp\/v2\/product_tag?post=14397"}],"curies":[{"name":"wp","href":"https:\/\/api.w.org\/{rel}","templated":true}]}}