{"id":14385,"date":"2023-07-10T10:44:10","date_gmt":"2023-07-10T10:44:10","guid":{"rendered":"https:\/\/france-gastronomie.shop\/?post_type=product&#038;p=14385"},"modified":"2025-04-15T17:16:20","modified_gmt":"2025-04-15T17:16:20","slug":"lesprit-spritz-arthur-metz","status":"publish","type":"product","link":"https:\/\/france-gastronomie.shop\/cs\/produit\/lesprit-spritz-arthur-metz\/","title":{"rendered":"L&#8217;Esprit Spritz <br\/> Arthur Metz"},"content":{"rendered":"<h5>L&#8217;Esprit Spritz<\/h5>\n<h5>Arthur Metz<\/h5>\n<p>Arthur Metz, specialista na \u0161umiv\u00e9 n\u00e1poje, p\u0159ich\u00e1z\u00ed s receptem na Spritz!<\/p>\n<p>Koktejl p\u0159ipraven\u00fd k pod\u00e1v\u00e1n\u00ed<br \/>\nVychutnejte si jej na ledu<br \/>\n100% p\u0159\u00edrodn\u00ed ingredience<\/p>\n<p>Degustace<br \/>\nJasn\u011b oran\u017eov\u00e1 barva.<br \/>\nJemn\u00e1 v\u016fn\u011b s pomeran\u010dovou k\u016frou a bylinn\u00fdm n\u00e1dechem rozmar\u00fdnu.<br \/>\nP\u0159\u00edjemn\u00e1 chu\u0165 s harmonickou rovnov\u00e1hou mezi lehkou ho\u0159kost\u00ed a ovocnost\u00ed pomeran\u010de. Celek je podpo\u0159en jemn\u00fdmi bublinkami a dotekem rozmar\u00fdnu, kter\u00fd p\u0159in\u00e1\u0161\u00ed sv\u011b\u017eest.<\/p>\n<p>P\u00e1rov\u00e1n\u00ed j\u00eddla a v\u00edna<br \/>\nVhodn\u00fd ke slan\u00fdm chu\u0165ovk\u00e1m a minidezert\u016fm.<\/p>\n<p>Teplota pod\u00e1v\u00e1n\u00ed: 5-7 \u00b0C s ledem<br \/>\nObsah alkoholu: 11\u00b0<\/p>\n","protected":false},"excerpt":{"rendered":"<h5>Arthur Metz<\/h5>\n<p>Ji\u017e od roku 1904 se sna\u017e\u00edme p\u0159in\u00e1\u0161et v\u00e1m v\u00edna nejvy\u0161\u0161\u00ed kvality. Na\u0161e \u0159ady, v nich\u017e se snoub\u00ed tradice a modernost, dostupnost a presti\u017e, nab\u00edzej\u00ed \u0161irok\u00fd v\u00fdb\u011br pro v\u0161echny milovn\u00edky jemn\u00fdch bublinek.<\/p>\n","protected":false},"featured_media":14388,"comment_status":"open","ping_status":"closed","template":"","meta":[],"product_brand":[],"product_cat":[383,389,394,395,390,393],"product_tag":[],"class_list":{"0":"post-14385","1":"product","2":"type-product","3":"status-publish","4":"has-post-thumbnail","6":"product_cat-vina","7":"product_cat-spickova-vina","8":"product_cat-regiony","9":"product_cat-alsace-cs","10":"product_cat-sumiva","11":"product_cat-cremant-cs","13":"first","14":"instock","15":"taxable","16":"shipping-taxable","17":"purchasable","18":"product-type-simple"},"jetpack_sharing_enabled":true,"_links":{"self":[{"href":"https:\/\/france-gastronomie.shop\/cs\/wp-json\/wp\/v2\/product\/14385","targetHints":{"allow":["GET"]}}],"collection":[{"href":"https:\/\/france-gastronomie.shop\/cs\/wp-json\/wp\/v2\/product"}],"about":[{"href":"https:\/\/france-gastronomie.shop\/cs\/wp-json\/wp\/v2\/types\/product"}],"replies":[{"embeddable":true,"href":"https:\/\/france-gastronomie.shop\/cs\/wp-json\/wp\/v2\/comments?post=14385"}],"wp:featuredmedia":[{"embeddable":true,"href":"https:\/\/france-gastronomie.shop\/cs\/wp-json\/wp\/v2\/media\/14388"}],"wp:attachment":[{"href":"https:\/\/france-gastronomie.shop\/cs\/wp-json\/wp\/v2\/media?parent=14385"}],"wp:term":[{"taxonomy":"product_brand","embeddable":true,"href":"https:\/\/france-gastronomie.shop\/cs\/wp-json\/wp\/v2\/product_brand?post=14385"},{"taxonomy":"product_cat","embeddable":true,"href":"https:\/\/france-gastronomie.shop\/cs\/wp-json\/wp\/v2\/product_cat?post=14385"},{"taxonomy":"product_tag","embeddable":true,"href":"https:\/\/france-gastronomie.shop\/cs\/wp-json\/wp\/v2\/product_tag?post=14385"}],"curies":[{"name":"wp","href":"https:\/\/api.w.org\/{rel}","templated":true}]}}