{"id":1431,"date":"2020-08-18T18:48:07","date_gmt":"2020-08-18T18:48:07","guid":{"rendered":"https:\/\/france-gastronomie.shop\/produit\/chardonnay-viognier-vaucluse\/"},"modified":"2024-11-04T10:55:49","modified_gmt":"2024-11-04T10:55:49","slug":"chardonnay-viognier-vaucluse","status":"publish","type":"product","link":"https:\/\/france-gastronomie.shop\/cs\/produit\/chardonnay-viognier-vaucluse\/","title":{"rendered":"Chardonnay Viognier <br\/> IGP Vaucluse"},"content":{"rendered":"<h5>Chardonnay Viognier<\/h5>\n<h5>IGP Vaucluse<\/h5>\n<p>P\u016fvod &#8211; poloha<br \/>\nPodlo\u017e\u00ed j\u00edlovo k\u0159emi\u010dit\u00e9<\/p>\n<p>Vinifikace<br \/>\nPo obr\u00e1n\u00ed jsou hrozny lisov\u00e1ny. Fermentace p\u0159i n\u00edzk\u00e9 teplot\u011b 12 a\u017e 14 \u00b0 C.<\/p>\n<p>Zr\u00e1n\u00ed:<br \/>\n2 m\u011bs\u00edce v n\u00e1dr\u017ei<\/p>\n<p>Odr\u016fdy<br \/>\nChardonnay 40 %, Viognier 60%<\/p>\n<p>Chu\u0165ov\u00e9 pozn\u00e1mky od na\u0161eho enologa<br \/>\nToto b\u00edl\u00e9 v\u00edno m\u00e1 bled\u011b \u017elutou barvu s perle\u0165ov\u00fdmi zv\u00fdrazn\u011bn\u00fdmi prvky. Poch\u00e1z\u00ed ze dvou velmi aromatick\u00fdch odr\u016fd hrozn\u016f Chardonnay a Viognier. Metoda n\u00edzkoteplotn\u00ed vinifikace umo\u017e\u0148uje vdechnout tomuto v\u00ednu bohatou aromatickou \u0161k\u00e1lu. Najdete zde velmi pestr\u00e9 kv\u011btinov\u00e9 parf\u00e9my, ale i ovocn\u00e9 t\u00f3ny, broskve<br \/>\na zral\u00e9 meru\u0148ky. V \u00fastech vykazuje \u010derstvost a tuhost.<\/p>\n<p>St\u00e1\u010deno do lahv\u00ed<br \/>\nVe vina\u0159stv\u00ed<\/p>\n<p>Rady k degustaci<br \/>\nUchov\u00e1vat: 1-2 roky. 10\u00b0-12\u00b0C<\/p>\n<p>Doporu\u010den\u00ed<br \/>\nJe nutn\u00e9 ho p\u00edt dob\u0159e vychlazen\u00e9, bu\u010f jako aperitiv nebo spolu s kor\u00fd\u0161i a rybami nebo s r\u016fzn\u00fdmi p\u0159edkrmy.<\/p>\n<p>2015: Zlat\u00e1 Medaile Orange 2016<\/p>\n","protected":false},"excerpt":{"rendered":"<h5>IGP Vaucluse<\/h5>\n<p>V roce 1925 se spojila skupina vina\u0159\u016f p\u0159esv\u011bd\u010den\u00fdch o hodnot\u00e1ch solidarity a vz\u00e1jemn\u00e9 pomoci. O jeden\u00e1ct let pozd\u011bji se tito vizion\u00e1\u0159\u0161t\u00ed vina\u0159i pod\u00edleli na vytvo\u0159en\u00ed prvn\u00ed apelace ve Francii: CH\u00c2TEAUNEUF-DU-PAPE.<br \/>\n189 vina\u0159\u016f z CELLIER DES PRINCES, kte\u0159\u00ed byli na po\u010d\u00e1tku sjednoceni, je hrd\u00fdch na to, \u017ee mohou sv\u00e1 v\u00edna prod\u00e1vat na v\u0161ech p\u011bti kontinentech a p\u0159ed\u00e1vat sv\u00e9 hodnoty, jako je pohostinnost a dokonalost.<\/p>\n<p>Odr\u016fdy<br \/>\nChardonnay 40 %, Viognier 60%<\/p>\n","protected":false},"featured_media":24002,"comment_status":"closed","ping_status":"closed","template":"","meta":[],"product_brand":[],"product_cat":[383,394,435,439,385,386],"product_tag":[],"class_list":{"0":"post-1431","1":"product","2":"type-product","3":"status-publish","4":"has-post-thumbnail","6":"product_cat-vina","7":"product_cat-regiony","8":"product_cat-vallee-du-rhone-cs","9":"product_cat-principaute-dorange-et-vaucluse-cs","10":"product_cat-barva","11":"product_cat-bila-vina","13":"first","14":"instock","15":"taxable","16":"shipping-taxable","17":"purchasable","18":"product-type-simple"},"jetpack_sharing_enabled":true,"_links":{"self":[{"href":"https:\/\/france-gastronomie.shop\/cs\/wp-json\/wp\/v2\/product\/1431","targetHints":{"allow":["GET"]}}],"collection":[{"href":"https:\/\/france-gastronomie.shop\/cs\/wp-json\/wp\/v2\/product"}],"about":[{"href":"https:\/\/france-gastronomie.shop\/cs\/wp-json\/wp\/v2\/types\/product"}],"replies":[{"embeddable":true,"href":"https:\/\/france-gastronomie.shop\/cs\/wp-json\/wp\/v2\/comments?post=1431"}],"wp:featuredmedia":[{"embeddable":true,"href":"https:\/\/france-gastronomie.shop\/cs\/wp-json\/wp\/v2\/media\/24002"}],"wp:attachment":[{"href":"https:\/\/france-gastronomie.shop\/cs\/wp-json\/wp\/v2\/media?parent=1431"}],"wp:term":[{"taxonomy":"product_brand","embeddable":true,"href":"https:\/\/france-gastronomie.shop\/cs\/wp-json\/wp\/v2\/product_brand?post=1431"},{"taxonomy":"product_cat","embeddable":true,"href":"https:\/\/france-gastronomie.shop\/cs\/wp-json\/wp\/v2\/product_cat?post=1431"},{"taxonomy":"product_tag","embeddable":true,"href":"https:\/\/france-gastronomie.shop\/cs\/wp-json\/wp\/v2\/product_tag?post=1431"}],"curies":[{"name":"wp","href":"https:\/\/api.w.org\/{rel}","templated":true}]}}