{"id":1402,"date":"2020-08-18T18:16:44","date_gmt":"2020-08-18T18:16:44","guid":{"rendered":"https:\/\/france-gastronomie.shop\/produit\/a-lombre-des-parasolsvaucluse\/"},"modified":"2024-11-05T14:09:37","modified_gmt":"2024-11-05T14:09:37","slug":"a-lombre-des-parasolsvaucluse","status":"publish","type":"product","link":"https:\/\/france-gastronomie.shop\/cs\/produit\/a-lombre-des-parasolsvaucluse\/","title":{"rendered":"A l&#8217;ombre des parasols <br\/> IGP Vaucluse"},"content":{"rendered":"<h5>A l&#8217;ombre des parasols<\/h5>\n<h5>IGP Vaucluse<\/h5>\n<p>P\u016fvod<br \/>\nJ\u00edlovo k\u0159emi\u010dit\u00e1 p\u016fda<\/p>\n<p>Vinifikace<br \/>\nObr\u00e1n\u00ed, p\u0159\u00edm\u00e9 lisov\u00e1n\u00ed. Fermentace p\u0159i n\u00edzk\u00e9 teplot\u011b 14 &#8211; 16\u00b0 C.<br \/>\nSt\u00e1\u010den\u00ed do lahv\u00ed koncem zimy, aby se zachovala v\u0161echna \u010derstvost a aromata.<\/p>\n<p>Odr\u016fdy<br \/>\nGrenache, Syrah, Cinsault<\/p>\n<p>Degustace<br \/>\nToto v\u00edno m\u00e1 z\u00e1\u0159ivou barvu a velmi aromatickou v\u016fni s t\u00f3ny drobn\u00e9ho \u010derven\u00e9ho ovoce, jahod a malin. Zachutn\u00e1 pro svou \u010derstvost.<\/p>\n<p>Pod\u00e1v\u00e1n\u00ed<br \/>\nM\u016f\u017ee se p\u00edt hned, ale m\u016f\u017ee se uchov\u00e1vat 1 &#8211; 2 roky. Pod\u00e1vat p\u0159i 10\u00b0-12\u00b0C<\/p>\n<p>Doporu\u010den\u00ed<br \/>\nHod\u00ed se k tepl\u00fdm p\u0159edkrm\u016fm, grilovan\u00fdm j\u00eddl\u016fm, uzenin\u00e1m nebo ryb\u00e1m.<\/p>\n","protected":false},"excerpt":{"rendered":"<h5>IGP Vaucluse<\/h5>\n<p>V roce 1925 se spojila skupina vina\u0159\u016f p\u0159esv\u011bd\u010den\u00fdch o hodnot\u00e1ch solidarity a vz\u00e1jemn\u00e9 pomoci. O jeden\u00e1ct let pozd\u011bji se tito vizion\u00e1\u0159\u0161t\u00ed vina\u0159i pod\u00edleli na vytvo\u0159en\u00ed prvn\u00ed apelace ve Francii: CH\u00c2TEAUNEUF-DU-PAPE.<br \/>\n189 vina\u0159\u016f z CELLIER DES PRINCES, kte\u0159\u00ed byli na po\u010d\u00e1tku sjednoceni, je hrd\u00fdch na to, \u017ee mohou sv\u00e1 v\u00edna prod\u00e1vat na v\u0161ech p\u011bti kontinentech a p\u0159ed\u00e1vat sv\u00e9 hodnoty, jako je pohostinnost a dokonalost.<\/p>\n<p>Odr\u016fdy<br \/>\nGrenache, Syrah, Cinsault<\/p>\n","protected":false},"featured_media":1399,"comment_status":"closed","ping_status":"closed","template":"","meta":[],"product_brand":[],"product_cat":[383,394,435,439,385,387],"product_tag":[],"class_list":{"0":"post-1402","1":"product","2":"type-product","3":"status-publish","4":"has-post-thumbnail","6":"product_cat-vina","7":"product_cat-regiony","8":"product_cat-vallee-du-rhone-cs","9":"product_cat-principaute-dorange-et-vaucluse-cs","10":"product_cat-barva","11":"product_cat-ruzova-vina","13":"first","14":"outofstock","15":"taxable","16":"shipping-taxable","17":"purchasable","18":"product-type-simple"},"jetpack_sharing_enabled":true,"_links":{"self":[{"href":"https:\/\/france-gastronomie.shop\/cs\/wp-json\/wp\/v2\/product\/1402","targetHints":{"allow":["GET"]}}],"collection":[{"href":"https:\/\/france-gastronomie.shop\/cs\/wp-json\/wp\/v2\/product"}],"about":[{"href":"https:\/\/france-gastronomie.shop\/cs\/wp-json\/wp\/v2\/types\/product"}],"replies":[{"embeddable":true,"href":"https:\/\/france-gastronomie.shop\/cs\/wp-json\/wp\/v2\/comments?post=1402"}],"wp:featuredmedia":[{"embeddable":true,"href":"https:\/\/france-gastronomie.shop\/cs\/wp-json\/wp\/v2\/media\/1399"}],"wp:attachment":[{"href":"https:\/\/france-gastronomie.shop\/cs\/wp-json\/wp\/v2\/media?parent=1402"}],"wp:term":[{"taxonomy":"product_brand","embeddable":true,"href":"https:\/\/france-gastronomie.shop\/cs\/wp-json\/wp\/v2\/product_brand?post=1402"},{"taxonomy":"product_cat","embeddable":true,"href":"https:\/\/france-gastronomie.shop\/cs\/wp-json\/wp\/v2\/product_cat?post=1402"},{"taxonomy":"product_tag","embeddable":true,"href":"https:\/\/france-gastronomie.shop\/cs\/wp-json\/wp\/v2\/product_tag?post=1402"}],"curies":[{"name":"wp","href":"https:\/\/api.w.org\/{rel}","templated":true}]}}