{"id":1356,"date":"2020-08-18T11:26:33","date_gmt":"2020-08-18T11:26:33","guid":{"rendered":"https:\/\/france-gastronomie.shop\/produit\/vpo-vaucluse-2\/"},"modified":"2025-06-30T09:03:42","modified_gmt":"2025-06-30T09:03:42","slug":"vpo-vaucluse-2","status":"publish","type":"product","link":"https:\/\/france-gastronomie.shop\/cs\/produit\/vpo-vaucluse-2\/","title":{"rendered":"Triporteur <br\/> IGP Vaucluse"},"content":{"rendered":"<h5>Triporteur<\/h5>\n<h5>IGP Vaucluse<\/h5>\n<p>P\u016fvod<br \/>\nPodlo\u017e\u00ed j\u00edlovo k\u0159emi\u010dit\u00e9<\/p>\n<p>Vinifikace<br \/>\nPo sb\u011bru jsou hrozny hned lisov\u00e1ny. Kva\u0161en\u00ed p\u0159i n\u00edzk\u00e9 teplot\u011b 14 a\u017e 16 \u00b0 C.<\/p>\n<p>Zr\u00e1n\u00ed<br \/>\n6 m\u011bs\u00edce v n\u00e1dr\u017ei<\/p>\n<p>Odr\u016fdy<br \/>\nGrenache a Syrah<\/p>\n<p>Chu\u0165ov\u00e9 pozn\u00e1mky od na\u0161eho enologa<br \/>\nToto v\u00edno velmi sv\u011btl\u00e9 r\u016f\u017eov\u00e9 barvy je velmi aromatick\u00e9 najdeme v n\u011bm n\u00e1dech<br \/>\n\u010derven\u00e9ho ovoce, jahod a malin. V \u00fastech chutn\u00e1 pro svou sv\u011b\u017eest a k\u0159upav\u00e9 ovoce.<\/p>\n<p>St\u00e1\u010deno do lahv\u00ed<br \/>\nVe vina\u0159stv\u00ed<\/p>\n<p>Rady k degustaci<br \/>\nUchov\u00e1vat: 2-3 roky<\/p>\n<p>Teplota 10\u00b0-12\u00b0C<\/p>\n<p>Doporu\u010den\u00ed<br \/>\nPod\u00e1vat vychlazen\u00e9 k tepl\u00fdm p\u0159edkrm\u016fm, p\u0159i grilov\u00e1n\u00ed k uzenin\u00e1m nebo ryb\u00e1m.<br \/>\nNebo jako aperitiv.<\/p>\n","protected":false},"excerpt":{"rendered":"<h5>IGP Vaucluse<\/h5>\n<p>V roce 1925 se spojila skupina vina\u0159\u016f p\u0159esv\u011bd\u010den\u00fdch o hodnot\u00e1ch solidarity a vz\u00e1jemn\u00e9 pomoci. O jeden\u00e1ct let pozd\u011bji se tito vizion\u00e1\u0159\u0161t\u00ed vina\u0159i pod\u00edleli na vytvo\u0159en\u00ed prvn\u00ed apelace ve Francii: CH\u00c2TEAUNEUF-DU-PAPE.<br \/>\n189 vina\u0159\u016f z CELLIER DES PRINCES, kte\u0159\u00ed byli na po\u010d\u00e1tku sjednoceni, je hrd\u00fdch na to, \u017ee mohou sv\u00e1 v\u00edna prod\u00e1vat na v\u0161ech p\u011bti kontinentech a p\u0159ed\u00e1vat sv\u00e9 hodnoty, jako je pohostinnost a dokonalost.<\/p>\n<p>Odr\u016fdy<br \/>\nGrenache a Syrah<\/p>\n","protected":false},"featured_media":14536,"comment_status":"closed","ping_status":"closed","template":"","meta":[],"product_brand":[],"product_cat":[383,394,435,439,385,387],"product_tag":[],"class_list":{"0":"post-1356","1":"product","2":"type-product","3":"status-publish","4":"has-post-thumbnail","6":"product_cat-vina","7":"product_cat-regiony","8":"product_cat-vallee-du-rhone-cs","9":"product_cat-principaute-dorange-et-vaucluse-cs","10":"product_cat-barva","11":"product_cat-ruzova-vina","13":"first","14":"instock","15":"taxable","16":"shipping-taxable","17":"purchasable","18":"product-type-simple"},"jetpack_sharing_enabled":true,"_links":{"self":[{"href":"https:\/\/france-gastronomie.shop\/cs\/wp-json\/wp\/v2\/product\/1356","targetHints":{"allow":["GET"]}}],"collection":[{"href":"https:\/\/france-gastronomie.shop\/cs\/wp-json\/wp\/v2\/product"}],"about":[{"href":"https:\/\/france-gastronomie.shop\/cs\/wp-json\/wp\/v2\/types\/product"}],"replies":[{"embeddable":true,"href":"https:\/\/france-gastronomie.shop\/cs\/wp-json\/wp\/v2\/comments?post=1356"}],"wp:featuredmedia":[{"embeddable":true,"href":"https:\/\/france-gastronomie.shop\/cs\/wp-json\/wp\/v2\/media\/14536"}],"wp:attachment":[{"href":"https:\/\/france-gastronomie.shop\/cs\/wp-json\/wp\/v2\/media?parent=1356"}],"wp:term":[{"taxonomy":"product_brand","embeddable":true,"href":"https:\/\/france-gastronomie.shop\/cs\/wp-json\/wp\/v2\/product_brand?post=1356"},{"taxonomy":"product_cat","embeddable":true,"href":"https:\/\/france-gastronomie.shop\/cs\/wp-json\/wp\/v2\/product_cat?post=1356"},{"taxonomy":"product_tag","embeddable":true,"href":"https:\/\/france-gastronomie.shop\/cs\/wp-json\/wp\/v2\/product_tag?post=1356"}],"curies":[{"name":"wp","href":"https:\/\/api.w.org\/{rel}","templated":true}]}}