{"id":1349,"date":"2020-08-18T11:14:00","date_gmt":"2020-08-18T11:14:00","guid":{"rendered":"https:\/\/france-gastronomie.shop\/produit\/vpo-vaucluse\/"},"modified":"2025-12-02T08:03:09","modified_gmt":"2025-12-02T08:03:09","slug":"vpo-vaucluse","status":"publish","type":"product","link":"https:\/\/france-gastronomie.shop\/cs\/produit\/vpo-vaucluse\/","title":{"rendered":"Triporteur <br\/> IGP Vaucluse"},"content":{"rendered":"<h5>Triporteur<\/h5>\n<h5>IGP Vaucluse<\/h5>\n<p>P\u016fvod &#8211; poloha<br \/>\nJ\u00edlov\u00e1 a k\u0159emi\u010dit\u00e1 p\u016fda.<\/p>\n<p>Vinifikace<br \/>\nObr\u00e1n\u00ed, vylisov\u00e1n\u00ed. Fermentace p\u0159i n\u00edzk\u00e9 teplot\u011b 14 a\u017e 16\u00b0 C.<br \/>\nSt\u00e1\u010deno do lahv\u00ed koncem zimy, aby se zachovalo maximum sv\u011b\u017eesti a v\u016fn\u00ed.<\/p>\n<p>Zr\u00e1n\u00ed<br \/>\n6 m\u011bs\u00edc\u016f v nerezov\u00e9 n\u00e1dr\u017ei<\/p>\n<p>Odr\u016fdy<br \/>\nGrenache, Bourboulenc, Clairette, Marsanne, Roussane a Sauvignon<\/p>\n<p>Chu\u0165ov\u00e9 pozn\u00e1mky od na\u0161eho enologa<br \/>\nToto such\u00e9 bile v\u00edno je vyr\u00e1b\u011bno ze dvou odr\u016fd a m\u00e1 jasnou zlat\u011b zelenavou barvu.<br \/>\nB\u00edl\u00e9 Grenache d\u00e1v\u00e1 chuti s\u00edlu s odst\u00edny b\u00edl\u00fdch kv\u011bt\u016f a b\u00edl\u00fd Sauvignon p\u0159in\u00e1\u0161\u00ed v\u016fn\u011b exotick\u00e9ho ovoce. Vinifikace p\u0159i n\u00edzk\u00e9 teplot\u011b zv\u00fdraz\u0148uje tyto intenzivn\u00ed v\u016fn\u011b.<\/p>\n<p>St\u00e1\u010deno do lahv\u00ed<br \/>\nve vina\u0159stv\u00ed<\/p>\n<p>Rady k degustaci<br \/>\nM\u016f\u017eete si ho vychutnat hned nebo uchov\u00e1vat 1 &#8211; 2 roky. Pod\u00e1vejte p\u0159i 14\u00b0-16\u00b0C<\/p>\n<p>Doporu\u010den\u00ed<br \/>\nJe vynikaj\u00edc\u00ed jako samotn\u00e9 a hod\u00ed se k mo\u0159sk\u00fdm plod\u016fm, ryb\u00e1m a r\u016fzn\u00fdm p\u0159edkrm\u016fm.<\/p>\n","protected":false},"excerpt":{"rendered":"<h5>IGP Vaucluse<\/h5>\n<p>V roce 1925 se spojila skupina vina\u0159\u016f p\u0159esv\u011bd\u010den\u00fdch o hodnot\u00e1ch solidarity a vz\u00e1jemn\u00e9 pomoci. O jeden\u00e1ct let pozd\u011bji se tito vizion\u00e1\u0159\u0161t\u00ed vina\u0159i pod\u00edleli na vytvo\u0159en\u00ed prvn\u00ed apelace ve Francii: CH\u00c2TEAUNEUF-DU-PAPE.<br \/>\n189 vina\u0159\u016f z CELLIER DES PRINCES, kte\u0159\u00ed byli na po\u010d\u00e1tku sjednoceni, je hrd\u00fdch na to, \u017ee mohou sv\u00e1 v\u00edna prod\u00e1vat na v\u0161ech p\u011bti kontinentech a p\u0159ed\u00e1vat sv\u00e9 hodnoty, jako je pohostinnost a dokonalost.<\/p>\n<p>Odr\u016fdy<br \/>\nGrenache, Bourboulenc, Clairette, Marsanne, Roussane a Sauvignon<\/p>\n","protected":false},"featured_media":14533,"comment_status":"closed","ping_status":"closed","template":"","meta":[],"product_brand":[],"product_cat":[383,394,435,439,385,386],"product_tag":[],"class_list":{"0":"post-1349","1":"product","2":"type-product","3":"status-publish","4":"has-post-thumbnail","6":"product_cat-vina","7":"product_cat-regiony","8":"product_cat-vallee-du-rhone-cs","9":"product_cat-principaute-dorange-et-vaucluse-cs","10":"product_cat-barva","11":"product_cat-bila-vina","13":"first","14":"instock","15":"taxable","16":"shipping-taxable","17":"purchasable","18":"product-type-simple"},"jetpack_sharing_enabled":true,"_links":{"self":[{"href":"https:\/\/france-gastronomie.shop\/cs\/wp-json\/wp\/v2\/product\/1349","targetHints":{"allow":["GET"]}}],"collection":[{"href":"https:\/\/france-gastronomie.shop\/cs\/wp-json\/wp\/v2\/product"}],"about":[{"href":"https:\/\/france-gastronomie.shop\/cs\/wp-json\/wp\/v2\/types\/product"}],"replies":[{"embeddable":true,"href":"https:\/\/france-gastronomie.shop\/cs\/wp-json\/wp\/v2\/comments?post=1349"}],"wp:featuredmedia":[{"embeddable":true,"href":"https:\/\/france-gastronomie.shop\/cs\/wp-json\/wp\/v2\/media\/14533"}],"wp:attachment":[{"href":"https:\/\/france-gastronomie.shop\/cs\/wp-json\/wp\/v2\/media?parent=1349"}],"wp:term":[{"taxonomy":"product_brand","embeddable":true,"href":"https:\/\/france-gastronomie.shop\/cs\/wp-json\/wp\/v2\/product_brand?post=1349"},{"taxonomy":"product_cat","embeddable":true,"href":"https:\/\/france-gastronomie.shop\/cs\/wp-json\/wp\/v2\/product_cat?post=1349"},{"taxonomy":"product_tag","embeddable":true,"href":"https:\/\/france-gastronomie.shop\/cs\/wp-json\/wp\/v2\/product_tag?post=1349"}],"curies":[{"name":"wp","href":"https:\/\/api.w.org\/{rel}","templated":true}]}}