{"id":1339,"date":"2020-08-18T10:57:34","date_gmt":"2020-08-18T10:57:34","guid":{"rendered":"https:\/\/france-gastronomie.shop\/produit\/le-triporteur-vaucluse\/"},"modified":"2025-07-11T09:01:06","modified_gmt":"2025-07-11T09:01:06","slug":"le-triporteur-vaucluse","status":"publish","type":"product","link":"https:\/\/france-gastronomie.shop\/cs\/produit\/le-triporteur-vaucluse\/","title":{"rendered":"Bag In Box 3L <br\/> Le Triporteur"},"content":{"rendered":"<h5>Le Triporteur<\/h5>\n<h5>IGP Vaucluse<\/h5>\n<p>Terroir<br \/>\nPodlo\u017e\u00ed j\u00edlovo k\u0159emi\u010dit\u00e9<\/p>\n<p>Vinifikace<br \/>\nPo sb\u011bru jsou hrozny hned lisov\u00e1ny. Kva\u0161en\u00ed p\u0159i n\u00edzk\u00e9 teplot\u011b 14 a\u017e 16 \u00b0 C<\/p>\n<p>Zr\u00e1n\u00ed<br \/>\n4 m\u011bs\u00edce v n\u00e1dr\u017ei<\/p>\n<p>Odr\u016fdy<br \/>\nGrenache, Syrah<\/p>\n<p>Degustace<br \/>\nToto v\u00edno m\u00e1 velmi sv\u011btle r\u016f\u017eovou barvu a je velmi aromatick\u00e9 s t\u00f3ny drobn\u00e9ho \u010derven\u00e9ho ovoce, jahody a maliny. V chuti pot\u011b\u0161\u00ed svou sv\u011b\u017eest\u00ed a v\u00fdrazn\u00fdm ovocem.<\/p>\n<p>St\u00e1\u010deno do lahv\u00ed<br \/>\nVe vina\u0159stv\u00ed<\/p>\n<p>Rady k degustaci<br \/>\nUchov\u00e1vat: 2-3 roky.<\/p>\n<p>Teplota 10\u00b0-12\u00b0C<\/p>\n<p>Doporu\u010den\u00ed<br \/>\nPod\u00e1vat vychlazen\u00e9 k tepl\u00fdm p\u0159edkrm\u016fm, p\u0159i grilov\u00e1n\u00ed k uzenin\u00e1m nebo ryb\u00e1m.<br \/>\nNebo jako aperitiv.<\/p>\n","protected":false},"excerpt":{"rendered":"<h5>IGP Vaucluse<\/h5>\n<p>Odr\u016fdy<br \/>\nGrenache, Syrah<\/p>\n","protected":false},"featured_media":9797,"comment_status":"closed","ping_status":"closed","template":"","meta":[],"product_brand":[],"product_cat":[570,383,394,435,439,385,387],"product_tag":[],"class_list":{"0":"post-1339","1":"product","2":"type-product","3":"status-publish","4":"has-post-thumbnail","6":"product_cat-bag-in-box-3l-cs","7":"product_cat-vina","8":"product_cat-regiony","9":"product_cat-vallee-du-rhone-cs","10":"product_cat-principaute-dorange-et-vaucluse-cs","11":"product_cat-barva","12":"product_cat-ruzova-vina","14":"first","15":"instock","16":"taxable","17":"shipping-taxable","18":"purchasable","19":"product-type-simple"},"jetpack_sharing_enabled":true,"_links":{"self":[{"href":"https:\/\/france-gastronomie.shop\/cs\/wp-json\/wp\/v2\/product\/1339","targetHints":{"allow":["GET"]}}],"collection":[{"href":"https:\/\/france-gastronomie.shop\/cs\/wp-json\/wp\/v2\/product"}],"about":[{"href":"https:\/\/france-gastronomie.shop\/cs\/wp-json\/wp\/v2\/types\/product"}],"replies":[{"embeddable":true,"href":"https:\/\/france-gastronomie.shop\/cs\/wp-json\/wp\/v2\/comments?post=1339"}],"wp:featuredmedia":[{"embeddable":true,"href":"https:\/\/france-gastronomie.shop\/cs\/wp-json\/wp\/v2\/media\/9797"}],"wp:attachment":[{"href":"https:\/\/france-gastronomie.shop\/cs\/wp-json\/wp\/v2\/media?parent=1339"}],"wp:term":[{"taxonomy":"product_brand","embeddable":true,"href":"https:\/\/france-gastronomie.shop\/cs\/wp-json\/wp\/v2\/product_brand?post=1339"},{"taxonomy":"product_cat","embeddable":true,"href":"https:\/\/france-gastronomie.shop\/cs\/wp-json\/wp\/v2\/product_cat?post=1339"},{"taxonomy":"product_tag","embeddable":true,"href":"https:\/\/france-gastronomie.shop\/cs\/wp-json\/wp\/v2\/product_tag?post=1339"}],"curies":[{"name":"wp","href":"https:\/\/api.w.org\/{rel}","templated":true}]}}