{"id":13357,"date":"2022-03-14T08:16:04","date_gmt":"2022-03-14T09:57:25","guid":{"rendered":"https:\/\/france-gastronomie.shop\/produit\/entre-parentheses-vin-de-bordeaux-3\/"},"modified":"2025-10-31T16:05:04","modified_gmt":"2025-10-31T16:05:04","slug":"entre-parentheses-vin-de-bordeaux-3","status":"publish","type":"product","link":"https:\/\/france-gastronomie.shop\/cs\/produit\/entre-parentheses-vin-de-bordeaux-3\/","title":{"rendered":"Entre-Parenth\u00e8ses <br\/> Vin de Bordeaux"},"content":{"rendered":"<h5>Entre Parenth\u00e8ses<\/h5>\n<h5>AOC Vin de Bordeaux<\/h5>\n<p>P\u016eVOD<br \/>\nVze\u0161l\u00e9 z p\u0159\u00edsn\u00e9ho v\u00fdb\u011bru na\u0161ich enolog\u016f, Entre Parenth\u00e8ses p\u0159edstavuje j\u00e1dro nejlep\u0161\u00edch j\u00edlovo v\u00e1pencov\u00fdch p\u016fd bordeauxsk\u00fdch vinic.<br \/>\nByly speci\u00e1ln\u011b vybr\u00e1ny pro jejich schopnost poskytovat odr\u016fdov\u00e1 v\u00edna s\u00a0kr\u00e1snou aromatickou intenzitou.<\/p>\n<p>ODR\u016eDY<br \/>\nSauvignon Blanc<\/p>\n<p>VINIFIKACE<br \/>\nPo studen\u00e9 maceraci ve slupce prob\u00edh\u00e1 pomal\u00e9 kva\u0161en\u00ed p\u0159i n\u00edzk\u00e9 teplot\u011b, aby se z\u00edskalo jemn\u011b ovocn\u00e9 v\u00edno. V\u00edno pot\u00e9 zraje v nerezov\u00fdch tanc\u00edch.<\/p>\n<p>DEGUSTACE<br \/>\nEntre Parenth\u00e8ses Blanc Premium m\u00e1 kr\u00e1snou z\u00e1\u0159ivou barvu se zelen\u00fdmi odst\u00edny a odhaluje elegantn\u00ed buket s kv\u011btinov\u00fdmi a citrusov\u00fdmi t\u00f3ny.<br \/>\nChu\u0165 je p\u0159\u00edjemn\u011b sv\u011b\u017e\u00ed, bez p\u0159ebyte\u010dn\u00fdch kyselin a s ovocnou p\u0159\u00edchut\u00ed. Harmonick\u00e9 a aromatick\u00e9 v\u00edno.<\/p>\n<p>DOPORU\u010cEN\u00cd<br \/>\nEntre Parenth\u00e8ses Blanc Premium se perfektn\u011b hod\u00ed pro va\u0161e chv\u00edle odpo\u010dinku, a\u0165 u\u017e jako aperitiv nebo k dobr\u00e9mu j\u00eddlu z mo\u0159sk\u00fdch plod\u016f, \u00fast\u0159ic nebo k ryb\u00edmu carpacciu. M\u016f\u017ee se pod\u00e1vat tak\u00e9 k dezert\u016fm z b\u00edl\u00e9ho ovoce.<\/p>\n<p>TEPLOTA<br \/>\nPod\u00e1vejte vychlazen\u00e9 p\u0159i teplot\u011b 10 a\u017e 12 \u00b0C.<\/p>\n","protected":false},"excerpt":{"rendered":"<h2><strong><span style=\"color: #ff0000;\">Pozor!!<br \/>\n<\/span><\/strong><strong><span style=\"color: #ff0000;\">U tohoto produktu m\u016f\u017eete vyu\u017e\u00edt jedine\u010dnou nab\u00eddku<\/span><\/strong><strong><span style=\"color: #ff0000;\"> <a style=\"color: #ff0000;\" href=\"https:\/\/france-gastronomie.shop\/cs\/category\/doporucujeme\/\">ZDE<\/a><\/span><\/strong><\/h2>\n<h5>AOC Vin de Bordeaux<\/h5>\n<p>Maison Le Star je realizac\u00ed snu a vyj\u00e1d\u0159en\u00edm v\u00e1\u0161n\u011b.<br \/>\nObklopeni t\u00fdmem profesion\u00e1l\u016f, enolog\u016f a sommelier\u016f, kte\u0159\u00ed zaru\u010duj\u00ed kvalitu n\u00e1mi vyr\u00e1b\u011bn\u00fdch a vybran\u00fdch v\u00edn, nab\u00edz\u00edme budouc\u00edm milovn\u00edk\u016fm a znalc\u016fm v\u00edna z cel\u00e9ho sv\u011bta kvalitn\u00ed francouzsk\u00e1 v\u00edna za odpov\u00eddaj\u00edc\u00ed cenu.<\/p>\n<p>ODR\u016eDY<br \/>\nSauvignon Blanc<\/p>\n","protected":false},"featured_media":13349,"comment_status":"open","ping_status":"closed","template":"","meta":[],"product_brand":[],"product_cat":[383,394,400,419,385,386],"product_tag":[],"class_list":{"0":"post-13357","1":"product","2":"type-product","3":"status-publish","4":"has-post-thumbnail","6":"product_cat-vina","7":"product_cat-regiony","8":"product_cat-bordeaux-cs","9":"product_cat-vins-de-bordeaux-cs","10":"product_cat-barva","11":"product_cat-bila-vina","13":"first","14":"instock","15":"sale","16":"taxable","17":"shipping-taxable","18":"purchasable","19":"product-type-simple"},"jetpack_sharing_enabled":true,"_links":{"self":[{"href":"https:\/\/france-gastronomie.shop\/cs\/wp-json\/wp\/v2\/product\/13357","targetHints":{"allow":["GET"]}}],"collection":[{"href":"https:\/\/france-gastronomie.shop\/cs\/wp-json\/wp\/v2\/product"}],"about":[{"href":"https:\/\/france-gastronomie.shop\/cs\/wp-json\/wp\/v2\/types\/product"}],"replies":[{"embeddable":true,"href":"https:\/\/france-gastronomie.shop\/cs\/wp-json\/wp\/v2\/comments?post=13357"}],"wp:featuredmedia":[{"embeddable":true,"href":"https:\/\/france-gastronomie.shop\/cs\/wp-json\/wp\/v2\/media\/13349"}],"wp:attachment":[{"href":"https:\/\/france-gastronomie.shop\/cs\/wp-json\/wp\/v2\/media?parent=13357"}],"wp:term":[{"taxonomy":"product_brand","embeddable":true,"href":"https:\/\/france-gastronomie.shop\/cs\/wp-json\/wp\/v2\/product_brand?post=13357"},{"taxonomy":"product_cat","embeddable":true,"href":"https:\/\/france-gastronomie.shop\/cs\/wp-json\/wp\/v2\/product_cat?post=13357"},{"taxonomy":"product_tag","embeddable":true,"href":"https:\/\/france-gastronomie.shop\/cs\/wp-json\/wp\/v2\/product_tag?post=13357"}],"curies":[{"name":"wp","href":"https:\/\/api.w.org\/{rel}","templated":true}]}}