{"id":1328,"date":"2020-08-18T10:25:09","date_gmt":"2020-08-18T10:25:09","guid":{"rendered":"https:\/\/france-gastronomie.shop\/produit\/le-blason-du-prince-chateauneuf-du-pape\/"},"modified":"2024-11-04T11:27:39","modified_gmt":"2024-11-04T11:27:39","slug":"le-blason-du-prince-chateauneuf-du-pape","status":"publish","type":"product","link":"https:\/\/france-gastronomie.shop\/cs\/produit\/le-blason-du-prince-chateauneuf-du-pape\/","title":{"rendered":"Le Blason <br\/> Ch\u00e2teauneuf du Pape"},"content":{"rendered":"<h5>Le Blason du Prince<\/h5>\n<h5>AOC Ch\u00e2teauneuf du Pape<\/h5>\n<p>P\u016fvod &#8211; poloha<br \/>\nPodlo\u017e\u00ed j\u00edlovo k\u0159emi\u010dit\u00e9 s ov\u00e1ln\u00fdmi obl\u00e1zky<\/p>\n<p>Vinifikace<br \/>\nPo obr\u00e1n\u00ed jsou hrozny ulo\u017eeny v n\u00e1dr\u017ei po dobu 20 dn\u00ed, pak p\u0159e\u010derp\u00e1ny a vylisov\u00e1ny.<br \/>\nPonech\u00e1ny p\u0159i teplot\u011b 28 a\u017e 30\u00b0C.<\/p>\n<p>Zr\u00e1n\u00ed<br \/>\n10 a\u017e 12 m\u011bs\u00edc\u016f v n\u00e1dr\u017ei<\/p>\n<p>Odr\u016fdy<br \/>\nGrenache 90%, Mourv\u00e8dre 5 %, Syrah 5 %<\/p>\n<p>Chu\u0165ov\u00e9 pozn\u00e1mky od na\u0161eho enologa<br \/>\nVelmi tmav\u00e1 \u010derven\u00e1 barva. V\u00fdrazn\u00e1 v\u016fn\u011b a komplexn\u00ed v\u016fn\u011b, kter\u00e1 kombinuje \u010derven\u00e9 a zral\u00e9 \u010dern\u00e9 ovoce s n\u00e1dechem pikantn\u00edho ko\u0159en\u00ed. M\u00e1 kr\u00e1snou strukturu na pat\u0159e s vynikaj\u00edc\u00ed rovnov\u00e1hou alkoholu v t\u0159\u00edslovin\u00e1ch. Taniny jsou jemn\u00e9 a hedv\u00e1bn\u00e9. Jeho hloubka mu dovol\u00ed po\u010dkat, ne\u017e bude ochutn\u00e1v\u00e1no.<\/p>\n<p>St\u00e1\u010deno do lahv\u00ed<br \/>\nVe vina\u0159stv\u00ed<\/p>\n<p>Rady k degustaci<br \/>\nUchov\u00e1vat: 5 let. 16\u00b0-18\u00b0C<\/p>\n<p>Doporu\u010den\u00ed<br \/>\nChateauneuf-du-Pape Cellier des princes se perfekn\u011b snoub\u00ed s pe\u010den\u00fdm masem a om\u00e1\u010dkami, se zv\u011b\u0159inou a je vinikaj\u00edc\u00ed k s\u00fdr\u016fm.<\/p>\n","protected":false},"excerpt":{"rendered":"<h5>AOC Ch\u00e2teauneuf du Pape<\/h5>\n<p>V roce 1925 se spojila skupina vina\u0159\u016f p\u0159esv\u011bd\u010den\u00fdch o hodnot\u00e1ch solidarity a vz\u00e1jemn\u00e9 pomoci. O jeden\u00e1ct let pozd\u011bji se tito vizion\u00e1\u0159\u0161t\u00ed vina\u0159i pod\u00edleli na vytvo\u0159en\u00ed prvn\u00ed apelace ve Francii: CH\u00c2TEAUNEUF-DU-PAPE.<br \/>\n189 vina\u0159\u016f z CELLIER DES PRINCES, kte\u0159\u00ed byli na po\u010d\u00e1tku sjednoceni, je hrd\u00fdch na to, \u017ee mohou sv\u00e1 v\u00edna prod\u00e1vat na v\u0161ech p\u011bti kontinentech a p\u0159ed\u00e1vat sv\u00e9 hodnoty, jako je pohostinnost a dokonalost.<\/p>\n<p>Odr\u016fdy<br \/>\nGrenache 90%, Mourv\u00e8dre 5 %, Syrah 5 %<\/p>\n","protected":false},"featured_media":25126,"comment_status":"closed","ping_status":"closed","template":"","meta":[],"product_brand":[],"product_cat":[383,389,394,435,436,385,388],"product_tag":[],"class_list":{"0":"post-1328","1":"product","2":"type-product","3":"status-publish","4":"has-post-thumbnail","6":"product_cat-vina","7":"product_cat-spickova-vina","8":"product_cat-regiony","9":"product_cat-vallee-du-rhone-cs","10":"product_cat-chateauneuf-du-pape-cs","11":"product_cat-barva","12":"product_cat-cervena-vina","14":"first","15":"instock","16":"taxable","17":"shipping-taxable","18":"purchasable","19":"product-type-simple"},"jetpack_sharing_enabled":true,"_links":{"self":[{"href":"https:\/\/france-gastronomie.shop\/cs\/wp-json\/wp\/v2\/product\/1328","targetHints":{"allow":["GET"]}}],"collection":[{"href":"https:\/\/france-gastronomie.shop\/cs\/wp-json\/wp\/v2\/product"}],"about":[{"href":"https:\/\/france-gastronomie.shop\/cs\/wp-json\/wp\/v2\/types\/product"}],"replies":[{"embeddable":true,"href":"https:\/\/france-gastronomie.shop\/cs\/wp-json\/wp\/v2\/comments?post=1328"}],"wp:featuredmedia":[{"embeddable":true,"href":"https:\/\/france-gastronomie.shop\/cs\/wp-json\/wp\/v2\/media\/25126"}],"wp:attachment":[{"href":"https:\/\/france-gastronomie.shop\/cs\/wp-json\/wp\/v2\/media?parent=1328"}],"wp:term":[{"taxonomy":"product_brand","embeddable":true,"href":"https:\/\/france-gastronomie.shop\/cs\/wp-json\/wp\/v2\/product_brand?post=1328"},{"taxonomy":"product_cat","embeddable":true,"href":"https:\/\/france-gastronomie.shop\/cs\/wp-json\/wp\/v2\/product_cat?post=1328"},{"taxonomy":"product_tag","embeddable":true,"href":"https:\/\/france-gastronomie.shop\/cs\/wp-json\/wp\/v2\/product_tag?post=1328"}],"curies":[{"name":"wp","href":"https:\/\/api.w.org\/{rel}","templated":true}]}}