{"id":1324,"date":"2025-11-11T18:41:29","date_gmt":"2020-08-18T10:11:29","guid":{"rendered":"https:\/\/france-gastronomie.shop\/produit\/les-hauts-des-coteaux-chateauneuf-du-pape\/"},"modified":"2024-11-04T11:17:35","modified_gmt":"2024-11-04T11:17:35","slug":"les-hauts-des-coteaux-chateauneuf-du-pape","status":"publish","type":"product","link":"https:\/\/france-gastronomie.shop\/cs\/produit\/les-hauts-des-coteaux-chateauneuf-du-pape\/","title":{"rendered":"Hauts des Coteaux <br\/> Ch\u00e2teauneuf du Pape"},"content":{"rendered":"<h5>Les Hauts des Coteaux<\/h5>\n<h5>AOC Ch\u00e2teauneuf du Pape<\/h5>\n<p>P\u016fvod &#8211; poloha<br \/>\nSvahy s ov\u00e1ln\u00fdmi obl\u00e1zky<\/p>\n<p>Vinifikace<br \/>\nObran\u00e9 hrozny jsou 25 dn\u00ed v n\u00e1dr\u017ei a denn\u011b se p\u0159e\u010derp\u00e1vaj\u00ed.<br \/>\nTeplota fermentace 28 a\u017e 30\u00b0C.<\/p>\n<p>Odr\u016fdy<br \/>\nGrenache 90%, Mourv\u00e8dre 5 %, Syrah 5 %<\/p>\n<p>Zr\u00e1n\u00ed<br \/>\n12 m\u011bs\u00edc\u016f v sudech, pak n\u011bkolik m\u011bs\u00edc\u016f v n\u00e1dr\u017ei<\/p>\n<p>Chu\u0165ov\u00e9 pozn\u00e1mky od na\u0161eho enologa<br \/>\nLes Hauts des Coteaux je v\u00edno vybran\u00e9 z n\u011bkolika parcel star\u0161\u00edch 50 let, kter\u00e9 se nach\u00e1zej\u00ed na na\u0161ich nejlep\u0161\u00edch svaz\u00edch s velmi n\u00edzk\u00fdmi v\u00fdnosy. To mu d\u00e1v\u00e1 velkou intenzitu a aromatickou komplexnost, stejn\u011b jako silnou strukturu t\u0159\u00edslovin. Dozr\u00e1v\u00e1n\u00ed v dubov\u00fdch sudech mu dod\u00e1v\u00e1 aroma vanilky, grilov\u00e1n\u00ed a l\u00e9ko\u0159ice.<\/p>\n<p>St\u00e1\u010deno do lahv\u00ed<br \/>\nVe vina\u0159stv\u00ed<\/p>\n<p>Rady k degustaci<br \/>\nUchov\u00e1vat: 5-8 let. 16\u00b0 &#8211; 18\u00b0C.<\/p>\n<p>Doporu\u010den\u00ed<br \/>\nHod\u00ed se k om\u00e1\u010dk\u00e1m , zv\u011b\u0159in\u011b a s\u00fdr\u016fm.<\/p>\n","protected":false},"excerpt":{"rendered":"<h5>AOC Ch\u00e2teauneuf du Pape<\/h5>\n<p>V roce 1925 se spojila skupina vina\u0159\u016f p\u0159esv\u011bd\u010den\u00fdch o hodnot\u00e1ch solidarity a vz\u00e1jemn\u00e9 pomoci. O jeden\u00e1ct let pozd\u011bji se tito vizion\u00e1\u0159\u0161t\u00ed vina\u0159i pod\u00edleli na vytvo\u0159en\u00ed prvn\u00ed apelace ve Francii: CH\u00c2TEAUNEUF-DU-PAPE.<br \/>\n189 vina\u0159\u016f z CELLIER DES PRINCES, kte\u0159\u00ed byli na po\u010d\u00e1tku sjednoceni, je hrd\u00fdch na to, \u017ee mohou sv\u00e1 v\u00edna prod\u00e1vat na v\u0161ech p\u011bti kontinentech a p\u0159ed\u00e1vat sv\u00e9 hodnoty, jako je pohostinnost a dokonalost.<\/p>\n<p>Odr\u016fdy<br \/>\nGrenache 90%, Mourv\u00e8dre 5 %, Syrah 5 %<\/p>\n","protected":false},"featured_media":25134,"comment_status":"closed","ping_status":"closed","template":"","meta":[],"product_brand":[],"product_cat":[383,389,394,435,436,385,388],"product_tag":[],"class_list":{"0":"post-1324","1":"product","2":"type-product","3":"status-publish","4":"has-post-thumbnail","6":"product_cat-vina","7":"product_cat-spickova-vina","8":"product_cat-regiony","9":"product_cat-vallee-du-rhone-cs","10":"product_cat-chateauneuf-du-pape-cs","11":"product_cat-barva","12":"product_cat-cervena-vina","14":"first","15":"instock","16":"taxable","17":"shipping-taxable","18":"purchasable","19":"product-type-simple"},"jetpack_sharing_enabled":true,"_links":{"self":[{"href":"https:\/\/france-gastronomie.shop\/cs\/wp-json\/wp\/v2\/product\/1324","targetHints":{"allow":["GET"]}}],"collection":[{"href":"https:\/\/france-gastronomie.shop\/cs\/wp-json\/wp\/v2\/product"}],"about":[{"href":"https:\/\/france-gastronomie.shop\/cs\/wp-json\/wp\/v2\/types\/product"}],"replies":[{"embeddable":true,"href":"https:\/\/france-gastronomie.shop\/cs\/wp-json\/wp\/v2\/comments?post=1324"}],"wp:featuredmedia":[{"embeddable":true,"href":"https:\/\/france-gastronomie.shop\/cs\/wp-json\/wp\/v2\/media\/25134"}],"wp:attachment":[{"href":"https:\/\/france-gastronomie.shop\/cs\/wp-json\/wp\/v2\/media?parent=1324"}],"wp:term":[{"taxonomy":"product_brand","embeddable":true,"href":"https:\/\/france-gastronomie.shop\/cs\/wp-json\/wp\/v2\/product_brand?post=1324"},{"taxonomy":"product_cat","embeddable":true,"href":"https:\/\/france-gastronomie.shop\/cs\/wp-json\/wp\/v2\/product_cat?post=1324"},{"taxonomy":"product_tag","embeddable":true,"href":"https:\/\/france-gastronomie.shop\/cs\/wp-json\/wp\/v2\/product_tag?post=1324"}],"curies":[{"name":"wp","href":"https:\/\/api.w.org\/{rel}","templated":true}]}}