{"id":13157,"date":"2022-11-11T11:26:55","date_gmt":"2022-01-19T11:26:55","guid":{"rendered":"https:\/\/france-gastronomie.shop\/?post_type=product&#038;p=13157"},"modified":"2024-11-04T11:04:15","modified_gmt":"2024-11-04T11:04:15","slug":"domaine-de-la-libellule-aoc-vacqueyras-copie","status":"publish","type":"product","link":"https:\/\/france-gastronomie.shop\/cs\/produit\/domaine-de-la-libellule-aoc-vacqueyras-copie\/","title":{"rendered":"Domaine de la Libellule <br\/> AOC Vacqueyras"},"content":{"rendered":"<h5>Domaine de la Libellule<\/h5>\n<h5>AOC Vacqueyras<\/h5>\n<p>Terroir<br \/>\nVysok\u00e9 kamenit\u00e9 terasy ji\u017en\u00edch Garrigues na Sarrians s obl\u00e1zky a v\u00e1pencov\u00fdm \u0161t\u011brkem na j\u00edlu.<\/p>\n<p>Vinifikace<br \/>\nOdstopkov\u00e1n\u00ed. Pneumatick\u00e9 lisov\u00e1n\u00ed. Kva\u0161en\u00ed p\u0159i n\u00edzk\u00e9 teplot\u011b mezi 12 a 14\u00b0. Bez malolaktick\u00e9 fermentace pro zachov\u00e1n\u00ed \u010derstvosti.<\/p>\n<p>Odr\u016fdy<br \/>\n75% Grenache Blanc, 10% Roussanne, 5% Viognier, 5% Clairette, 5% Marsanne<\/p>\n<p>Pozn\u00e1mky k degustaci<br \/>\nV\u016fn\u011b je intenzivn\u00ed a komplexn\u00ed s t\u00f3ny b\u00edl\u00fdch kv\u011bt\u016f a broskv\u00ed.<br \/>\nChu\u0165 je velmi dob\u0159e vyv\u00e1\u017een\u00e1 a sv\u011b\u017e\u00ed s dlouhou aromatickou perzistenc\u00ed.<\/p>\n<p>Rady k degustaci<br \/>\nPijte nyn\u00ed nebo uchov\u00e1vejte 1 a\u017e 3 roky.<\/p>\n<p>Doporu\u010den\u00ed<br \/>\nPod\u00e1vejte p\u0159i teplot\u011b 12 a\u017e 14 \u00b0C jako aperitiv nebo k ryb\u00e1m, mo\u0159sk\u00fdm plod\u016fm a kor\u00fd\u0161\u016fm, b\u00edl\u00e9mu masu a koz\u00edmu s\u00fdru.<\/p>\n<p>Ocen\u011bn\u00ed<br \/>\nZlat\u00e1 medaile Gilbert et Gaillard 2021<\/p>\n","protected":false},"excerpt":{"rendered":"<h5>AOC Vacqueyras<\/h5>\n<p>V roce 1925 se spojila skupina vina\u0159\u016f p\u0159esv\u011bd\u010den\u00fdch o hodnot\u00e1ch solidarity a vz\u00e1jemn\u00e9 pomoci. O jeden\u00e1ct let pozd\u011bji se tito vizion\u00e1\u0159\u0161t\u00ed vina\u0159i pod\u00edleli na vytvo\u0159en\u00ed prvn\u00ed apelace ve Francii: CH\u00c2TEAUNEUF-DU-PAPE.<br \/>\n189 vina\u0159\u016f z CELLIER DES PRINCES, kte\u0159\u00ed byli na po\u010d\u00e1tku sjednoceni, je hrd\u00fdch na to, \u017ee mohou sv\u00e1 v\u00edna prod\u00e1vat na v\u0161ech p\u011bti kontinentech a p\u0159ed\u00e1vat sv\u00e9 hodnoty, jako je pohostinnost a dokonalost.<\/p>\n<p>Odr\u016fdy<br \/>\n75% Grenache Blanc, 10% Roussanne, 5% Viognier, 5% Clairette, 5% Marsanne<\/p>\n","protected":false},"featured_media":9779,"comment_status":"closed","ping_status":"closed","template":"","meta":[],"product_brand":[],"product_cat":[383,394,435,440,385,386],"product_tag":[],"class_list":{"0":"post-13157","1":"product","2":"type-product","3":"status-publish","4":"has-post-thumbnail","6":"product_cat-vina","7":"product_cat-regiony","8":"product_cat-vallee-du-rhone-cs","9":"product_cat-vacqueyras-cs","10":"product_cat-barva","11":"product_cat-bila-vina","13":"first","14":"instock","15":"taxable","16":"shipping-taxable","17":"purchasable","18":"product-type-simple"},"jetpack_sharing_enabled":true,"_links":{"self":[{"href":"https:\/\/france-gastronomie.shop\/cs\/wp-json\/wp\/v2\/product\/13157","targetHints":{"allow":["GET"]}}],"collection":[{"href":"https:\/\/france-gastronomie.shop\/cs\/wp-json\/wp\/v2\/product"}],"about":[{"href":"https:\/\/france-gastronomie.shop\/cs\/wp-json\/wp\/v2\/types\/product"}],"replies":[{"embeddable":true,"href":"https:\/\/france-gastronomie.shop\/cs\/wp-json\/wp\/v2\/comments?post=13157"}],"wp:featuredmedia":[{"embeddable":true,"href":"https:\/\/france-gastronomie.shop\/cs\/wp-json\/wp\/v2\/media\/9779"}],"wp:attachment":[{"href":"https:\/\/france-gastronomie.shop\/cs\/wp-json\/wp\/v2\/media?parent=13157"}],"wp:term":[{"taxonomy":"product_brand","embeddable":true,"href":"https:\/\/france-gastronomie.shop\/cs\/wp-json\/wp\/v2\/product_brand?post=13157"},{"taxonomy":"product_cat","embeddable":true,"href":"https:\/\/france-gastronomie.shop\/cs\/wp-json\/wp\/v2\/product_cat?post=13157"},{"taxonomy":"product_tag","embeddable":true,"href":"https:\/\/france-gastronomie.shop\/cs\/wp-json\/wp\/v2\/product_tag?post=13157"}],"curies":[{"name":"wp","href":"https:\/\/api.w.org\/{rel}","templated":true}]}}