{"id":13153,"date":"2022-01-19T10:59:09","date_gmt":"2022-01-19T10:59:09","guid":{"rendered":"https:\/\/france-gastronomie.shop\/?post_type=product&#038;p=13153"},"modified":"2024-11-04T11:04:06","modified_gmt":"2024-11-04T11:04:06","slug":"domaine-de-la-libellule-aoc-vacqueyras","status":"publish","type":"product","link":"https:\/\/france-gastronomie.shop\/cs\/produit\/domaine-de-la-libellule-aoc-vacqueyras\/","title":{"rendered":"Domaine de la Libellule <br\/> AOC Vacqueyras"},"content":{"rendered":"<h5>Domaine de la Libellule<\/h5>\n<h5>AOC Vacqueyras<\/h5>\n<p>Terroir<br \/>\nVysok\u00e9 kamenit\u00e9 terasy ji\u017en\u00edch Garrigues na Sarrians s obl\u00e1zky a v\u00e1pencov\u00fdm \u0161t\u011brkem na j\u00edlu.<\/p>\n<p>Vinifikace<br \/>\nV\u00fdb\u011br parcel sklizen\u00fdch v optim\u00e1ln\u00ed zralosti podle odr\u016fdy hrozn\u016f. 100% odstopkov\u00e1n\u00ed. Odd\u011blen\u00e1 vinifikace odr\u016fd Grenache a Syrah. P\u011bt t\u00fddn\u016f macerace s ka\u017edodenn\u00edm odkalov\u00e1n\u00edm, odstra\u0148ov\u00e1n\u00edm otrub a p\u0159e\u010derp\u00e1v\u00e1n\u00edm.<\/p>\n<p>Zr\u00e1n\u00ed<br \/>\n6 m\u011bs\u00edc\u016f v betonov\u00fdch n\u00e1dr\u017e\u00edch. Nepou\u017e\u00edvaj\u00ed se sudy, aby se zachoval co nej\u010dist\u0161\u00ed v\u00fdraz ovoce a terroiru.<\/p>\n<p>Odr\u016fdy<br \/>\n70 % Grenache, 30 % Syrah<\/p>\n<p>Pozn\u00e1mky k degustaci<br \/>\nBarva je syt\u011b \u010derven\u00e1. V\u016fn\u011b je intenzivn\u00ed a komplexn\u00ed, s t\u00f3ny \u010dern\u00e9ho ovoce, l\u00e9ko\u0159ice a ko\u0159en\u00ed.<br \/>\nChu\u0165 je pln\u00e1 a siln\u00e1, s hedv\u00e1bn\u00fdmi t\u0159\u00edslovinami a dlouhou aromatickou perzistenc\u00ed.<\/p>\n<p>Rady k degustaci<br \/>\nPijte nyn\u00ed nebo uchov\u00e1vejte 5 a\u017e 7 let.<\/p>\n<p>Doporu\u010den\u00ed<br \/>\nPod\u00e1vejte p\u0159i teplot\u011b mezi 15 a 17 \u00b0C. Ide\u00e1ln\u00ed ke grilovan\u00e9mu \u010derven\u00e9mu masu, jako je C\u00f4tes de Boeuf, pikantn\u00edm pokrm\u016fm, jako je Tajine, a s\u00fdr\u016fm s charakterem.<\/p>\n<p>Ocen\u011bn\u00ed<br \/>\nRo\u010dn\u00edk 2020: Zlat\u00e1 medaile Vinalies Nationales 2021 \/\/ Zlat\u00e1 medaile Lyon<br \/>\n2021 \/\/ Zlat\u00e1 medaile Gilbert et Gaillard 2021<\/p>\n","protected":false},"excerpt":{"rendered":"<h5>AOC Vacqueyras<\/h5>\n<p>V roce 1925 se spojila skupina vina\u0159\u016f p\u0159esv\u011bd\u010den\u00fdch o hodnot\u00e1ch solidarity a vz\u00e1jemn\u00e9 pomoci. O jeden\u00e1ct let pozd\u011bji se tito vizion\u00e1\u0159\u0161t\u00ed vina\u0159i pod\u00edleli na vytvo\u0159en\u00ed prvn\u00ed apelace ve Francii: CH\u00c2TEAUNEUF-DU-PAPE.<br \/>\n189 vina\u0159\u016f z CELLIER DES PRINCES, kte\u0159\u00ed byli na po\u010d\u00e1tku sjednoceni, je hrd\u00fdch na to, \u017ee mohou sv\u00e1 v\u00edna prod\u00e1vat na v\u0161ech p\u011bti kontinentech a p\u0159ed\u00e1vat sv\u00e9 hodnoty, jako je pohostinnost a dokonalost.<\/p>\n<p>Odr\u016fdy<br \/>\n70 % Grenache, 30 % Syrah<\/p>\n","protected":false},"featured_media":9782,"comment_status":"closed","ping_status":"closed","template":"","meta":[],"product_brand":[],"product_cat":[383,394,435,440,385,388],"product_tag":[],"class_list":{"0":"post-13153","1":"product","2":"type-product","3":"status-publish","4":"has-post-thumbnail","6":"product_cat-vina","7":"product_cat-regiony","8":"product_cat-vallee-du-rhone-cs","9":"product_cat-vacqueyras-cs","10":"product_cat-barva","11":"product_cat-cervena-vina","13":"first","14":"instock","15":"taxable","16":"shipping-taxable","17":"purchasable","18":"product-type-simple"},"jetpack_sharing_enabled":true,"_links":{"self":[{"href":"https:\/\/france-gastronomie.shop\/cs\/wp-json\/wp\/v2\/product\/13153","targetHints":{"allow":["GET"]}}],"collection":[{"href":"https:\/\/france-gastronomie.shop\/cs\/wp-json\/wp\/v2\/product"}],"about":[{"href":"https:\/\/france-gastronomie.shop\/cs\/wp-json\/wp\/v2\/types\/product"}],"replies":[{"embeddable":true,"href":"https:\/\/france-gastronomie.shop\/cs\/wp-json\/wp\/v2\/comments?post=13153"}],"wp:featuredmedia":[{"embeddable":true,"href":"https:\/\/france-gastronomie.shop\/cs\/wp-json\/wp\/v2\/media\/9782"}],"wp:attachment":[{"href":"https:\/\/france-gastronomie.shop\/cs\/wp-json\/wp\/v2\/media?parent=13153"}],"wp:term":[{"taxonomy":"product_brand","embeddable":true,"href":"https:\/\/france-gastronomie.shop\/cs\/wp-json\/wp\/v2\/product_brand?post=13153"},{"taxonomy":"product_cat","embeddable":true,"href":"https:\/\/france-gastronomie.shop\/cs\/wp-json\/wp\/v2\/product_cat?post=13153"},{"taxonomy":"product_tag","embeddable":true,"href":"https:\/\/france-gastronomie.shop\/cs\/wp-json\/wp\/v2\/product_tag?post=13153"}],"curies":[{"name":"wp","href":"https:\/\/api.w.org\/{rel}","templated":true}]}}