{"id":13122,"date":"2022-01-19T09:51:12","date_gmt":"2022-01-19T09:51:13","guid":{"rendered":"https:\/\/france-gastronomie.shop\/?post_type=product&#038;p=13122"},"modified":"2024-11-04T10:56:07","modified_gmt":"2024-11-04T10:56:07","slug":"chateauneuf-du-pape-bio-cellier-des-princes","status":"publish","type":"product","link":"https:\/\/france-gastronomie.shop\/cs\/produit\/chateauneuf-du-pape-bio-cellier-des-princes\/","title":{"rendered":"Ch\u00e2teauneuf du Pape BIO <br\/> Cellier des princes"},"content":{"rendered":"<h5>Cellier des princes<\/h5>\n<h5>AOC Ch\u00e2teauneuf du Pape BIO<\/h5>\n<p>Terroir<br \/>\nOv\u00e1ln\u00e9 obl\u00e1zky na j\u00edlovit\u00e9m a k\u0159emi\u010dit\u00e9m podlo\u017e\u00ed, p\u0159ev\u00e1\u017en\u011b v obci Courth\u00e9zon.<\/p>\n<p>Vinifikace<br \/>\nDestilace, zr\u00e1n\u00ed po dobu 20 a\u017e 30 dn\u016f v nerezov\u00fdch tanc\u00edch, ka\u017edodenn\u00ed p\u0159e\u010derp\u00e1v\u00e1n\u00ed a odkalov\u00e1n\u00ed. Teplota 28 a\u017e 30 \u00b0C.<br \/>\nZr\u00e1n\u00ed v betonov\u00fdch tanc\u00edch pro zjemn\u011bn\u00ed t\u0159\u00edslovin.<\/p>\n<p>Zr\u00e1n\u00ed<br \/>\n10 a\u017e 12 m\u011bs\u00edc\u016f v betonov\u00fdch n\u00e1dr\u017e\u00edch. \u017d\u00e1dn\u00e9 d\u0159evo, aby se projevil dokonal\u00fd v\u00fdraz terroir a \u010distota ovoce.<\/p>\n<p>Odr\u016fdy<br \/>\nGrenache 90%, Mourv\u00e8dre 5 %, Syrah 5 %<\/p>\n<p>Degustace<br \/>\nToto p\u0159\u00edrodn\u00ed v\u00edno bylo vyrobeno s ohledem na \u017eivotn\u00ed prost\u0159ed\u00ed. V\u00edno rub\u00ednov\u00e9 barvy s intenzivn\u00ed v\u016fn\u00ed ostru\u017ein a ko\u0159en\u00ed.<br \/>\nChu\u0165 je ovocn\u00e1, siln\u00e1, s elegantn\u00edmi t\u0159\u00edslovinami a dlouhou aromatickou perzistenc\u00ed.<\/p>\n<p>Rady k degustaci<br \/>\nVychutnejte si ho nyn\u00ed, nebo uchov\u00e1vejte 5-6 let. Pod\u00e1vejte p\u0159i teplot\u011b 16-18 \u00b0C.<\/p>\n<p>Doporu\u010den\u00ed<br \/>\nToto v\u00edno se skv\u011ble hod\u00ed k pe\u010den\u00fdm mas\u016fm nebo k om\u00e1\u010dk\u00e1m, ke zv\u011b\u0159in\u011b a tak\u00e9 se hod\u00ed k vyzr\u00e1l\u00fdm s\u00fdr\u016fm.<\/p>\n<p>Ocen\u011bn\u00ed<br \/>\nRo\u010dn\u00edk 2020: 90 bod\u016f &amp; Medaille d&#8217;Or Gilbert &amp; Gaillard<br \/>\nRo\u010dn\u00edk 2019: 90 bod\u016f a zlat\u00e1 medaile Gilbert &amp; Gaillard<\/p>\n","protected":false},"excerpt":{"rendered":"<h5>AOC Ch\u00e2teauneuf du Pape BIO<\/h5>\n<p>V roce 1925 se spojila skupina vina\u0159\u016f p\u0159esv\u011bd\u010den\u00fdch o hodnot\u00e1ch solidarity a vz\u00e1jemn\u00e9 pomoci. O jeden\u00e1ct let pozd\u011bji se tito vizion\u00e1\u0159\u0161t\u00ed vina\u0159i pod\u00edleli na vytvo\u0159en\u00ed prvn\u00ed apelace ve Francii: CH\u00c2TEAUNEUF-DU-PAPE.<br \/>\n189 vina\u0159\u016f z CELLIER DES PRINCES, kte\u0159\u00ed byli na po\u010d\u00e1tku sjednoceni, je hrd\u00fdch na to, \u017ee mohou sv\u00e1 v\u00edna prod\u00e1vat na v\u0161ech p\u011bti kontinentech a p\u0159ed\u00e1vat sv\u00e9 hodnoty, jako je pohostinnost a dokonalost.<\/p>\n<p>Odr\u016fdy<br \/>\nGrenache 90%, Mourv\u00e8dre 5 %, Syrah 5 %<\/p>\n","protected":false},"featured_media":13137,"comment_status":"closed","ping_status":"closed","template":"","meta":[],"product_brand":[],"product_cat":[383,389,394,435,436,385,388,384],"product_tag":[],"class_list":{"0":"post-13122","1":"product","2":"type-product","3":"status-publish","4":"has-post-thumbnail","6":"product_cat-vina","7":"product_cat-spickova-vina","8":"product_cat-regiony","9":"product_cat-vallee-du-rhone-cs","10":"product_cat-chateauneuf-du-pape-cs","11":"product_cat-barva","12":"product_cat-cervena-vina","13":"product_cat-bio-cs","15":"first","16":"instock","17":"taxable","18":"shipping-taxable","19":"purchasable","20":"product-type-simple"},"jetpack_sharing_enabled":true,"_links":{"self":[{"href":"https:\/\/france-gastronomie.shop\/cs\/wp-json\/wp\/v2\/product\/13122","targetHints":{"allow":["GET"]}}],"collection":[{"href":"https:\/\/france-gastronomie.shop\/cs\/wp-json\/wp\/v2\/product"}],"about":[{"href":"https:\/\/france-gastronomie.shop\/cs\/wp-json\/wp\/v2\/types\/product"}],"replies":[{"embeddable":true,"href":"https:\/\/france-gastronomie.shop\/cs\/wp-json\/wp\/v2\/comments?post=13122"}],"wp:featuredmedia":[{"embeddable":true,"href":"https:\/\/france-gastronomie.shop\/cs\/wp-json\/wp\/v2\/media\/13137"}],"wp:attachment":[{"href":"https:\/\/france-gastronomie.shop\/cs\/wp-json\/wp\/v2\/media?parent=13122"}],"wp:term":[{"taxonomy":"product_brand","embeddable":true,"href":"https:\/\/france-gastronomie.shop\/cs\/wp-json\/wp\/v2\/product_brand?post=13122"},{"taxonomy":"product_cat","embeddable":true,"href":"https:\/\/france-gastronomie.shop\/cs\/wp-json\/wp\/v2\/product_cat?post=13122"},{"taxonomy":"product_tag","embeddable":true,"href":"https:\/\/france-gastronomie.shop\/cs\/wp-json\/wp\/v2\/product_tag?post=13122"}],"curies":[{"name":"wp","href":"https:\/\/api.w.org\/{rel}","templated":true}]}}