{"id":13111,"date":"2025-11-11T09:13:13","date_gmt":"2022-01-19T09:13:13","guid":{"rendered":"https:\/\/france-gastronomie.shop\/?post_type=product&#038;p=13111"},"modified":"2024-11-04T11:39:36","modified_gmt":"2024-11-04T11:39:36","slug":"mas-des-falaises-aop-cairanne","status":"publish","type":"product","link":"https:\/\/france-gastronomie.shop\/cs\/produit\/mas-des-falaises-aop-cairanne\/","title":{"rendered":"Mas des Falaises <br\/> AOP Cairanne"},"content":{"rendered":"<h5>Mas des Falaises<\/h5>\n<h5>AOP Cairanne<\/h5>\n<p>Terroir<br \/>\nKamenit\u00fd j\u00edl \u010derven\u00fd.<\/p>\n<p>Vinifikace<br \/>\nOdstopkov\u00e1n\u00ed, dlouh\u00e1 \u010dty\u0159t\u00fddenn\u00ed macerace pro jemn\u00e9 a \u0161etrn\u00e9 z\u00edsk\u00e1n\u00ed barvy a t\u0159\u00edslovin s pravideln\u00fdm odkalov\u00e1n\u00edm a p\u0159e\u010derp\u00e1v\u00e1n\u00edm.<br \/>\nZraje v betonov\u00fdch k\u00e1d\u00edch, aby se co nejjasn\u011bji projevil terroir a jeho typi\u010dnost.<\/p>\n<p>Zr\u00e1n\u00ed<br \/>\n8 m\u011bs\u00edc\u016f v betonov\u00fdch n\u00e1dr\u017e\u00edch.<\/p>\n<p>Odr\u016fdy<br \/>\n65 % Grenache, 20 % Syrah, 15 % Carignan<\/p>\n<p>Degustace<br \/>\nToto v\u00edno m\u00e1 syt\u011b rub\u00ednov\u011b \u010dervenou barvu a je velmi aromatick\u00e9 s intenzivn\u00ed v\u016fn\u00ed t\u0159e\u0161n\u00ed, \u010dern\u00e9ho ryb\u00edzu a ko\u0159en\u00ed.<br \/>\nNa pat\u0159e m\u00e1 kr\u00e1snou strukturu a jemn\u00e9 a hedv\u00e1bn\u00e9 t\u0159\u00edsloviny. Z\u00e1v\u011br je dlouh\u00fd a ko\u0159en\u011bn\u00fd.<\/p>\n<p>Rady k degustaci<br \/>\nPijte nyn\u00ed nebo uchov\u00e1vejte 6 a\u017e 8 let.<\/p>\n<p>Doporu\u010den\u00ed<br \/>\nPod\u00e1vejte p\u0159i teplot\u011b mezi 16 \u00b0C a 18 \u00b0C.<br \/>\nIde\u00e1ln\u00ed k pokrm\u016fm s om\u00e1\u010dkou, grilovan\u00fdm mas\u016fm, tajin\u016fm nebo zral\u00fdm s\u00fdr\u016fm.<\/p>\n<p>Ocen\u011bn\u00ed<br \/>\nRo\u010dn\u00edk 2020: Zlat\u00e1 medaile Orange 2021<br \/>\nRo\u010dn\u00edk 2019: 90 bod\u016f James Suckling \/\/ Zlat\u00e1 medaile Lyon 2020 \/\/<br \/>\nZlat\u00e1 medaile Grenaches du Monde<br \/>\nRo\u010dn\u00edk 2018: 91 bod\u016f James Suckling \/\/ Zlato Gilbert &amp; Gaillard<\/p>\n","protected":false},"excerpt":{"rendered":"<h5>AOP Cairanne<\/h5>\n<p>V roce 1925 se spojila skupina vina\u0159\u016f p\u0159esv\u011bd\u010den\u00fdch o hodnot\u00e1ch solidarity a vz\u00e1jemn\u00e9 pomoci. O jeden\u00e1ct let pozd\u011bji se tito vizion\u00e1\u0159\u0161t\u00ed vina\u0159i pod\u00edleli na vytvo\u0159en\u00ed prvn\u00ed apelace ve Francii: CH\u00c2TEAUNEUF-DU-PAPE.<br \/>\n189 vina\u0159\u016f z CELLIER DES PRINCES, kte\u0159\u00ed byli na po\u010d\u00e1tku sjednoceni, je hrd\u00fdch na to, \u017ee mohou sv\u00e1 v\u00edna prod\u00e1vat na v\u0161ech p\u011bti kontinentech a p\u0159ed\u00e1vat sv\u00e9 hodnoty, jako je pohostinnost a dokonalost.<\/p>\n<p>Odr\u016fdy<br \/>\n65% Grenache, 20% Syrah, 15% Carignan<\/p>\n","protected":false},"featured_media":9776,"comment_status":"closed","ping_status":"closed","template":"","meta":[],"product_brand":[],"product_cat":[662,383,394,435,385,388],"product_tag":[],"class_list":{"0":"post-13111","1":"product","2":"type-product","3":"status-publish","4":"has-post-thumbnail","6":"product_cat-cairanne-2","7":"product_cat-vina","8":"product_cat-regiony","9":"product_cat-vallee-du-rhone-cs","10":"product_cat-barva","11":"product_cat-cervena-vina","13":"first","14":"instock","15":"sale","16":"taxable","17":"shipping-taxable","18":"purchasable","19":"product-type-simple"},"jetpack_sharing_enabled":true,"_links":{"self":[{"href":"https:\/\/france-gastronomie.shop\/cs\/wp-json\/wp\/v2\/product\/13111","targetHints":{"allow":["GET"]}}],"collection":[{"href":"https:\/\/france-gastronomie.shop\/cs\/wp-json\/wp\/v2\/product"}],"about":[{"href":"https:\/\/france-gastronomie.shop\/cs\/wp-json\/wp\/v2\/types\/product"}],"replies":[{"embeddable":true,"href":"https:\/\/france-gastronomie.shop\/cs\/wp-json\/wp\/v2\/comments?post=13111"}],"wp:featuredmedia":[{"embeddable":true,"href":"https:\/\/france-gastronomie.shop\/cs\/wp-json\/wp\/v2\/media\/9776"}],"wp:attachment":[{"href":"https:\/\/france-gastronomie.shop\/cs\/wp-json\/wp\/v2\/media?parent=13111"}],"wp:term":[{"taxonomy":"product_brand","embeddable":true,"href":"https:\/\/france-gastronomie.shop\/cs\/wp-json\/wp\/v2\/product_brand?post=13111"},{"taxonomy":"product_cat","embeddable":true,"href":"https:\/\/france-gastronomie.shop\/cs\/wp-json\/wp\/v2\/product_cat?post=13111"},{"taxonomy":"product_tag","embeddable":true,"href":"https:\/\/france-gastronomie.shop\/cs\/wp-json\/wp\/v2\/product_tag?post=13111"}],"curies":[{"name":"wp","href":"https:\/\/api.w.org\/{rel}","templated":true}]}}