{"id":13104,"date":"2022-01-18T11:36:05","date_gmt":"2022-01-18T11:36:05","guid":{"rendered":"https:\/\/france-gastronomie.shop\/?post_type=product&#038;p=13104"},"modified":"2025-10-20T09:36:37","modified_gmt":"2025-10-20T09:36:37","slug":"cremant-chateau-cazeau-cremant-de-bordeaux","status":"publish","type":"product","link":"https:\/\/france-gastronomie.shop\/cs\/produit\/cremant-chateau-cazeau-cremant-de-bordeaux\/","title":{"rendered":"Cr\u00e9mant Ch\u00e2teau Cazeau <br\/> Cr\u00e9mant de Bordeaux"},"content":{"rendered":"<h5>Cr\u00e9mant Ch\u00e2teau Cazeau<br \/>\nCr\u00e9mant de Bordeaux &#8211; Brut<\/h5>\n<p>Terroir<br \/>\nSe sv\u00fdmi ko\u0159eny v srdci vina\u0159sk\u00e9 oblasti Bordeaux, Maison Le Star disponuj\u00edc\u00ed 6 z\u00e1mky a t\u00e9m\u011b\u0159 600 hektar\u016f vinn\u00e9 r\u00e9vy, z n\u011bj \u010din\u00ed jednoho z kl\u00ed\u010dov\u00fdch hr\u00e1\u010d\u016f vina\u0159sk\u00e9ho pr\u016fmyslu v Bordeaux. Maison Le Star vyu\u017e\u00edv\u00e1 tradi\u010dn\u00ed metody vina\u0159stv\u00ed a vina\u0159stv\u00ed kombinovan\u00e9 s modern\u00edm p\u0159\u00edstupem. T\u011b\u017e\u00ed z jedine\u010dn\u00e9 odbornosti ve v\u00fdrob\u011b a uv\u00e1d\u011bn\u00ed na trh snadno pij\u00edc\u00edch a velmi p\u0159\u00edjemn\u00fdch v\u00edn ve Francii a na cel\u00e9m sv\u011bt\u011b. Jejich z\u00e1mky p\u0159edstavuj\u00ed rozmanitost teritori\u00ed Bordeaux mezi \u0159ekami Dordogne a Garonne. Ch\u00e2teau Cazeau, kde se vyr\u00e1b\u00ed jejich Cr\u00e9mant Blanc Brut, se nach\u00e1z\u00ed v oblasti Entre-Deux-Mers. Vinice pokr\u00fdv\u00e1 v\u00edce ne\u017e 300 hektar\u016f p\u016fdy a je vysazena na j\u00edlovito-v\u00e1pencov\u00fdch p\u016fd\u00e1ch na svaz\u00edch. Pom\u011br v\u00fdsadby je rozd\u011blen mezi \u010derven\u00e9 a b\u00edl\u00e9 odr\u016fdy, kter\u00e9 jsou pe\u010dliv\u011b p\u0159izp\u016fsobeny terroiru, aby bylo dosa\u017eeno toho nejlep\u0161\u00edho, co ka\u017ed\u00e1 odr\u016fda nab\u00edz\u00ed.<\/p>\n<p>V\u00fdroba<br \/>\nToto vina\u0159stv\u00ed vyu\u017e\u00edv\u00e1 udr\u017eiteln\u00e9 metody v\u010detn\u011b ru\u010dn\u00edho pro\u0159ez\u00e1v\u00e1n\u00ed a obohacov\u00e1n\u00ed p\u016fdy v\u00fdhradn\u011b ekologick\u00fdm kompostem. Po sklizni n\u00e1sleduje jemn\u00e9 lisov\u00e1n\u00ed. Druh\u00e1 fermentace, kter\u00e1 stejn\u011b jako u v\u0161ech Cr\u00e9mant\u016f prob\u00edh\u00e1 uvnit\u0159 lahve, je generov\u00e1na p\u0159id\u00e1n\u00edm kvasinek. V\u00edna pak zraj\u00ed na sv\u00fdch kal\u00edch po dobu nejm\u00e9n\u011b 12 m\u011bs\u00edc\u016f.<\/p>\n<p>Odr\u016fdy<br \/>\nCabernet Franc, Muscadelle, S\u00e9millon<\/p>\n<p>Degustace<br \/>\nD\u00edky sv\u00e9 sv\u011btle zlat\u00e9 barv\u011b a jemn\u00fdm bublin\u00e1m odhaluje tento Cr\u00e9mant lahodn\u00e9 t\u00f3ny citrus\u016f a ak\u00e1cie sm\u00edchan\u00e9 s ko\u0159en\u00edm a v\u00fdrazn\u00fdmi v\u016fn\u011bmi. Chu\u0165 je dob\u0159e vyv\u00e1\u017een\u00e1, elegantn\u00ed, p\u0159etrv\u00e1vaj\u00edc\u00ed na dlouh\u00e9m a ovocn\u00e9m zakon\u010den\u00ed.<\/p>\n<p>Pod\u00e1vejte p\u0159i 8 \u00b0C.<\/p>\n<p>Ocen\u011bn\u00ed<br \/>\nZlat\u00e1 medaile &#8211; Concours de Bruxelles 2021<br \/>\nZlat\u00e1 medaile &#8211; Concours Gilbert &amp; Gaillard 2021<br \/>\nZlat\u00e1 medaile &#8211; Women\u2019s International Trophy 2021<\/p>\n","protected":false},"excerpt":{"rendered":"<h5>Cr\u00e9mant Ch\u00e2teau Cazeau<br \/>\nCr\u00e9mant de Bordeaux &#8211; Brut<\/h5>\n<p>Maison Le Star je realizac\u00ed snu a vyj\u00e1d\u0159en\u00edm v\u00e1\u0161n\u011b.<br \/>\nObklopeni t\u00fdmem profesion\u00e1l\u016f, enolog\u016f a sommelier\u016f, kte\u0159\u00ed zaru\u010duj\u00ed kvalitu n\u00e1mi vyr\u00e1b\u011bn\u00fdch a vybran\u00fdch v\u00edn, nab\u00edz\u00edme budouc\u00edm milovn\u00edk\u016fm a znalc\u016fm v\u00edna z cel\u00e9ho sv\u011bta kvalitn\u00ed francouzsk\u00e1 v\u00edna za odpov\u00eddaj\u00edc\u00ed cenu.<\/p>\n<p>Odr\u016fdy<br \/>\n56% S\u00e9millon, 25% Merlot, 9% Cabernet Franc, 9% Muscadelle, 1% Ugni blanc<\/p>\n","protected":false},"featured_media":9740,"comment_status":"closed","ping_status":"closed","template":"","meta":[],"product_brand":[],"product_cat":[383,394,400,390,393,385,386],"product_tag":[],"class_list":{"0":"post-13104","1":"product","2":"type-product","3":"status-publish","4":"has-post-thumbnail","6":"product_cat-vina","7":"product_cat-regiony","8":"product_cat-bordeaux-cs","9":"product_cat-sumiva","10":"product_cat-cremant-cs","11":"product_cat-barva","12":"product_cat-bila-vina","14":"first","15":"instock","16":"taxable","17":"shipping-taxable","18":"purchasable","19":"product-type-simple"},"jetpack_sharing_enabled":true,"_links":{"self":[{"href":"https:\/\/france-gastronomie.shop\/cs\/wp-json\/wp\/v2\/product\/13104","targetHints":{"allow":["GET"]}}],"collection":[{"href":"https:\/\/france-gastronomie.shop\/cs\/wp-json\/wp\/v2\/product"}],"about":[{"href":"https:\/\/france-gastronomie.shop\/cs\/wp-json\/wp\/v2\/types\/product"}],"replies":[{"embeddable":true,"href":"https:\/\/france-gastronomie.shop\/cs\/wp-json\/wp\/v2\/comments?post=13104"}],"wp:featuredmedia":[{"embeddable":true,"href":"https:\/\/france-gastronomie.shop\/cs\/wp-json\/wp\/v2\/media\/9740"}],"wp:attachment":[{"href":"https:\/\/france-gastronomie.shop\/cs\/wp-json\/wp\/v2\/media?parent=13104"}],"wp:term":[{"taxonomy":"product_brand","embeddable":true,"href":"https:\/\/france-gastronomie.shop\/cs\/wp-json\/wp\/v2\/product_brand?post=13104"},{"taxonomy":"product_cat","embeddable":true,"href":"https:\/\/france-gastronomie.shop\/cs\/wp-json\/wp\/v2\/product_cat?post=13104"},{"taxonomy":"product_tag","embeddable":true,"href":"https:\/\/france-gastronomie.shop\/cs\/wp-json\/wp\/v2\/product_tag?post=13104"}],"curies":[{"name":"wp","href":"https:\/\/api.w.org\/{rel}","templated":true}]}}