{"id":13101,"date":"2022-01-17T09:54:15","date_gmt":"2022-01-17T09:54:15","guid":{"rendered":"https:\/\/france-gastronomie.shop\/?post_type=product&#038;p=13101"},"modified":"2025-12-04T14:22:38","modified_gmt":"2025-12-04T14:22:38","slug":"ch-guillaume-blanc-malbec-bordeaux-superieur","status":"publish","type":"product","link":"https:\/\/france-gastronomie.shop\/cs\/produit\/ch-guillaume-blanc-malbec-bordeaux-superieur\/","title":{"rendered":"Ch. Guillaume Blanc Malbec <br\/> Bordeaux Sup\u00e9rieur"},"content":{"rendered":"<h5>Ch\u00e2teau Guillaume Blanc Malbec<\/h5>\n<h5>AOC Bordeaux Sup\u00e9rieur<\/h5>\n<p>Terroir<br \/>\nCh\u00e2teau Guillaume Blanc se nach\u00e1z\u00ed jen n\u011bkolik kilometr\u016f od Sainte Foy la Grande, na pob\u0159e\u017e\u00ed na okraji Gironde a poch\u00e1z\u00ed ze 16. stolet\u00ed. Dom\u00e9na vd\u011b\u010d\u00ed za sv\u00e9 jm\u00e9no Guillaumu Blanc, kter\u00fd byl zvolen konzul\u00e1tem proslul\u00e9ho francouzsk\u00e9ho kr\u00e1le, a kter\u00fd se v roce 1933 stal \u010dlenem sousedn\u00edho bastionu Sainte Foy La Grande, kter\u00fd byl kl\u00ed\u010dov\u00fdm m\u00edstem pro v\u00fdvoz v\u00edna do Anglie.<br \/>\nVinice se nyn\u00ed rozkl\u00e1daj\u00ed\u00a0 na 65 hektarech vinic tvo\u0159en\u00fdch nes\u010detn\u00fdm mno\u017estv\u00edm r\u016fzn\u00fdch pozemk\u016f. Ch\u00e2teau t\u011b\u017e\u00ed z<br \/>\nkomplexn\u00edho a jedine\u010dn\u00e9ho terroiru. Cabernety jsou vys\u00e1zeny ve \u0161t\u011brkovit\u011bj\u0161\u00edch oblastech, zat\u00edmco Merloty jsou vysazeny na j\u00edlovito-v\u00e1pencov\u00fdch svaz\u00edch. Malbec p\u0159edstavuje 5 hektar\u016f vinic, vysazen\u00fdch na j\u00edlovit\u00fdch a v\u00e1pencov\u00fdch svaz\u00edch.<br \/>\nDom\u00e9na je dr\u017eitelem certifik\u00e1tu High Environnemental Value a zav\u00e1zala se k pou\u017e\u00edv\u00e1n\u00ed ekologicky \u0161etrn\u00fdch technologi\u00ed a postup\u016f. V\u00fdsledkem kombinace v\u0161ech t\u011bchto faktor\u016f je vyv\u00e1\u017een\u00e1, bohat\u00e1 strukturovan\u00e1 v\u00edna v \u0159ad\u011b r\u016fzn\u00fdch cuv\u00e9e.<\/p>\n<p>Kultivace<br \/>\nZpracov\u00e1n\u00ed p\u016fdy<br \/>\nRu\u010dn\u00ed pro\u0159ez\u00e1v\u00e1n\u00ed<br \/>\nOdstra\u0148ov\u00e1n\u00ed v\u00fdhonk\u016f, odstra\u0148ov\u00e1n\u00ed list\u016f a pro\u0159ez\u00e1v\u00e1n\u00ed list\u016f v z\u00e1vislosti na pozemc\u00edch<\/p>\n<p>Vinifikace<br \/>\nKva\u0161en\u00ed v k\u00e1d\u00edch z nerezov\u00e9 oceli s kontrolovanou teplotou<br \/>\nTradi\u010dn\u00ed vinifikace<br \/>\nP\u0159e\u010derp\u00e1v\u00e1n\u00ed bez p\u0159\u00edstupu vzduchu, aby se zachovala ovocnost<br \/>\nMikrooxygenace pro zm\u011bk\u010den\u00ed t\u0159\u00edslovin<\/p>\n<p>Odr\u016fdy<br \/>\n100% Malbec<\/p>\n<p>Degustace<br \/>\nCh\u00e2teau Guillaume Blanc nab\u00edz\u00ed syt\u00fd odst\u00edn s fialov\u00fdmi odlesky. Elegantn\u00ed v\u016fn\u011b odhaluje t\u00f3ny \u010derven\u00e9ho ovoce, pep\u0159e a h\u0159eb\u00ed\u010dku. Chu\u0165 je hladk\u00e1 a vyv\u00e1\u017een\u00e1 s hedv\u00e1bn\u00fdmi t\u0159\u00edslovinami, p\u0159etrv\u00e1vaj\u00edc\u00ed v dlouh\u00e9m a lahodn\u00e9m z\u00e1v\u011bru.<\/p>\n<p>P\u00e1rov\u00e1n\u00ed v\u00edna a j\u00eddla<br \/>\nCh\u00e2teau Guillaume Blanc je ide\u00e1ln\u00ed volbou ke kachn\u00edm pl\u00e1tk\u016fm s karamelizovan\u00fdmi jablky, steaku na bylink\u00e1ch, cuketov\u00e9mu kol\u00e1\u010di a \u010dokol\u00e1dov\u00e9mu dortu.<br \/>\nPod\u00e1vejte p\u0159i teplot\u011b 18 \u00b0C.<\/p>\n<p>Ocen\u011bn\u00ed<br \/>\n2019: Zlat\u00e1 medaile &#8211; Decanter WWA 2020 95\/10<br \/>\nZlat\u00e1 medaile &#8211; Concours de Lyon 202<\/p>\n","protected":false},"excerpt":{"rendered":"<h5>AOC Bordeaux Sup\u00e9rieur<\/h5>\n<p>Maison Le Star je realizac\u00ed snu a vyj\u00e1d\u0159en\u00edm v\u00e1\u0161n\u011b.<br \/>\nObklopeni t\u00fdmem profesion\u00e1l\u016f, enolog\u016f a sommelier\u016f, kte\u0159\u00ed zaru\u010duj\u00ed kvalitu n\u00e1mi vyr\u00e1b\u011bn\u00fdch a vybran\u00fdch v\u00edn, nab\u00edz\u00edme budouc\u00edm milovn\u00edk\u016fm a znalc\u016fm v\u00edna z cel\u00e9ho sv\u011bta kvalitn\u00ed francouzsk\u00e1 v\u00edna za odpov\u00eddaj\u00edc\u00ed cenu.<\/p>\n<p>Odr\u016fdy<br \/>\n100% Malbec<\/p>\n","protected":false},"featured_media":9773,"comment_status":"closed","ping_status":"closed","template":"","meta":[],"product_brand":[],"product_cat":[383,394,400,403,385,388],"product_tag":[],"class_list":{"0":"post-13101","1":"product","2":"type-product","3":"status-publish","4":"has-post-thumbnail","6":"product_cat-vina","7":"product_cat-regiony","8":"product_cat-bordeaux-cs","9":"product_cat-bordeaux-superieur-cs","10":"product_cat-barva","11":"product_cat-cervena-vina","13":"first","14":"outofstock","15":"taxable","16":"shipping-taxable","17":"purchasable","18":"product-type-simple"},"jetpack_sharing_enabled":true,"_links":{"self":[{"href":"https:\/\/france-gastronomie.shop\/cs\/wp-json\/wp\/v2\/product\/13101","targetHints":{"allow":["GET"]}}],"collection":[{"href":"https:\/\/france-gastronomie.shop\/cs\/wp-json\/wp\/v2\/product"}],"about":[{"href":"https:\/\/france-gastronomie.shop\/cs\/wp-json\/wp\/v2\/types\/product"}],"replies":[{"embeddable":true,"href":"https:\/\/france-gastronomie.shop\/cs\/wp-json\/wp\/v2\/comments?post=13101"}],"wp:featuredmedia":[{"embeddable":true,"href":"https:\/\/france-gastronomie.shop\/cs\/wp-json\/wp\/v2\/media\/9773"}],"wp:attachment":[{"href":"https:\/\/france-gastronomie.shop\/cs\/wp-json\/wp\/v2\/media?parent=13101"}],"wp:term":[{"taxonomy":"product_brand","embeddable":true,"href":"https:\/\/france-gastronomie.shop\/cs\/wp-json\/wp\/v2\/product_brand?post=13101"},{"taxonomy":"product_cat","embeddable":true,"href":"https:\/\/france-gastronomie.shop\/cs\/wp-json\/wp\/v2\/product_cat?post=13101"},{"taxonomy":"product_tag","embeddable":true,"href":"https:\/\/france-gastronomie.shop\/cs\/wp-json\/wp\/v2\/product_tag?post=13101"}],"curies":[{"name":"wp","href":"https:\/\/api.w.org\/{rel}","templated":true}]}}