{"id":1310,"date":"2020-08-18T09:40:15","date_gmt":"2020-08-18T09:40:15","guid":{"rendered":"https:\/\/france-gastronomie.shop\/produit\/domaine-les-escondudes-chateauneuf-du-pape\/"},"modified":"2024-11-04T11:39:32","modified_gmt":"2024-11-04T11:39:32","slug":"domaine-les-escondudes-chateauneuf-du-pape","status":"publish","type":"product","link":"https:\/\/france-gastronomie.shop\/cs\/produit\/domaine-les-escondudes-chateauneuf-du-pape\/","title":{"rendered":"Les Escondudes <br\/> Ch\u00e2teauneuf du Pape"},"content":{"rendered":"<h5>Domaine Les Escondudes<\/h5>\n<h5>AOC Ch\u00e2teauneuf du Pape<\/h5>\n<p>P\u016fvod &#8211; poloha<br \/>\nSvahy s ov\u00e1ln\u00fdmi obl\u00e1zky<\/p>\n<p>Vinifikace<br \/>\nPo obr\u00e1n\u00ed jsou hrozny nalo\u017eeny 20 dn\u00ed, pak jsou p\u0159e\u010derp\u00e1ny a vylisov\u00e1ny.<br \/>\nTeplota kva\u0161en\u00ed 28 a\u017e 30\u00b0 C.<\/p>\n<p>Zr\u00e1n\u00ed<br \/>\n10 a\u017e 12 m\u011bs\u00edc\u016f v n\u00e1dr\u017ei<\/p>\n<p>Odr\u016fdy<br \/>\nGrenache 100%<\/p>\n<p>Chu\u0165ov\u00e9 pozn\u00e1mky od na\u0161eho enologa<br \/>\nLe Domaine Les Escondudes m\u00e1 \u010derveno gran\u00e1tovou barvu s odlesky rub\u00edn\u016f.<br \/>\nD\u00edky sv\u00e9 poloze, tradi\u010dn\u00ed vinifikaci a odr\u016fd\u011b, m\u00e1 toto v\u00edno dobrou chut s velmi jemn\u00fdmi t\u0159\u00edslovinami. V\u016fn\u011b ukazuje n\u00e1dech \u010derven\u00e9ho ovoce, \u010dern\u00e9ho ryb\u00edzu a t\u0159e\u0161n\u00ed, kterou najdeme tak\u00e9 na pat\u0159e s ko\u0159en\u011bn\u00fdm zakon\u010den\u00edm.<\/p>\n<p>St\u00e1\u010deno do lahv\u00ed<br \/>\nVe vina\u0159stv\u00ed<\/p>\n<p>Rady k degustaci<br \/>\nUchov\u00e1vat: 5 \u2013 8 let. 16\u00b0-18\u00b0C<\/p>\n<p>Doporu\u010den\u00ed<br \/>\nHod\u00ed se ke grilovan\u00e9mu masu, pernat\u00e9 zv\u011b\u0159i, kachn\u011b na pomeran\u010d\u00edch, civet ze zaj\u00edce atd.<\/p>\n<p>Ocen\u011bn\u00ed a Citace<br \/>\n2012: Zlat\u00e1 medaile Vinsobres 2013 (1er prix Chateauneuf)<br \/>\nZlat\u00e1 medaile Feminalise<br \/>\nSt\u0159\u00edbrn\u00e1 medaile Avignon 2013<br \/>\nRobert Parker : 87-89<br \/>\n2011: Zlat\u00e1 medaile 85\/100 Gilbert &amp; Gaillard 2013<br \/>\nBronzov\u00e1 medaile IWC London<br \/>\n2010: Zlat\u00e1 medaile Orange 2011<br \/>\nSt\u0159\u00edbrn\u00e1 medaile F\u00e9minalise 2011<br \/>\nSt\u0159\u00edbrn\u00e1 medaile Vinsobres 2011<br \/>\nBronzov\u00e1 medaile M\u00e2con 2011<br \/>\n2009: Zlat\u00e1 medaile Orange 2010<br \/>\nZlat\u00e1 medaile F\u00e9minalise 2010<br \/>\nZlat\u00e1 medaile Vinsobres 2010<br \/>\nRobert Parker : 84-86<br \/>\n2008: Zlat\u00e1 medajle Orange 2009 s cenou poroty<\/p>\n","protected":false},"excerpt":{"rendered":"<h5>AOC Ch\u00e2teauneuf du Pape<\/h5>\n<p>V roce 1925 se spojila skupina vina\u0159\u016f p\u0159esv\u011bd\u010den\u00fdch o hodnot\u00e1ch solidarity a vz\u00e1jemn\u00e9 pomoci. O jeden\u00e1ct let pozd\u011bji se tito vizion\u00e1\u0159\u0161t\u00ed vina\u0159i pod\u00edleli na vytvo\u0159en\u00ed prvn\u00ed apelace ve Francii: CH\u00c2TEAUNEUF-DU-PAPE.<br \/>\n189 vina\u0159\u016f z CELLIER DES PRINCES, kte\u0159\u00ed byli na po\u010d\u00e1tku sjednoceni, je hrd\u00fdch na to, \u017ee mohou sv\u00e1 v\u00edna prod\u00e1vat na v\u0161ech p\u011bti kontinentech a p\u0159ed\u00e1vat sv\u00e9 hodnoty, jako je pohostinnost a dokonalost.<\/p>\n<p>Odr\u016fdy<br \/>\nGrenache 100%<\/p>\n","protected":false},"featured_media":1307,"comment_status":"closed","ping_status":"closed","template":"","meta":[],"product_brand":[],"product_cat":[383,389,394,435,436,385,388],"product_tag":[],"class_list":{"0":"post-1310","1":"product","2":"type-product","3":"status-publish","4":"has-post-thumbnail","6":"product_cat-vina","7":"product_cat-spickova-vina","8":"product_cat-regiony","9":"product_cat-vallee-du-rhone-cs","10":"product_cat-chateauneuf-du-pape-cs","11":"product_cat-barva","12":"product_cat-cervena-vina","14":"first","15":"instock","16":"taxable","17":"shipping-taxable","18":"purchasable","19":"product-type-simple"},"jetpack_sharing_enabled":true,"_links":{"self":[{"href":"https:\/\/france-gastronomie.shop\/cs\/wp-json\/wp\/v2\/product\/1310","targetHints":{"allow":["GET"]}}],"collection":[{"href":"https:\/\/france-gastronomie.shop\/cs\/wp-json\/wp\/v2\/product"}],"about":[{"href":"https:\/\/france-gastronomie.shop\/cs\/wp-json\/wp\/v2\/types\/product"}],"replies":[{"embeddable":true,"href":"https:\/\/france-gastronomie.shop\/cs\/wp-json\/wp\/v2\/comments?post=1310"}],"wp:featuredmedia":[{"embeddable":true,"href":"https:\/\/france-gastronomie.shop\/cs\/wp-json\/wp\/v2\/media\/1307"}],"wp:attachment":[{"href":"https:\/\/france-gastronomie.shop\/cs\/wp-json\/wp\/v2\/media?parent=1310"}],"wp:term":[{"taxonomy":"product_brand","embeddable":true,"href":"https:\/\/france-gastronomie.shop\/cs\/wp-json\/wp\/v2\/product_brand?post=1310"},{"taxonomy":"product_cat","embeddable":true,"href":"https:\/\/france-gastronomie.shop\/cs\/wp-json\/wp\/v2\/product_cat?post=1310"},{"taxonomy":"product_tag","embeddable":true,"href":"https:\/\/france-gastronomie.shop\/cs\/wp-json\/wp\/v2\/product_tag?post=1310"}],"curies":[{"name":"wp","href":"https:\/\/api.w.org\/{rel}","templated":true}]}}