{"id":13097,"date":"2022-01-17T09:05:41","date_gmt":"2022-01-17T09:05:41","guid":{"rendered":"https:\/\/france-gastronomie.shop\/?post_type=product&#038;p=13097"},"modified":"2025-10-31T16:05:39","modified_gmt":"2025-10-31T16:05:39","slug":"entre-parentheses-vin-de-bordeaux-2","status":"publish","type":"product","link":"https:\/\/france-gastronomie.shop\/cs\/produit\/entre-parentheses-vin-de-bordeaux-2\/","title":{"rendered":"Entre-Parenth\u00e8ses <br\/> Vin de Bordeaux"},"content":{"rendered":"<h5>Entre-Parenth\u00e8ses<\/h5>\n<h5>AOC Vin de Bordeaux<\/h5>\n<p>P\u016eVOD<br \/>\nEntre Parenth\u00e8ses je v\u00fdsledkem p\u0159\u00edsn\u00e9 selekce na\u0161ich vina\u0159\u016f a p\u0159edstavuje kvintesenci nejlep\u0161\u00edch hlinitokamenit\u00fdch terroir\u016f z vinic v Bordeaux.<br \/>\nTyto terroiry byly speci\u00e1ln\u011b vybr\u00e1ny pro svou schopnost produkovat vynikaj\u00edc\u00ed v\u00edna s kr\u00e1snou aromatickou intenzitou.<\/p>\n<p>VINIFIKACE<br \/>\nHrozny kvas\u00ed v nerezov\u00fdch tanc\u00edch p\u0159i kontrolovan\u00e9 teplot\u011b 20 \u00b0C a pravideln\u00e9m p\u0159e\u010derp\u00e1v\u00e1n\u00ed, aby z\u00edskaly sytou barvu a koncentrovan\u00e9 aroma.<\/p>\n<p>ODR\u016eDY<br \/>\nMerlot (92%), Cabernet Franc (4%), Cabernet Sauvignon (2%), Malbec (2%)<\/p>\n<p>DEGUSTACE<br \/>\nM\u00e1 pr\u016fzra\u010dnou barvu s hlubok\u00fdmi rub\u00ednov\u00fdmi odst\u00edny. Odhaluje buket s v\u016fn\u00ed drobn\u00e9ho zral\u00e9ho \u010derven\u00e9ho ovoce a n\u00e1dechem ko\u0159en\u00ed. Chu\u0165 je kulat\u00e1 a vyv\u00e1\u017een\u00e1, s hladk\u00fdmi a strukturovan\u00fdmi t\u0159\u00edslovinami. Modern\u00ed a nekomplikovan\u00e9 Bordeaux.<\/p>\n<p>DOPORU\u010cEN\u00cd<br \/>\nEntre Parenth\u00e8ses je ide\u00e1ln\u00ed k pit\u00ed pokud si chceme u\u017e\u00edt chv\u00edle pohody, a\u0165 u\u017e se pod\u00e1v\u00e1 jako aperitiv, s jednoduch\u00fdmi pokrmy jako (hamburgery, pa\u0161tiky) nebo rafinovan\u011bj\u0161\u00edmi pokrmy (kachn\u00ed prsa, ro\u0161t\u011bnec). V\u00fdborn\u011b se tak\u00e9 hod\u00ed k s\u00fdr\u016fm, jako je Comt\u00e9.<br \/>\nPod\u00e1vejte p\u0159i teplot\u011b 16 a\u017e 18 \u00b0C.<\/p>\n","protected":false},"excerpt":{"rendered":"<h2><strong><span style=\"color: #ff0000;\">Pozor!!<br \/>\n<\/span><\/strong><strong><span style=\"color: #ff0000;\">U tohoto produktu m\u016f\u017eete vyu\u017e\u00edt jedine\u010dnou nab\u00eddku<\/span><\/strong><span style=\"color: #ff0000;\"><strong> <a style=\"color: #ff0000;\" href=\"https:\/\/france-gastronomie.shop\/cs\/category\/doporucujeme\/\">ZDE<\/a><\/strong><\/span><\/h2>\n<h5>AOC Vin de Bordeaux<\/h5>\n<p>Maison Le Star je realizac\u00ed snu a vyj\u00e1d\u0159en\u00edm v\u00e1\u0161n\u011b.<br \/>\nObklopeni t\u00fdmem profesion\u00e1l\u016f, enolog\u016f a sommelier\u016f, kte\u0159\u00ed zaru\u010duj\u00ed kvalitu n\u00e1mi vyr\u00e1b\u011bn\u00fdch a vybran\u00fdch v\u00edn, nab\u00edz\u00edme budouc\u00edm milovn\u00edk\u016fm a znalc\u016fm v\u00edna z cel\u00e9ho sv\u011bta kvalitn\u00ed francouzsk\u00e1 v\u00edna za odpov\u00eddaj\u00edc\u00ed cenu.<\/p>\n<p>Odr\u016fdy<br \/>\nMerlot (92%), Cabernet Franc (4%), Cabernet Sauvignon (2%), Malbec (2%)<\/p>\n","protected":false},"featured_media":9770,"comment_status":"open","ping_status":"closed","template":"","meta":[],"product_brand":[],"product_cat":[383,400,419,385,388],"product_tag":[],"class_list":{"0":"post-13097","1":"product","2":"type-product","3":"status-publish","4":"has-post-thumbnail","6":"product_cat-vina","7":"product_cat-bordeaux-cs","8":"product_cat-vins-de-bordeaux-cs","9":"product_cat-barva","10":"product_cat-cervena-vina","12":"first","13":"instock","14":"sale","15":"taxable","16":"shipping-taxable","17":"purchasable","18":"product-type-simple"},"jetpack_sharing_enabled":true,"_links":{"self":[{"href":"https:\/\/france-gastronomie.shop\/cs\/wp-json\/wp\/v2\/product\/13097","targetHints":{"allow":["GET"]}}],"collection":[{"href":"https:\/\/france-gastronomie.shop\/cs\/wp-json\/wp\/v2\/product"}],"about":[{"href":"https:\/\/france-gastronomie.shop\/cs\/wp-json\/wp\/v2\/types\/product"}],"replies":[{"embeddable":true,"href":"https:\/\/france-gastronomie.shop\/cs\/wp-json\/wp\/v2\/comments?post=13097"}],"wp:featuredmedia":[{"embeddable":true,"href":"https:\/\/france-gastronomie.shop\/cs\/wp-json\/wp\/v2\/media\/9770"}],"wp:attachment":[{"href":"https:\/\/france-gastronomie.shop\/cs\/wp-json\/wp\/v2\/media?parent=13097"}],"wp:term":[{"taxonomy":"product_brand","embeddable":true,"href":"https:\/\/france-gastronomie.shop\/cs\/wp-json\/wp\/v2\/product_brand?post=13097"},{"taxonomy":"product_cat","embeddable":true,"href":"https:\/\/france-gastronomie.shop\/cs\/wp-json\/wp\/v2\/product_cat?post=13097"},{"taxonomy":"product_tag","embeddable":true,"href":"https:\/\/france-gastronomie.shop\/cs\/wp-json\/wp\/v2\/product_tag?post=13097"}],"curies":[{"name":"wp","href":"https:\/\/api.w.org\/{rel}","templated":true}]}}