{"id":12782,"date":"2021-10-29T10:42:43","date_gmt":"2021-10-29T10:42:43","guid":{"rendered":"https:\/\/france-gastronomie.shop\/produit\/plan-de-lhomme-khi-terrasses-du-larzac\/"},"modified":"2024-05-22T09:20:46","modified_gmt":"2024-05-22T09:20:46","slug":"plan-de-lhomme-khi-terrasses-du-larzac","status":"publish","type":"product","link":"https:\/\/france-gastronomie.shop\/cs\/produit\/plan-de-lhomme-khi-terrasses-du-larzac\/","title":{"rendered":"Plan de l&#8217;Homme Khi <br\/> Terrasses du Larzac"},"content":{"rendered":"<h5><span style=\"font-family: Trebuchet MS;\">Plan de l&#8217;Homme Khi BIO<br \/>\n<\/span><span style=\"font-family: Trebuchet MS;\">AOP Terrasses du Larzac<\/span><\/h5>\n<p>Odr\u016fdy<br \/>\nCarignan, Grenache<\/p>\n<p>Zem\u011bpisn\u00e1 poloha<br \/>\nPozemky Plan de l&#8217;Homme se rozkl\u00e1daj\u00ed na \u0161esti r\u016fzn\u00fdch m\u00edstech v obci Saint Jean de la Blaqui\u00e8re na n\u00e1horn\u00ed plo\u0161in\u011b Larzac.<\/p>\n<p>Plocha pozemku: 10 ha<\/p>\n<p>St\u00e1\u0159\u00ed vinice: 40 let<\/p>\n<p>Vinifikace<br \/>\nHrozny se odstopkuj\u00ed a rozdrt\u00ed.<br \/>\nMacerace 18 a\u017e 25 dn\u00ed.<br \/>\nExtrakce pik\u00e1\u017e\u00ed, p\u0159e\u010derp\u00e1n\u00edm a \u201edelestage\u201c, co\u017e je odd\u011blov\u00e1n\u00ed mo\u0161tu od pevn\u00fdch \u010d\u00e1st\u00ed hrozn\u016f.<\/p>\n<p>Degustace<br \/>\nKhi se vyr\u00e1b\u00ed ze star\u00fdch pozemk\u016f Carignanu v kombinaci s odr\u016fdou Grenache a je to ovocn\u00e9 v\u00edno s jemn\u00fdmi t\u0159\u00edslovinami.<\/p>\n<p>Doporu\u010den\u00ed<br \/>\nIde\u00e1ln\u00ed k \u010derven\u00e9mu masu, zv\u011b\u0159in\u011b, jehn\u011b\u010d\u00edm kotlet\u00e1m, s\u00fdrov\u00e9mu tal\u00ed\u0159i.<\/p>\n","protected":false},"excerpt":{"rendered":"<h5><span style=\"font-family: Trebuchet MS;\">Plan de l&#8217;Homme Khi BIO<br \/>\n<\/span><span style=\"font-family: Trebuchet MS;\">AOP Terrasses du Larzac<\/span><\/h5>\n<p>Tato v\u00edna se vyzna\u010duj\u00ed sv\u011b\u017eest\u00ed, jemnost\u00ed a vyv\u00e1\u017eenost\u00ed. Jejich rozmanitost je odrazem v\u00fdjime\u010dn\u00e9ho terroir oblasti Terrasses du Larzac.<br \/>\nU \u010derven\u00fdch v\u00edn umo\u017e\u0148uje rozmanitost odr\u016fd vinn\u00e9 r\u00e9vy vytvo\u0159it \u0159adu v\u00edn, kter\u00e1 se v z\u00e1vislosti na ro\u010dn\u00edku vyzna\u010duje v\u016fn\u00ed \u010derven\u00e9ho ovoce, kv\u011btinov\u00fdm n\u00e1dechem, aroma a v\u016fn\u011bmi nebo t\u00f3ny garrigue. T\u0159\u00edsloviny, kter\u00e9 zaru\u010duj\u00ed dobrou trvanlivost v\u00edn, jsou p\u0159\u00edtomny bez nadbytku.<\/p>\n<p>Pozemky Plan de l&#8217;Homme &#8211; celkem asi deset hektar\u016f &#8211; Na\u0161e odr\u016fdy: 40 let, Grenache, Carignan, Cinsault, Syrah.<\/p>\n<p>V\u00fdnosy jsou omezen\u00e9 (v pr\u016fm\u011bru 25 a\u017e 30 hl\/ha), co\u017e je d\u00e1no st\u00e1\u0159\u00edm r\u00e9vy, chudou p\u016fdou a drsn\u00fdm klimatem.<br \/>\nSklize\u0148 se prov\u00e1d\u00ed ru\u010dn\u011b.<\/p>\n","protected":false},"featured_media":12779,"comment_status":"open","ping_status":"closed","template":"","meta":[],"product_brand":[],"product_cat":[683,383,394,399,385,388,384],"product_tag":[],"class_list":{"0":"post-12782","1":"product","2":"type-product","3":"status-publish","4":"has-post-thumbnail","6":"product_cat-terrasses-du-larzac","7":"product_cat-vina","8":"product_cat-regiony","9":"product_cat-jine-regiony","10":"product_cat-barva","11":"product_cat-cervena-vina","12":"product_cat-bio-cs","14":"first","15":"instock","16":"taxable","17":"shipping-taxable","18":"purchasable","19":"product-type-simple"},"jetpack_sharing_enabled":true,"_links":{"self":[{"href":"https:\/\/france-gastronomie.shop\/cs\/wp-json\/wp\/v2\/product\/12782","targetHints":{"allow":["GET"]}}],"collection":[{"href":"https:\/\/france-gastronomie.shop\/cs\/wp-json\/wp\/v2\/product"}],"about":[{"href":"https:\/\/france-gastronomie.shop\/cs\/wp-json\/wp\/v2\/types\/product"}],"replies":[{"embeddable":true,"href":"https:\/\/france-gastronomie.shop\/cs\/wp-json\/wp\/v2\/comments?post=12782"}],"wp:featuredmedia":[{"embeddable":true,"href":"https:\/\/france-gastronomie.shop\/cs\/wp-json\/wp\/v2\/media\/12779"}],"wp:attachment":[{"href":"https:\/\/france-gastronomie.shop\/cs\/wp-json\/wp\/v2\/media?parent=12782"}],"wp:term":[{"taxonomy":"product_brand","embeddable":true,"href":"https:\/\/france-gastronomie.shop\/cs\/wp-json\/wp\/v2\/product_brand?post=12782"},{"taxonomy":"product_cat","embeddable":true,"href":"https:\/\/france-gastronomie.shop\/cs\/wp-json\/wp\/v2\/product_cat?post=12782"},{"taxonomy":"product_tag","embeddable":true,"href":"https:\/\/france-gastronomie.shop\/cs\/wp-json\/wp\/v2\/product_tag?post=12782"}],"curies":[{"name":"wp","href":"https:\/\/api.w.org\/{rel}","templated":true}]}}