{"id":1275,"date":"2025-11-11T18:25:43","date_gmt":"2020-08-18T05:25:43","guid":{"rendered":"https:\/\/france-gastronomie.shop\/produit\/plan-de-dieu-domaine-piecaud-cotes-du-rhone-villages\/"},"modified":"2024-11-04T11:11:20","modified_gmt":"2024-11-04T11:11:20","slug":"plan-de-dieu-domaine-piecaud-cotes-du-rhone-villages","status":"publish","type":"product","link":"https:\/\/france-gastronomie.shop\/cs\/produit\/plan-de-dieu-domaine-piecaud-cotes-du-rhone-villages\/","title":{"rendered":"Domaine Piecaud <br\/> C\u00f4tes du Rh\u00f4ne Villages"},"content":{"rendered":"<h5>Plan de Dieu &#8211; Domaine Piecaud<\/h5>\n<h5>AOC C\u00f4tes du Rh\u00f4ne Villages<\/h5>\n<p>P\u016fvod<br \/>\n\u010cerven\u00fd j\u00edl a obl\u00e1zky<\/p>\n<p>Vinifikace<br \/>\nPo obr\u00e1n\u00ed jsou hrozny nalo\u017eeny 15 a\u017e 20 dn\u00ed, b\u011bhem t\u00e9to doby jsou ka\u017edodenn\u011b p\u0159e\u010derp\u00e1v\u00e1ny.<br \/>\nTeplota kva\u0161en\u00ed 28 a\u017e 30\u00b0 C.<\/p>\n<p>Zr\u00e1n\u00ed<br \/>\n6 m\u011bs\u00edc\u016f v n\u00e1dr\u017ei<\/p>\n<p>Odr\u016fdy<br \/>\nGrenache 80%, Syrah 20%<\/p>\n<p>Chu\u0165ov\u00e9 pozn\u00e1mky od na\u0161eho enologa<br \/>\nHezk\u00e1 intenzivn\u00ed \u010derven\u00e1 barva, se siln\u00fdm n\u00e1dechem fialov\u00e9. Siln\u011b dominantn\u00ed v\u016fn\u011b \u010derven\u00e9ho ovoce jako jsou t\u0159e\u0161n\u011b, \u010derven\u00fd ryb\u00edz, dopln\u011bn\u00e1 v\u016fn\u00ed k\u0159ovin, tymi\u00e1nu a rozmar\u00fdnu. Chu\u0165ov\u011b hezky vyrovnan\u00e9 s jemn\u011b hedv\u00e1bn\u00fdmi t\u0159\u00edslovinami.<\/p>\n<p>St\u00e1\u010deno do lahv\u00ed<br \/>\nVe vina\u0159stv\u00ed<\/p>\n<p>Rady k degustaci<br \/>\nUchov\u00e1vat: 3 a\u017e 4 roky.<br \/>\nPod\u00e1vat p\u0159i teplot\u011b: 16\u00b0-18\u00b0C<\/p>\n<p>Doporu\u010den\u00ed<br \/>\nToto v\u00edno ocen\u00edte dnes se v\u0161emi j\u00eddly st\u0159edomo\u0159sk\u00e9 kuchyn\u011b, dokonce i s pikantn\u00edmi, a jako star\u0161\u00ed s om\u00e1\u010dkami a zv\u011b\u0159inou.<\/p>\n<p>Ro\u010dn\u00edk 2012<br \/>\nZlat\u00e1 medaile Gilbert &amp; Gaillard 2014: 84\/100<br \/>\nBronzov\u00e1 medajle Avignon 2013<\/p>\n","protected":false},"excerpt":{"rendered":"<h5>AOC C\u00f4tes du Rh\u00f4ne Villages<\/h5>\n<p>V roce 1925 se spojila skupina vina\u0159\u016f p\u0159esv\u011bd\u010den\u00fdch o hodnot\u00e1ch solidarity a vz\u00e1jemn\u00e9 pomoci. O jeden\u00e1ct let pozd\u011bji se tito vizion\u00e1\u0159\u0161t\u00ed vina\u0159i pod\u00edleli na vytvo\u0159en\u00ed prvn\u00ed apelace ve Francii: CH\u00c2TEAUNEUF-DU-PAPE.<br \/>\n189 vina\u0159\u016f z CELLIER DES PRINCES, kte\u0159\u00ed byli na po\u010d\u00e1tku sjednoceni, je hrd\u00fdch na to, \u017ee mohou sv\u00e1 v\u00edna prod\u00e1vat na v\u0161ech p\u011bti kontinentech a p\u0159ed\u00e1vat sv\u00e9 hodnoty, jako je pohostinnost a dokonalost.<\/p>\n<p>Odr\u016fdy<br \/>\nGrenache 80%, Syrah 20%<\/p>\n","protected":false},"featured_media":1272,"comment_status":"closed","ping_status":"closed","template":"","meta":[],"product_brand":[],"product_cat":[383,394,435,437,385,388],"product_tag":[],"class_list":{"0":"post-1275","1":"product","2":"type-product","3":"status-publish","4":"has-post-thumbnail","6":"product_cat-vina","7":"product_cat-regiony","8":"product_cat-vallee-du-rhone-cs","9":"product_cat-cotes-du-rhone-villages-cs","10":"product_cat-barva","11":"product_cat-cervena-vina","13":"first","14":"instock","15":"featured","16":"taxable","17":"shipping-taxable","18":"purchasable","19":"product-type-simple"},"jetpack_sharing_enabled":true,"_links":{"self":[{"href":"https:\/\/france-gastronomie.shop\/cs\/wp-json\/wp\/v2\/product\/1275","targetHints":{"allow":["GET"]}}],"collection":[{"href":"https:\/\/france-gastronomie.shop\/cs\/wp-json\/wp\/v2\/product"}],"about":[{"href":"https:\/\/france-gastronomie.shop\/cs\/wp-json\/wp\/v2\/types\/product"}],"replies":[{"embeddable":true,"href":"https:\/\/france-gastronomie.shop\/cs\/wp-json\/wp\/v2\/comments?post=1275"}],"wp:featuredmedia":[{"embeddable":true,"href":"https:\/\/france-gastronomie.shop\/cs\/wp-json\/wp\/v2\/media\/1272"}],"wp:attachment":[{"href":"https:\/\/france-gastronomie.shop\/cs\/wp-json\/wp\/v2\/media?parent=1275"}],"wp:term":[{"taxonomy":"product_brand","embeddable":true,"href":"https:\/\/france-gastronomie.shop\/cs\/wp-json\/wp\/v2\/product_brand?post=1275"},{"taxonomy":"product_cat","embeddable":true,"href":"https:\/\/france-gastronomie.shop\/cs\/wp-json\/wp\/v2\/product_cat?post=1275"},{"taxonomy":"product_tag","embeddable":true,"href":"https:\/\/france-gastronomie.shop\/cs\/wp-json\/wp\/v2\/product_tag?post=1275"}],"curies":[{"name":"wp","href":"https:\/\/api.w.org\/{rel}","templated":true}]}}