{"id":12742,"date":"2021-10-29T06:55:13","date_gmt":"2021-10-29T06:55:13","guid":{"rendered":"https:\/\/france-gastronomie.shop\/produit\/jean-francois-protheau-bourgogne-chardonnay\/"},"modified":"2025-11-22T15:46:02","modified_gmt":"2025-11-22T15:46:02","slug":"jean-francois-protheau-bourgogne-chardonnay","status":"publish","type":"product","link":"https:\/\/france-gastronomie.shop\/cs\/produit\/jean-francois-protheau-bourgogne-chardonnay\/","title":{"rendered":"AOP Bourgogne <br\/> JF Protheau 2023"},"content":{"rendered":"<h5>Jean-Francois Protheau<br \/>\nAOP Bourgogne &#8211; Chardonnay<\/h5>\n<p>Odr\u016fdy<br \/>\nChardonnay<\/p>\n<p>Zem\u011bpisn\u00e1 poloha<br \/>\nBurgundsko je kol\u00e9bkou Chardonnay, kter\u00e9 na jeho \u00fazem\u00ed z\u00edsk\u00e1v\u00e1 sv\u016fj nejdokonalej\u0161\u00ed v\u00fdraz. Bourgogne Chardonnay se vyr\u00e1b\u00ed v C\u00f4te-d&#8217;Or, Sa\u00f4ne-et-Loire a Yonne a je \u00favodn\u00edm v\u00ednem, kter\u00e9 v\u00e1s zve k objevov\u00e1n\u00ed burgundsk\u00fdch apelac\u00ed Village, Premier Cru a Grand Cru.<\/p>\n<p>Vinifikace<br \/>\nTradi\u010dn\u00ed vinifikace: p\u0159\u00edm\u00e9 lisov\u00e1n\u00ed p\u0159i p\u0159\u00edjmu hrozn\u016f v pneumatick\u00e9m lisu, usazov\u00e1n\u00ed, studen\u00e1 stabilizace po dobu 48 hodin.<br \/>\nKva\u0161en\u00ed v k\u00e1d\u00edch p\u0159i n\u00edzk\u00e9 teplot\u011b 16\/20\u00b0, aby se zachovala v\u016fn\u011b.<br \/>\n\u010c\u00e1st v\u00edna zraje v k\u00e1d\u00edch na kalu a druh\u00e1 \u010d\u00e1st v sudech. Zraje 8 a\u017e 16 m\u011bs\u00edc\u016f za pravideln\u00e9ho prom\u00edch\u00e1v\u00e1n\u00ed.<\/p>\n<p>P\u016fda<br \/>\nJ\u00edlovito-v\u00e1pencov\u00e9 p\u016fdy, kter\u00e9 vznikly p\u0159em\u011bnou v\u00e1penc\u016f a sl\u00edn\u016f.<\/p>\n<p>Smyslov\u00e9 vlastnosti<br \/>\nBarva: sv\u011btle zlatav\u00e9 barvy.<br \/>\nV\u016fn\u011b: v\u016fn\u011b je sv\u011b\u017e\u00ed a elegantn\u00ed: b\u00edl\u00e9 kv\u011bty, limetka, l\u00edskov\u00fd o\u0159\u00ed\u0161ek.<br \/>\nChu\u0165: chu\u0165 je p\u0159esn\u00e1 s p\u0159\u00edjemnou kyselinkou, kter\u00e1 se p\u0159\u00edjemn\u011b snoub\u00ed s jemn\u011b d\u0159evit\u00fdmi t\u00f3ny toast\u016f a su\u0161en\u00e9ho ovoce.<\/p>\n<p>Doporu\u010den\u00ed<br \/>\n\u017div\u00e9, aromatick\u00e9 a jemn\u00e9 v\u00edno se skv\u011ble hod\u00ed k ryb\u00e1m, m\u011bkk\u00fd\u0161\u016fm, b\u00edl\u00fdm mas\u016fm, ale tak\u00e9 ke grilovan\u00e9mu andouillette!<br \/>\nIde\u00e1ln\u00ed k s\u00fdr\u016fm, jako je ement\u00e1l, bleu nebo ch\u00e8vres.<\/p>\n<p>Teplota pod\u00e1v\u00e1n\u00ed: 11-13 \u00b0C.<\/p>\n<p>Obsah alkoholu: 13<br \/>\nSkladovatelnost: Vyp\u00edt do 2 let.<br \/>\nKyselost: 0<\/p>\n","protected":false},"excerpt":{"rendered":"<h5>Jean-Francois Protheau<br \/>\nAOP Bourgogne &#8211; Chardonnay<\/h5>\n<p>V roce 1720 za\u010dala rodina Protheau, majitel\u00e9 Ch\u00e2teau d&#8217;Etroyes, p\u011bstovat r\u00e9vu na p\u016fd\u011b v oblasti Mercurey.<br \/>\nOd t\u011bchto let se panstv\u00ed za\u010dalo roz\u0161i\u0159ovat z generace na generaci.<\/p>\n<p>Jedine\u010dn\u00fd podpis<br \/>\nNa\u0161e v\u00edna jsou vyrobena z toho nejlep\u0161\u00edho z jednotliv\u00fdch terroir na vinici, od Chablis po Beaujolais crus, p\u0159es C\u00f4te de Nuits, C\u00f4te de Beaune, C\u00f4te Ch\u00e2lonnaise a M\u00e2connais, nab\u00edzej\u00ed nejlep\u0161\u00ed vlastnosti charakteristick\u00fdch odr\u016fd vinice:<br \/>\nPinot Noir, Chardonnay a Gamay.<\/p>\n","protected":false},"featured_media":12739,"comment_status":"open","ping_status":"closed","template":"","meta":[],"product_brand":[],"product_cat":[383,394,420,385,386],"product_tag":[],"class_list":{"0":"post-12742","1":"product","2":"type-product","3":"status-publish","4":"has-post-thumbnail","6":"product_cat-vina","7":"product_cat-regiony","8":"product_cat-bourgogne-cs","9":"product_cat-barva","10":"product_cat-bila-vina","12":"first","13":"instock","14":"taxable","15":"shipping-taxable","16":"purchasable","17":"product-type-simple"},"jetpack_sharing_enabled":true,"_links":{"self":[{"href":"https:\/\/france-gastronomie.shop\/cs\/wp-json\/wp\/v2\/product\/12742","targetHints":{"allow":["GET"]}}],"collection":[{"href":"https:\/\/france-gastronomie.shop\/cs\/wp-json\/wp\/v2\/product"}],"about":[{"href":"https:\/\/france-gastronomie.shop\/cs\/wp-json\/wp\/v2\/types\/product"}],"replies":[{"embeddable":true,"href":"https:\/\/france-gastronomie.shop\/cs\/wp-json\/wp\/v2\/comments?post=12742"}],"wp:featuredmedia":[{"embeddable":true,"href":"https:\/\/france-gastronomie.shop\/cs\/wp-json\/wp\/v2\/media\/12739"}],"wp:attachment":[{"href":"https:\/\/france-gastronomie.shop\/cs\/wp-json\/wp\/v2\/media?parent=12742"}],"wp:term":[{"taxonomy":"product_brand","embeddable":true,"href":"https:\/\/france-gastronomie.shop\/cs\/wp-json\/wp\/v2\/product_brand?post=12742"},{"taxonomy":"product_cat","embeddable":true,"href":"https:\/\/france-gastronomie.shop\/cs\/wp-json\/wp\/v2\/product_cat?post=12742"},{"taxonomy":"product_tag","embeddable":true,"href":"https:\/\/france-gastronomie.shop\/cs\/wp-json\/wp\/v2\/product_tag?post=12742"}],"curies":[{"name":"wp","href":"https:\/\/api.w.org\/{rel}","templated":true}]}}