{"id":12736,"date":"2021-10-29T06:31:22","date_gmt":"2021-10-29T06:31:22","guid":{"rendered":"https:\/\/france-gastronomie.shop\/produit\/jean-francois-protheau-moulin-a-vent\/"},"modified":"2025-11-22T16:04:46","modified_gmt":"2025-11-22T16:04:46","slug":"jean-francois-protheau-moulin-a-vent","status":"publish","type":"product","link":"https:\/\/france-gastronomie.shop\/cs\/produit\/jean-francois-protheau-moulin-a-vent\/","title":{"rendered":"AOP Moulin-\u00e0-Vent <br\/> JF Protheau 2022"},"content":{"rendered":"<h5>Jean-Francois Protheau<br \/>\nAOP Moulin-\u00e0-Vent<\/h5>\n<p>Odr\u016fdy<br \/>\nGamay<\/p>\n<p>Zem\u011bpisn\u00e1 poloha<br \/>\nChr\u00e1n\u011bn\u00e9 ozna\u010den\u00ed p\u016fvodu Moulin-\u00e0-Vent se rozkl\u00e1d\u00e1 na hranici mezi departementy Rh\u00f4ne a Sa\u00f4ne-et-Loire, zahrnuje \u010d\u00e1st obc\u00ed Ch\u00e9nas a Roman\u00e8che-Thorins a je jedn\u00edm z 10 Beaujolais Crus. Za sv\u00e9 jm\u00e9no vd\u011b\u010d\u00ed symbolick\u00e9mu Ml\u00fdnu na vrcholu kopce s v\u00fdhledem na vinice.<\/p>\n<p>Vinifikace<br \/>\nTradi\u010dn\u00ed vinifikace. Macerace v otev\u0159en\u00fdch nerezov\u00fdch k\u00e1d\u00edch s termoregulac\u00ed, dlouh\u00e1 doba macerace, b\u011bhem n\u00ed\u017e se optim\u00e1ln\u011b p\u0159e\u010derp\u00e1v\u00e1.<br \/>\nV\u00edna zraj\u00ed 10 m\u011bs\u00edc\u016f na jemn\u00fdch kvasni\u010dn\u00fdch kalech v nerezov\u00fdch k\u00e1d\u00edch.<\/p>\n<p>P\u016fda<br \/>\n\u017dula, j\u00edl, p\u00edsek a p\u00eds\u010dit\u00fd j\u00edl.<\/p>\n<p>Smyslov\u00e9 vlastnosti<br \/>\nBarva: za svou purpurov\u011b \u010dervenou barvu vd\u011b\u010d\u00ed moulin-\u00e0-vent hrozn\u016fm Gamay a \u017eule, kter\u00e1 se postupem \u010dasu m\u011bn\u00ed z tmav\u011b gran\u00e1tov\u00e9 na tmav\u011b rub\u00ednovou.<br \/>\nV\u016fn\u011b: v ml\u00e1d\u00ed moulin-\u00e0-vent vydechuje ovocn\u00e9 v\u016fn\u011b, jako jsou zral\u00e9 t\u0159e\u0161n\u011b, a kv\u011btinov\u00e9 v\u016fn\u011b, jako jsou fialky. Pak se objev\u00ed v\u016fn\u011b vybledl\u00e9 r\u016f\u017ee a kosatce. Pozd\u011bji se buket st\u00e1v\u00e1 ko\u0159enit\u011bj\u0161\u00edm a komplexn\u011bj\u0161\u00edm s t\u00f3ny lan\u00fd\u017e\u016f, pi\u017ema a zv\u011b\u0159iny.<br \/>\nChu\u0165: jemnost t\u0159\u00edslovin a vytrvalost v\u016fn\u00ed poskytuj\u00ed jedine\u010dn\u00fd po\u017eitek. Masit\u00e9, sametov\u00e9, \u010dasto miner\u00e1ln\u00ed v\u00edno s d\u0159evit\u00fdmi t\u00f3ny zp\u016fsoben\u00fdmi procesem zr\u00e1n\u00ed.<\/p>\n<p>Doporu\u010den\u00ed<br \/>\n\u010cerven\u00e9 maso, zv\u011b\u0159ina, s\u00fdry (Munster, Epoisses, Camembert).<\/p>\n<p>Teplota pod\u00e1v\u00e1n\u00ed: 14-16 \u00b0C.<\/p>\n<p>Obsah alkoholu: 13,5<br \/>\nSkladovatelnost: 3 &#8211; 5 let.<br \/>\nKyselost: 0<\/p>\n<p>&nbsp;<\/p>\n","protected":false},"excerpt":{"rendered":"<h5>Jean-Francois Protheau<br \/>\nAOP Moulin-\u00e0-Vent<\/h5>\n<p>V roce 1720 za\u010dala rodina Protheau, majitel\u00e9 Ch\u00e2teau d&#8217;Etroyes, p\u011bstovat r\u00e9vu na p\u016fd\u011b v oblasti Mercurey.<br \/>\nOd t\u011bchto let se panstv\u00ed za\u010dalo roz\u0161i\u0159ovat z generace na generaci.<\/p>\n<p>Jedine\u010dn\u00fd podpis<br \/>\nNa\u0161e v\u00edna jsou vyrobena z toho nejlep\u0161\u00edho z jednotliv\u00fdch terroir na vinici, od Chablis po Beaujolais crus, p\u0159es C\u00f4te de Nuits, C\u00f4te de Beaune, C\u00f4te Ch\u00e2lonnaise a M\u00e2connais, nab\u00edzej\u00ed nejlep\u0161\u00ed vlastnosti charakteristick\u00fdch odr\u016fd vinice:<br \/>\nPinot Noir, Chardonnay a Gamay.<\/p>\n","protected":false},"featured_media":12733,"comment_status":"open","ping_status":"closed","template":"","meta":[],"product_brand":[],"product_cat":[383,394,420,385,388],"product_tag":[],"class_list":{"0":"post-12736","1":"product","2":"type-product","3":"status-publish","4":"has-post-thumbnail","6":"product_cat-vina","7":"product_cat-regiony","8":"product_cat-bourgogne-cs","9":"product_cat-barva","10":"product_cat-cervena-vina","12":"first","13":"instock","14":"taxable","15":"shipping-taxable","16":"purchasable","17":"product-type-simple"},"jetpack_sharing_enabled":true,"_links":{"self":[{"href":"https:\/\/france-gastronomie.shop\/cs\/wp-json\/wp\/v2\/product\/12736","targetHints":{"allow":["GET"]}}],"collection":[{"href":"https:\/\/france-gastronomie.shop\/cs\/wp-json\/wp\/v2\/product"}],"about":[{"href":"https:\/\/france-gastronomie.shop\/cs\/wp-json\/wp\/v2\/types\/product"}],"replies":[{"embeddable":true,"href":"https:\/\/france-gastronomie.shop\/cs\/wp-json\/wp\/v2\/comments?post=12736"}],"wp:featuredmedia":[{"embeddable":true,"href":"https:\/\/france-gastronomie.shop\/cs\/wp-json\/wp\/v2\/media\/12733"}],"wp:attachment":[{"href":"https:\/\/france-gastronomie.shop\/cs\/wp-json\/wp\/v2\/media?parent=12736"}],"wp:term":[{"taxonomy":"product_brand","embeddable":true,"href":"https:\/\/france-gastronomie.shop\/cs\/wp-json\/wp\/v2\/product_brand?post=12736"},{"taxonomy":"product_cat","embeddable":true,"href":"https:\/\/france-gastronomie.shop\/cs\/wp-json\/wp\/v2\/product_cat?post=12736"},{"taxonomy":"product_tag","embeddable":true,"href":"https:\/\/france-gastronomie.shop\/cs\/wp-json\/wp\/v2\/product_tag?post=12736"}],"curies":[{"name":"wp","href":"https:\/\/api.w.org\/{rel}","templated":true}]}}