{"id":12727,"date":"2021-10-29T05:18:03","date_gmt":"2021-10-29T05:18:03","guid":{"rendered":"https:\/\/france-gastronomie.shop\/produit\/jean-francois-protheau-saint-amour\/"},"modified":"2025-11-22T15:48:06","modified_gmt":"2025-11-22T15:48:06","slug":"aop-saint-amour-jf-protheau","status":"publish","type":"product","link":"https:\/\/france-gastronomie.shop\/cs\/produit\/aop-saint-amour-jf-protheau\/","title":{"rendered":"AOP Saint-Amour <br\/> JF Protheau 2023"},"content":{"rendered":"<h5>Jean-Francois Protheau<br \/>\nAOP Saint Amour<\/h5>\n<p>Odr\u016fdy<br \/>\nGamay<\/p>\n<p>Zem\u011bpisn\u00e1 poloha<br \/>\nSaint-Amour se rozkl\u00e1d\u00e1 v obci Saint-Amour-Bellevue v departementu Sa\u00f4ne-et-Loire na severn\u00edm konci vinic Beaujolais. Je to jedno z deseti crus Beaujolais.<\/p>\n<p>Vinifikace<br \/>\nRu\u010dn\u00ed skli\u017ee\u0148. Cel\u00e1 sklize\u0148 se d\u00e1 do k\u00e1d\u00ed, polouhl\u00edkov\u00e9 vinifikov\u00e1n\u00ed, macerace 7 a\u017e 9 dn\u00ed. Zraje v k\u00e1d\u00edch, aby si zachovalo maxim\u00e1ln\u00ed \u010derstvost a ovocnost.<\/p>\n<p>P\u016fda<br \/>\nP\u00eds\u010dit\u00e9 \u017eulov\u00e9 svahy, \u0161t\u011brk a k\u0159emit\u00e9 j\u00edlovit\u00e9 koluvium.<\/p>\n<p>Smyslov\u00e9 vlastnosti<br \/>\nBarva: hlubok\u00e1 gran\u00e1tov\u00e1 barva s fialov\u00fdmi odst\u00edny.<br \/>\nV\u016fn\u011b: zpo\u010d\u00e1tku se pln\u011b projevuj\u00ed kv\u011btinov\u00e9 t\u00f3ny m\u00e1ku, fialky a pivo\u0148ky, pot\u00e9 ovocn\u011bj\u0161\u00ed v\u016fn\u011b t\u0159e\u0161n\u00ed morello a \u010derven\u00e9ho ryb\u00edzu dod\u00e1vaj\u00ed tomuto v\u00fdrazn\u00e9mu a okouzluj\u00edc\u00edmu buketu komplexnost.<br \/>\nChu\u0165: Na pat\u0159e je to bohat\u00e9, pln\u00e9 v\u00edno s kr\u00e1sn\u00fdmi t\u00f3ny lesn\u00edch jahod a pru\u017enou, velkorysou strukturou. Mal\u00fd kysel\u00fd dotek probud\u00ed konec \u00fast a p\u0159inese k\u0159upavost a chutnost.<\/p>\n<p>Doporu\u010den\u00ed<br \/>\nVynikaj\u00edc\u00ed ke grilovan\u00fdm mas\u016fm (jehn\u011b\u010d\u00ed nebo vep\u0159ov\u00e9 kotlety), jemn\u00fdm b\u00edl\u00fdm mas\u016fm (kr\u00e1l\u00edk, dr\u016fbe\u017e), dr\u016fbe\u017e\u00edm terin\u00e1m.<\/p>\n<p>Teplota pod\u00e1v\u00e1n\u00ed: 14-16 \u00b0C.<\/p>\n<p>Obsah alkoholu: 13,5<br \/>\nSkladovatelnost: Vyp\u00edt do 2 let.<br \/>\nKyselost: 0<\/p>\n","protected":false},"excerpt":{"rendered":"<h5>Jean-Francois Protheau<br \/>\nAOP Saint Amour<\/h5>\n<p>V roce 1720 za\u010dala rodina Protheau, majitel\u00e9 Ch\u00e2teau d&#8217;Etroyes, p\u011bstovat r\u00e9vu na p\u016fd\u011b v oblasti Mercurey.<br \/>\nOd t\u011bchto let se panstv\u00ed za\u010dalo roz\u0161i\u0159ovat z generace na generaci.<\/p>\n<p>Jedine\u010dn\u00fd podpis<br \/>\nNa\u0161e v\u00edna jsou vyrobena z toho nejlep\u0161\u00edho z jednotliv\u00fdch terroir na vinici, od Chablis po Beaujolais crus, p\u0159es C\u00f4te de Nuits, C\u00f4te de Beaune, C\u00f4te Ch\u00e2lonnaise a M\u00e2connais, nab\u00edzej\u00ed nejlep\u0161\u00ed vlastnosti charakteristick\u00fdch odr\u016fd vinice:<br \/>\nPinot Noir, Chardonnay a Gamay.<\/p>\n","protected":false},"featured_media":12723,"comment_status":"open","ping_status":"closed","template":"","meta":[],"product_brand":[],"product_cat":[383,394,420,385,388],"product_tag":[],"class_list":{"0":"post-12727","1":"product","2":"type-product","3":"status-publish","4":"has-post-thumbnail","6":"product_cat-vina","7":"product_cat-regiony","8":"product_cat-bourgogne-cs","9":"product_cat-barva","10":"product_cat-cervena-vina","12":"first","13":"instock","14":"taxable","15":"shipping-taxable","16":"purchasable","17":"product-type-simple"},"jetpack_sharing_enabled":true,"_links":{"self":[{"href":"https:\/\/france-gastronomie.shop\/cs\/wp-json\/wp\/v2\/product\/12727","targetHints":{"allow":["GET"]}}],"collection":[{"href":"https:\/\/france-gastronomie.shop\/cs\/wp-json\/wp\/v2\/product"}],"about":[{"href":"https:\/\/france-gastronomie.shop\/cs\/wp-json\/wp\/v2\/types\/product"}],"replies":[{"embeddable":true,"href":"https:\/\/france-gastronomie.shop\/cs\/wp-json\/wp\/v2\/comments?post=12727"}],"wp:featuredmedia":[{"embeddable":true,"href":"https:\/\/france-gastronomie.shop\/cs\/wp-json\/wp\/v2\/media\/12723"}],"wp:attachment":[{"href":"https:\/\/france-gastronomie.shop\/cs\/wp-json\/wp\/v2\/media?parent=12727"}],"wp:term":[{"taxonomy":"product_brand","embeddable":true,"href":"https:\/\/france-gastronomie.shop\/cs\/wp-json\/wp\/v2\/product_brand?post=12727"},{"taxonomy":"product_cat","embeddable":true,"href":"https:\/\/france-gastronomie.shop\/cs\/wp-json\/wp\/v2\/product_cat?post=12727"},{"taxonomy":"product_tag","embeddable":true,"href":"https:\/\/france-gastronomie.shop\/cs\/wp-json\/wp\/v2\/product_tag?post=12727"}],"curies":[{"name":"wp","href":"https:\/\/api.w.org\/{rel}","templated":true}]}}