{"id":12710,"date":"2021-10-29T04:27:16","date_gmt":"2021-10-29T04:27:16","guid":{"rendered":"https:\/\/france-gastronomie.shop\/produit\/jean-francois-protheau-chablis\/"},"modified":"2026-03-20T14:24:00","modified_gmt":"2026-03-20T13:24:00","slug":"jean-francois-protheau-chablis","status":"publish","type":"product","link":"https:\/\/france-gastronomie.shop\/cs\/produit\/jean-francois-protheau-chablis\/","title":{"rendered":"AOP Chablis <br\/> JF Protheau 2023"},"content":{"rendered":"<h5>Jean-Francois Protheau<br \/>\nAOP Chablis<\/h5>\n<h5>2020<\/h5>\n<p>Odr\u016fdy<br \/>\nChardonnay<\/p>\n<p>Zem\u011bpisn\u00e1 poloha<br \/>\nVinice Chablis se nach\u00e1zej\u00ed na severu Burgundska, nedaleko m\u011bsta Auxerre, a t\u00e1hnou se pod\u00e9l mal\u00e9 \u0159\u00ed\u010dky s osudov\u00fdm jm\u00e9nem: Serein (poklidn\u00fd).<\/p>\n<p>Vinifikace<br \/>\nTradi\u010dn\u00ed v\u00fdroba v\u00edna: p\u0159\u00edm\u00e9 lisov\u00e1n\u00ed v pneumatick\u00e9m lisu po z\u00edsk\u00e1n\u00ed hrozn\u016f, usazov\u00e1n\u00ed, skladov\u00e1n\u00ed v chladu po dobu 48 hodin.<br \/>\nKva\u0161en\u00ed v k\u00e1d\u00edch p\u0159i n\u00edzk\u00e9 teplot\u011b 16\/20\u00b0, aby se zachovala v\u016fn\u011b.<br \/>\nZr\u00e1n\u00ed na kvasni\u010dn\u00fdch kalech v k\u00e1d\u00edch po dobu 8 a\u017e 10 m\u011bs\u00edc\u016f za pravideln\u00e9ho prom\u00edch\u00e1v\u00e1n\u00ed.<\/p>\n<p>P\u016fda<br \/>\nOblast Chablis je v\u00e1pencov\u00e1 n\u00e1horn\u00ed plo\u0161ina protkan\u00e1 \u00fadol\u00edmi. Tento v\u00e1penec se naz\u00fdv\u00e1 &#8222;kimmeridsk\u00fd&#8220; a obsahuje mo\u0159sk\u00e9 fosilie v b\u011blav\u00e9m cementu (oce\u00e1nsk\u00e9 dno). Pr\u00e1v\u011b tato mo\u0159sk\u00e1 povaha dod\u00e1v\u00e1 Chablis jedine\u010dnou mineralitu.<\/p>\n<p>Smyslov\u00e9 vlastnosti<br \/>\nBarva: sv\u011btle \u017elut\u00e1, jasn\u00e1 a z\u00e1\u0159iv\u00e1.<br \/>\nV\u016fn\u011b: otev\u0159en\u00e1 v\u016fn\u011b b\u00edl\u00e9ho ovoce s p\u0159\u00edjemnou mineralitou, kter\u00e1 p\u0159in\u00e1\u0161\u00ed komplexnost.<br \/>\nChu\u0165: je dob\u0159e napjat\u00e1, pozoruhodn\u011b vyv\u00e1\u017een\u00e1 a se sv\u011b\u017e\u00edm, citronov\u00fdm z\u00e1v\u011brem.<\/p>\n<p>Doporu\u010den\u00ed<br \/>\nV\u00fdborn\u011b se hod\u00ed k hork\u00fdm \u00fast\u0159ic\u00edm, ryb\u00e1m v om\u00e1\u010dce, ale tak\u00e9 k b\u00edl\u00e9mu masu v om\u00e1\u010dce (telec\u00ed, dr\u016fbe\u017e).<br \/>\nSushi se skv\u011ble hod\u00ed k jeho miner\u00e1lnosti. Koz\u00ed s\u00fdr, s\u00fdr s modrou pl\u00edsn\u00ed a s\u00fdr Comt\u00e9.<\/p>\n<p>Teplota pod\u00e1v\u00e1n\u00ed: 10-11 \u00b0C.<\/p>\n<p>Obsah alkoholu: 12,5<br \/>\nSkladovatelnost: Vyp\u00edt do 2 let.<br \/>\nKyselost: 0<\/p>\n","protected":false},"excerpt":{"rendered":"<p>V roce 1720 za\u010dala rodina Protheau, majitel\u00e9 Ch\u00e2teau d&#8217;Etroyes, p\u011bstovat r\u00e9vu na p\u016fd\u011b v oblasti Mercurey.<br \/>\nOd t\u011bchto let se panstv\u00ed za\u010dalo roz\u0161i\u0159ovat z generace na generaci.<\/p>\n<p>Jedine\u010dn\u00fd podpis<br \/>\nNa\u0161e v\u00edna jsou vyrobena z toho nejlep\u0161\u00edho z jednotliv\u00fdch terroir na vinici, od Chablis po Beaujolais crus, p\u0159es C\u00f4te de Nuits, C\u00f4te de Beaune, C\u00f4te Ch\u00e2lonnaise a M\u00e2connais, nab\u00edzej\u00ed nejlep\u0161\u00ed vlastnosti charakteristick\u00fdch odr\u016fd vinice:<br \/>\nPinot Noir, Chardonnay a Gamay.<\/p>\n","protected":false},"featured_media":12706,"comment_status":"open","ping_status":"closed","template":"","meta":[],"product_brand":[],"product_cat":[383,394,420,424,385,386],"product_tag":[],"class_list":{"0":"post-12710","1":"product","2":"type-product","3":"status-publish","4":"has-post-thumbnail","6":"product_cat-vina","7":"product_cat-regiony","8":"product_cat-bourgogne-cs","9":"product_cat-chablis-cs","10":"product_cat-barva","11":"product_cat-bila-vina","13":"first","14":"instock","15":"taxable","16":"shipping-taxable","17":"purchasable","18":"product-type-simple"},"jetpack_sharing_enabled":true,"_links":{"self":[{"href":"https:\/\/france-gastronomie.shop\/cs\/wp-json\/wp\/v2\/product\/12710","targetHints":{"allow":["GET"]}}],"collection":[{"href":"https:\/\/france-gastronomie.shop\/cs\/wp-json\/wp\/v2\/product"}],"about":[{"href":"https:\/\/france-gastronomie.shop\/cs\/wp-json\/wp\/v2\/types\/product"}],"replies":[{"embeddable":true,"href":"https:\/\/france-gastronomie.shop\/cs\/wp-json\/wp\/v2\/comments?post=12710"}],"wp:featuredmedia":[{"embeddable":true,"href":"https:\/\/france-gastronomie.shop\/cs\/wp-json\/wp\/v2\/media\/12706"}],"wp:attachment":[{"href":"https:\/\/france-gastronomie.shop\/cs\/wp-json\/wp\/v2\/media?parent=12710"}],"wp:term":[{"taxonomy":"product_brand","embeddable":true,"href":"https:\/\/france-gastronomie.shop\/cs\/wp-json\/wp\/v2\/product_brand?post=12710"},{"taxonomy":"product_cat","embeddable":true,"href":"https:\/\/france-gastronomie.shop\/cs\/wp-json\/wp\/v2\/product_cat?post=12710"},{"taxonomy":"product_tag","embeddable":true,"href":"https:\/\/france-gastronomie.shop\/cs\/wp-json\/wp\/v2\/product_tag?post=12710"}],"curies":[{"name":"wp","href":"https:\/\/api.w.org\/{rel}","templated":true}]}}