{"id":12703,"date":"2021-10-27T07:55:51","date_gmt":"2021-10-27T07:55:51","guid":{"rendered":"https:\/\/france-gastronomie.shop\/produit\/jean-francois-protheau-saint-veran\/"},"modified":"2025-11-22T16:00:02","modified_gmt":"2025-11-22T16:00:02","slug":"jean-francois-protheau-saint-veran","status":"publish","type":"product","link":"https:\/\/france-gastronomie.shop\/cs\/produit\/jean-francois-protheau-saint-veran\/","title":{"rendered":"AOP Saint-V\u00e9ran <br\/> JF Protheau 2023"},"content":{"rendered":"<h5>Jean-Francois Protheau<br \/>\nAOP Saint-V\u00e9ran<\/h5>\n<p>Odr\u016fdy<br \/>\nChardonnay<\/p>\n<p>Zem\u011bpisn\u00e1 poloha<br \/>\nTato vinice v ji\u017en\u00edm c\u00edpu M\u00e2connais spojuje n\u011bkolik obc\u00ed na severu (Priss\u00e9 a Davay\u00e9) a na jihu (Leynes, Chasselas, Ch\u00e2nes, \u010d\u00e1st Solutr\u00e9-Pouilly a samoz\u0159ejm\u011b Saint-V\u00e9rand) Roche de Solutr\u00e9.<\/p>\n<p>Vinifikace<br \/>\nTradi\u010dn\u00ed vinifikace. Hrozny se po p\u0159\u00edjezdu do vina\u0159stv\u00ed lisuj\u00ed v pneumatick\u00fdch lisech.<br \/>\nAlkoholov\u00e9 kva\u0161en\u00ed prob\u00edh\u00e1 v k\u00e1d\u00edch z nerezov\u00e9 oceli s tepelnou regulac\u00ed.<br \/>\nV\u00edna zraj\u00ed 8 m\u011bs\u00edc\u016f na jemn\u00fdch kvasni\u010dn\u00fdch kalech v nerezov\u00fdch k\u00e1d\u00edch.<\/p>\n<p>P\u016fda<br \/>\nKamenit\u00e9 sut\u011b a j\u00edlovito-v\u00e1pencov\u00e9 p\u016fdy jursk\u00e9ho obdob\u00ed.<\/p>\n<p>Smyslov\u00e9 vlastnosti<br \/>\nBarva: \u010dir\u00e1, \u017elut\u00e1 barva.<br \/>\nV\u016fn\u011b: jemn\u00e1 v\u016fn\u011b b\u00edl\u00e9ho ovoce (broskev, hru\u0161ka), kaprad\u00ed a mandl\u00ed.<br \/>\nChu\u0165: v \u00fastech p\u0159evl\u00e1d\u00e1 miner\u00e1lnost s velkou preciznost\u00ed a sv\u011b\u017eest\u00ed. Dobr\u00e1 celkov\u00e1 vyv\u00e1\u017eenost.<\/p>\n<p>Doporu\u010den\u00ed<br \/>\nHod\u00ed se k u\u0161lechtil\u00fdm m\u011bkk\u00fd\u0161\u016fm (gamby, hum\u0159i, langusty,&#8230;), ale tak\u00e9 k va\u0159en\u00e9mu foie gras a b\u00edl\u00e9mu masu ve smetanov\u00e9 om\u00e1\u010dce (telec\u00ed, dr\u016fbe\u017e).<br \/>\nSushi se skv\u011ble hod\u00ed k jeho miner\u00e1lnosti. Ide\u00e1ln\u00ed s koz\u00edm s\u00fdrem.<\/p>\n<p>Teplota pod\u00e1v\u00e1n\u00ed: 10-12 \u00b0C.<\/p>\n<p>Obsah alkoholu: 13<br \/>\nSkladovatelnost: Vyp\u00edt do 2 let.<br \/>\nKyselost: 0<\/p>\n","protected":false},"excerpt":{"rendered":"<h5>Jean-Francois Protheau<br \/>\nAOP Saint-V\u00e9ran<\/h5>\n<p>V roce 1720 za\u010dala rodina Protheau, majitel\u00e9 Ch\u00e2teau d&#8217;Etroyes, p\u011bstovat r\u00e9vu na p\u016fd\u011b v oblasti Mercurey.<br \/>\nOd t\u011bchto let se panstv\u00ed za\u010dalo roz\u0161i\u0159ovat z generace na generaci.<\/p>\n<p>Jedine\u010dn\u00fd podpis<br \/>\nNa\u0161e v\u00edna jsou vyrobena z toho nejlep\u0161\u00edho z jednotliv\u00fdch terroir na vinici, od Chablis po Beaujolais crus, p\u0159es C\u00f4te de Nuits, C\u00f4te de Beaune, C\u00f4te Ch\u00e2lonnaise a M\u00e2connais, nab\u00edzej\u00ed nejlep\u0161\u00ed vlastnosti charakteristick\u00fdch odr\u016fd vinice:<br \/>\nRulandsk\u00e9 modr\u00e9, Chardonnay a Gamay.<\/p>\n","protected":false},"featured_media":12700,"comment_status":"open","ping_status":"closed","template":"","meta":[],"product_brand":[],"product_cat":[383,394,420,433,385,386],"product_tag":[],"class_list":{"0":"post-12703","1":"product","2":"type-product","3":"status-publish","4":"has-post-thumbnail","6":"product_cat-vina","7":"product_cat-regiony","8":"product_cat-bourgogne-cs","9":"product_cat-saint-veran-cs","10":"product_cat-barva","11":"product_cat-bila-vina","13":"first","14":"outofstock","15":"taxable","16":"shipping-taxable","17":"purchasable","18":"product-type-simple"},"jetpack_sharing_enabled":true,"_links":{"self":[{"href":"https:\/\/france-gastronomie.shop\/cs\/wp-json\/wp\/v2\/product\/12703","targetHints":{"allow":["GET"]}}],"collection":[{"href":"https:\/\/france-gastronomie.shop\/cs\/wp-json\/wp\/v2\/product"}],"about":[{"href":"https:\/\/france-gastronomie.shop\/cs\/wp-json\/wp\/v2\/types\/product"}],"replies":[{"embeddable":true,"href":"https:\/\/france-gastronomie.shop\/cs\/wp-json\/wp\/v2\/comments?post=12703"}],"wp:featuredmedia":[{"embeddable":true,"href":"https:\/\/france-gastronomie.shop\/cs\/wp-json\/wp\/v2\/media\/12700"}],"wp:attachment":[{"href":"https:\/\/france-gastronomie.shop\/cs\/wp-json\/wp\/v2\/media?parent=12703"}],"wp:term":[{"taxonomy":"product_brand","embeddable":true,"href":"https:\/\/france-gastronomie.shop\/cs\/wp-json\/wp\/v2\/product_brand?post=12703"},{"taxonomy":"product_cat","embeddable":true,"href":"https:\/\/france-gastronomie.shop\/cs\/wp-json\/wp\/v2\/product_cat?post=12703"},{"taxonomy":"product_tag","embeddable":true,"href":"https:\/\/france-gastronomie.shop\/cs\/wp-json\/wp\/v2\/product_tag?post=12703"}],"curies":[{"name":"wp","href":"https:\/\/api.w.org\/{rel}","templated":true}]}}