{"id":12697,"date":"2021-10-27T06:59:33","date_gmt":"2021-10-27T06:59:33","guid":{"rendered":"https:\/\/france-gastronomie.shop\/produit\/jean-francois-protheau-maranges-1er-cru-clos-des-rois\/"},"modified":"2025-11-22T16:01:20","modified_gmt":"2025-11-22T16:01:20","slug":"jean-francois-protheau-maranges-1er-cru-clos-des-rois","status":"publish","type":"product","link":"https:\/\/france-gastronomie.shop\/cs\/produit\/jean-francois-protheau-maranges-1er-cru-clos-des-rois\/","title":{"rendered":"Maranges 1er Cru <br\/> JF Protheau 2019"},"content":{"rendered":"<h5>Jean-Francois Protheau<br \/>\nAOP Maranges 1er Cru Clos des Rois<\/h5>\n<p>Odr\u016fdy<br \/>\nPinot Noir<\/p>\n<p>Zem\u011bpisn\u00e1 poloha<br \/>\nVinice, kter\u00e1 je spojnic\u00ed mezi C\u00f4te-d&#8217;Or a Sa\u00f4ne-et-Loire, se rozkl\u00e1d\u00e1 na \u00fazem\u00ed obc\u00ed Cheilly-l\u00e8s-Maranges, Dezize-l\u00e8s-Maranges a Sampigny-l\u00e8s-Maranges.<\/p>\n<p>Vinifikace<br \/>\nTradi\u010dn\u00ed vinifikace v k\u00e1d\u00edch z nerezov\u00e9 oceli s kontrolovanou teplotou po dobu p\u0159ibli\u017en\u011b 3 t\u00fddn\u016f: p\u0159edfermenta\u010dn\u00ed macerace za studena p\u0159i teplot\u011b kolem 8 \u00b0C.<br \/>\nPik\u00e1\u017e a p\u0159e\u010derp\u00e1v\u00e1n\u00ed pro z\u00edsk\u00e1n\u00ed barvy a struktury. Kva\u0161en\u00ed s teplotn\u00edm vrcholem kolem 30 \u00b0C. Postfermenta\u010dn\u00ed macerace p\u0159i 25 \u00b0C.<br \/>\nZr\u00e1n\u00ed v sudech po dobu 8 a\u017e 16 m\u011bs\u00edc\u016f s malolaktick\u00fdm kva\u0161en\u00edm. 40 &#8211; 50% nov\u00fdch sud\u016f.<\/p>\n<p>P\u016fda<br \/>\nP\u016fda je tvo\u0159ena sl\u00ednem s obsahem v\u00e1pence a j\u00edlu.<\/p>\n<p>Smyslov\u00e9 vlastnosti<br \/>\nBarva: syt\u011b \u010derven\u00e1 s jasn\u00fdmi odlesky.<br \/>\nV\u016fn\u011b: v buketu se objevuje \u010derven\u00e9 ovoce, jako je \u010derven\u00fd ryb\u00edz a maliny, a tak\u00e9 pe\u010den\u00e9 a lehce kou\u0159ov\u00e9 t\u00f3ny, kter\u00e9 p\u0159in\u00e1\u0161\u00ed zr\u00e1n\u00ed v sudech.<br \/>\nChu\u0165: chu\u0165 je precizn\u00ed, ovocn\u00e1, lehce miner\u00e1ln\u00ed a v z\u00e1v\u011bru jemn\u011b d\u0159evit\u00e1. T\u0159\u00edsloviny jsou p\u0159\u00edtomny, ale nejsou agresivn\u00ed. Celek n\u00e1m d\u00e1v\u00e1 v\u00edno dobr\u00e9 d\u00e9lky, lichotiv\u00e9 a velkorys\u00e9.<\/p>\n<p>Doporu\u010den\u00ed<br \/>\nIde\u00e1ln\u00ed k mas\u016fm: ro\u0161t\u011bn\u00e9, hov\u011bz\u00edmu a jehn\u011b\u010d\u00edmu, du\u0161en\u00e9mu nebo v om\u00e1\u010dce, vep\u0159ov\u00e9 pe\u010deni nebo du\u0161en\u00e9 dr\u016fbe\u017ei.<br \/>\nM\u011bkk\u00e9 nebo zraj\u00edc\u00ed s\u00fdry: Camembert, Brie, Munster, Maroilles, Epoisses, Reblochon.<\/p>\n<p>Teplota pod\u00e1v\u00e1n\u00ed: 14-15 \u00b0C.<\/p>\n<p>Obsah alkoholu: 13<br \/>\nSkladovatelnost: Vyp\u00edt do 4 let.<br \/>\nKyselost: 0<\/p>\n","protected":false},"excerpt":{"rendered":"<h5>Jean-Francois Protheau<br \/>\nAOP Maranges 1er Cru Clos des Rois<\/h5>\n<p>V roce 1720 za\u010dala rodina Protheau, majitel\u00e9 Ch\u00e2teau d&#8217;Etroyes, p\u011bstovat r\u00e9vu na p\u016fd\u011b v oblasti Mercurey.<br \/>\nOd t\u011bchto let se panstv\u00ed za\u010dalo roz\u0161i\u0159ovat z generace na generaci.<\/p>\n<p>Jedine\u010dn\u00fd podpis<br \/>\nNa\u0161e v\u00edna jsou vyrobena z toho nejlep\u0161\u00edho z jednotliv\u00fdch terroir na vinici, od Chablis po Beaujolais crus, p\u0159es C\u00f4te de Nuits, C\u00f4te de Beaune, C\u00f4te Ch\u00e2lonnaise a M\u00e2connais, nab\u00edzej\u00ed nejlep\u0161\u00ed vlastnosti charakteristick\u00fdch odr\u016fd vinice:<br \/>\nPinot Noir, Chardonnay a Gamay.<\/p>\n","protected":false},"featured_media":12694,"comment_status":"open","ping_status":"closed","template":"","meta":[],"product_brand":[],"product_cat":[383,389,420,385,388],"product_tag":[],"class_list":{"0":"post-12697","1":"product","2":"type-product","3":"status-publish","4":"has-post-thumbnail","6":"product_cat-vina","7":"product_cat-spickova-vina","8":"product_cat-bourgogne-cs","9":"product_cat-barva","10":"product_cat-cervena-vina","12":"first","13":"instock","14":"taxable","15":"shipping-taxable","16":"purchasable","17":"product-type-simple"},"jetpack_sharing_enabled":true,"_links":{"self":[{"href":"https:\/\/france-gastronomie.shop\/cs\/wp-json\/wp\/v2\/product\/12697","targetHints":{"allow":["GET"]}}],"collection":[{"href":"https:\/\/france-gastronomie.shop\/cs\/wp-json\/wp\/v2\/product"}],"about":[{"href":"https:\/\/france-gastronomie.shop\/cs\/wp-json\/wp\/v2\/types\/product"}],"replies":[{"embeddable":true,"href":"https:\/\/france-gastronomie.shop\/cs\/wp-json\/wp\/v2\/comments?post=12697"}],"wp:featuredmedia":[{"embeddable":true,"href":"https:\/\/france-gastronomie.shop\/cs\/wp-json\/wp\/v2\/media\/12694"}],"wp:attachment":[{"href":"https:\/\/france-gastronomie.shop\/cs\/wp-json\/wp\/v2\/media?parent=12697"}],"wp:term":[{"taxonomy":"product_brand","embeddable":true,"href":"https:\/\/france-gastronomie.shop\/cs\/wp-json\/wp\/v2\/product_brand?post=12697"},{"taxonomy":"product_cat","embeddable":true,"href":"https:\/\/france-gastronomie.shop\/cs\/wp-json\/wp\/v2\/product_cat?post=12697"},{"taxonomy":"product_tag","embeddable":true,"href":"https:\/\/france-gastronomie.shop\/cs\/wp-json\/wp\/v2\/product_tag?post=12697"}],"curies":[{"name":"wp","href":"https:\/\/api.w.org\/{rel}","templated":true}]}}