{"id":1255,"date":"2020-08-18T04:31:30","date_gmt":"2020-08-18T04:31:30","guid":{"rendered":"https:\/\/france-gastronomie.shop\/produit\/la-couronne-du-prince-cotes-du-rhone\/"},"modified":"2024-11-04T11:27:29","modified_gmt":"2024-11-04T11:27:29","slug":"la-couronne-du-prince-cotes-du-rhone","status":"publish","type":"product","link":"https:\/\/france-gastronomie.shop\/cs\/produit\/la-couronne-du-prince-cotes-du-rhone\/","title":{"rendered":"La Couronne <br\/> AOC C\u00f4tes du Rh\u00f4ne"},"content":{"rendered":"<h5>La Couronne du Prince<\/h5>\n<h5>AOC C\u00f4tes du Rh\u00f4ne<\/h5>\n<p>P\u016fvod poloha<br \/>\nSvahy a str\u00e1n\u011b s j\u00edlovo k\u0159emi\u010dit\u00fdm podlo\u017e\u00edm.<\/p>\n<p>Vinifikace<br \/>\nOb\u00edran\u00ed hrozn\u016f a uchov\u00e1n\u00ed 10 a\u017e 15 dn\u00ed, pak odeb\u00edran\u00ed. Teplota kva\u0161en\u00ed 28 a\u017e 30\u00b0 C.<\/p>\n<p>Zr\u00e1n\u00ed<br \/>\n12 m\u011bs\u00edc\u016f v dubov\u00fdch sudech<\/p>\n<p>Odr\u016fry<br \/>\nGrenache 55%, Syrah 40%, Mourv\u00e8dre 5%<\/p>\n<p>Chu\u0165ov\u00e9 pozn\u00e1mky od na\u0161eho enologa<br \/>\nToto v\u00edno poch\u00e1z\u00ed z m\u00edst speci\u00e1ln\u011b vybran\u00fdch pro jejich polohu, v\u011bk a jejich odr\u016fdu.<br \/>\nP\u0159edstavuje tmav\u011b purpurovou barvu s odleskem fialov\u00e9 a v\u016fni velmi expresivn\u00ed<br \/>\na komplexn\u00ed ostru\u017ein s n\u00e1dechem podlo\u017e\u00ed. Je jemn\u00e9 a prozrazuje chu\u0165 \u010derven\u00e9ho<br \/>\novoce s ko\u0159en\u011bn\u00fdm zakon\u010den\u00edm.<\/p>\n<p>D\u00e1no do lahv\u00ed<br \/>\nVe vina\u0159stv\u00ed<\/p>\n<p>Doporu\u010den\u00ed<br \/>\nM\u016f\u017ee se j\u00edst se v\u0161emi pokrmy st\u0159edomo\u0159sk\u00e9 kuchyn\u011b dokonce pikantn\u00edmi, vhodn\u00e9 k om\u00e1\u010dk\u00e1m a zv\u011b\u0159in\u011b.<\/p>\n<p>Ocen\u011bn\u00ed<br \/>\n2012: ** Guide Hachette 2015<br \/>\nZlat\u00e1 Medajle Orange 2014<br \/>\nM\u00e9daille Argent Concours G\u00e9n\u00e9ral Agricole 2014<br \/>\n2011: Zlat\u00e1 Medajle Gilbert &amp; Gaillard 2014 : 84\/100<br \/>\nSt\u0159\u00edbrn\u00e1 Medajle Tulette 2013<br \/>\n2010: St\u0159\u00edbrn\u00e1 Medajle Concours g\u00e9n\u00e9ral agricole 2012<br \/>\nM\u00e9daille Argent F\u00e9minalise 2012<br \/>\nM\u00e9daille Argent M\u00e2con 2012<br \/>\nM\u00e9daille Argent Orange 2012<br \/>\nM\u00e9daille de Bronze F\u00e9minalise 2011<\/p>\n","protected":false},"excerpt":{"rendered":"<h5>AOC C\u00f4tes du Rh\u00f4ne<\/h5>\n<p>V roce 1925 se spojila skupina vina\u0159\u016f p\u0159esv\u011bd\u010den\u00fdch o hodnot\u00e1ch solidarity a vz\u00e1jemn\u00e9 pomoci. O jeden\u00e1ct let pozd\u011bji se tito vizion\u00e1\u0159\u0161t\u00ed vina\u0159i pod\u00edleli na vytvo\u0159en\u00ed prvn\u00ed apelace ve Francii: CH\u00c2TEAUNEUF-DU-PAPE.<br \/>\n189 vina\u0159\u016f z CELLIER DES PRINCES, kte\u0159\u00ed byli na po\u010d\u00e1tku sjednoceni, je hrd\u00fdch na to, \u017ee mohou sv\u00e1 v\u00edna prod\u00e1vat na v\u0161ech p\u011bti kontinentech a p\u0159ed\u00e1vat sv\u00e9 hodnoty, jako je pohostinnost a dokonalost.<\/p>\n<p>Odr\u016fry<br \/>\nGrenache 55%, Syrah 40%, Mourv\u00e8dre 5%<\/p>\n","protected":false},"featured_media":25139,"comment_status":"closed","ping_status":"closed","template":"","meta":[],"product_brand":[],"product_cat":[383,394,435,438,385,388],"product_tag":[],"class_list":{"0":"post-1255","1":"product","2":"type-product","3":"status-publish","4":"has-post-thumbnail","6":"product_cat-vina","7":"product_cat-regiony","8":"product_cat-vallee-du-rhone-cs","9":"product_cat-cotes-du-rhone-cs","10":"product_cat-barva","11":"product_cat-cervena-vina","13":"first","14":"instock","15":"taxable","16":"shipping-taxable","17":"purchasable","18":"product-type-simple"},"jetpack_sharing_enabled":true,"_links":{"self":[{"href":"https:\/\/france-gastronomie.shop\/cs\/wp-json\/wp\/v2\/product\/1255","targetHints":{"allow":["GET"]}}],"collection":[{"href":"https:\/\/france-gastronomie.shop\/cs\/wp-json\/wp\/v2\/product"}],"about":[{"href":"https:\/\/france-gastronomie.shop\/cs\/wp-json\/wp\/v2\/types\/product"}],"replies":[{"embeddable":true,"href":"https:\/\/france-gastronomie.shop\/cs\/wp-json\/wp\/v2\/comments?post=1255"}],"wp:featuredmedia":[{"embeddable":true,"href":"https:\/\/france-gastronomie.shop\/cs\/wp-json\/wp\/v2\/media\/25139"}],"wp:attachment":[{"href":"https:\/\/france-gastronomie.shop\/cs\/wp-json\/wp\/v2\/media?parent=1255"}],"wp:term":[{"taxonomy":"product_brand","embeddable":true,"href":"https:\/\/france-gastronomie.shop\/cs\/wp-json\/wp\/v2\/product_brand?post=1255"},{"taxonomy":"product_cat","embeddable":true,"href":"https:\/\/france-gastronomie.shop\/cs\/wp-json\/wp\/v2\/product_cat?post=1255"},{"taxonomy":"product_tag","embeddable":true,"href":"https:\/\/france-gastronomie.shop\/cs\/wp-json\/wp\/v2\/product_tag?post=1255"}],"curies":[{"name":"wp","href":"https:\/\/api.w.org\/{rel}","templated":true}]}}