{"id":1229,"date":"2020-08-05T08:13:10","date_gmt":"2020-08-05T08:13:10","guid":{"rendered":"https:\/\/france-gastronomie.shop\/produit\/le-sceau-du-prince-cotes-du-rhone-8\/"},"modified":"2025-12-04T14:22:38","modified_gmt":"2025-12-04T14:22:38","slug":"le-sceau-du-prince-cotes-du-rhone-8","status":"publish","type":"product","link":"https:\/\/france-gastronomie.shop\/cs\/produit\/le-sceau-du-prince-cotes-du-rhone-8\/","title":{"rendered":"Le Sceau du Prince <br\/> AOC C\u00f4tes du Rh\u00f4ne"},"content":{"rendered":"<h5>Le Sceau du Prince<\/h5>\n<h5>AOC C\u00f4tes du Rh\u00f4ne<\/h5>\n<p>P\u016eVOD<br \/>\nJ\u00edlovo v\u00e1penit\u00e9 podlo\u017e\u00ed<\/p>\n<p>VINIFIKACE<br \/>\nPo obr\u00e1n\u00ed jsou hrozny nalo\u017een\u00e9 6 a\u017e 8 dn\u00ed, pak jsou p\u0159e\u010derp\u00e1ny.<br \/>\nTeplota kva\u0161en\u00ed 28 a\u017e 30\u00b0 C<\/p>\n<p>ZR\u00c1N\u00cd<br \/>\n6 m\u011bs\u00edc\u016f v n\u00e1dr\u017ei<\/p>\n<p>ODR\u016eDY<br \/>\nGrenache 80%, Syrah 15%, Mourv\u00e8dre 5%<\/p>\n<p>DEGUSTACE<br \/>\nToto v\u00edno je typick\u00e9 pro C\u00f4tes du Rh\u00f4ne, m\u00e1 kr\u00e1snou gran\u00e1tovou barvu s odrazem \u010derven\u00e9. Intenzivn\u00ed v\u016fn\u011b evokuje \u010derven\u00e9 ovoce, ko\u0159en\u00ed a n\u00edzk\u00e9 k\u0159oviny. Chu\u0165 je dob\u0159e vyv\u00e1\u017een\u00e1 s p\u0159\u00edjemn\u00fdm n\u00e1stupem, m\u00e1 hodn\u011b kulatosti a objemu. Najdeme tam n\u00e1dech \u010derven\u00e9ho ovoce s ko\u0159en\u011bn\u00fdm zakon\u010den\u00edm.<\/p>\n<p>RADY K DEGUSTACI<br \/>\nUchov\u00e1vat 2 &#8211; 3 roky. Teplota 14\u00b0-16\u00b0C<\/p>\n<p>DOPORU\u010cEN\u00cd<br \/>\nToto v\u00edno ocen\u00edte dnes se v\u0161emi j\u00eddly st\u0159edomo\u0159sk\u00e9 kuchyn\u011b nebo s om\u00e1\u010dkami, je vhodn\u00e9 i k s\u00fdr\u016fm.<\/p>\n","protected":false},"excerpt":{"rendered":"<h5>AOC C\u00f4tes du Rh\u00f4ne<\/h5>\n<p>V roce 1925 se spojila skupina vina\u0159\u016f p\u0159esv\u011bd\u010den\u00fdch o hodnot\u00e1ch solidarity a vz\u00e1jemn\u00e9 pomoci. O jeden\u00e1ct let pozd\u011bji se tito vizion\u00e1\u0159\u0161t\u00ed vina\u0159i pod\u00edleli na vytvo\u0159en\u00ed prvn\u00ed apelace ve Francii: CH\u00c2TEAUNEUF-DU-PAPE.<br \/>\n189 vina\u0159\u016f z CELLIER DES PRINCES, kte\u0159\u00ed byli na po\u010d\u00e1tku sjednoceni, je hrd\u00fdch na to, \u017ee mohou sv\u00e1 v\u00edna prod\u00e1vat na v\u0161ech p\u011bti kontinentech a p\u0159ed\u00e1vat sv\u00e9 hodnoty, jako je pohostinnost a dokonalost.<\/p>\n<p>ODR\u016eDY<br \/>\nGrenache 80%, Syrah 15%, Mourv\u00e8dre 5%<\/p>\n","protected":false},"featured_media":21209,"comment_status":"closed","ping_status":"closed","template":"","meta":[],"product_brand":[],"product_cat":[383,394,435,438,385,388],"product_tag":[],"class_list":{"0":"post-1229","1":"product","2":"type-product","3":"status-publish","4":"has-post-thumbnail","6":"product_cat-vina","7":"product_cat-regiony","8":"product_cat-vallee-du-rhone-cs","9":"product_cat-cotes-du-rhone-cs","10":"product_cat-barva","11":"product_cat-cervena-vina","13":"first","14":"instock","15":"taxable","16":"shipping-taxable","17":"purchasable","18":"product-type-simple"},"jetpack_sharing_enabled":true,"_links":{"self":[{"href":"https:\/\/france-gastronomie.shop\/cs\/wp-json\/wp\/v2\/product\/1229","targetHints":{"allow":["GET"]}}],"collection":[{"href":"https:\/\/france-gastronomie.shop\/cs\/wp-json\/wp\/v2\/product"}],"about":[{"href":"https:\/\/france-gastronomie.shop\/cs\/wp-json\/wp\/v2\/types\/product"}],"replies":[{"embeddable":true,"href":"https:\/\/france-gastronomie.shop\/cs\/wp-json\/wp\/v2\/comments?post=1229"}],"wp:featuredmedia":[{"embeddable":true,"href":"https:\/\/france-gastronomie.shop\/cs\/wp-json\/wp\/v2\/media\/21209"}],"wp:attachment":[{"href":"https:\/\/france-gastronomie.shop\/cs\/wp-json\/wp\/v2\/media?parent=1229"}],"wp:term":[{"taxonomy":"product_brand","embeddable":true,"href":"https:\/\/france-gastronomie.shop\/cs\/wp-json\/wp\/v2\/product_brand?post=1229"},{"taxonomy":"product_cat","embeddable":true,"href":"https:\/\/france-gastronomie.shop\/cs\/wp-json\/wp\/v2\/product_cat?post=1229"},{"taxonomy":"product_tag","embeddable":true,"href":"https:\/\/france-gastronomie.shop\/cs\/wp-json\/wp\/v2\/product_tag?post=1229"}],"curies":[{"name":"wp","href":"https:\/\/api.w.org\/{rel}","templated":true}]}}